{"id":5188,"date":"2024-11-26T12:22:37","date_gmt":"2024-11-26T11:22:37","guid":{"rendered":"https:\/\/uhfp.centre-inffo.fr\/2025\/?page_id=5188"},"modified":"2025-01-16T14:42:09","modified_gmt":"2025-01-16T13:42:09","slug":"uiltiser-lia-pour-systematiser-les-innovations-en-ingenierie-pedagogique","status":"publish","type":"page","link":"https:\/\/uhfp.centre-inffo.fr\/2025\/uiltiser-lia-pour-systematiser-les-innovations-en-ingenierie-pedagogique\/","title":{"rendered":"Utiliser l&rsquo;IA pour syst\u00e9matiser les innovations en ing\u00e9nierie p\u00e9dagogique\u00a0"},"content":{"rendered":"\n<hr class=\"wp-block-separator has-alpha-channel-opacity\"\/>\n\n\n\n<p>Face \u00e0 l&rsquo;acc\u00e9l\u00e9ration des cycles de transformation des comp\u00e9tences, les mod\u00e8les traditionnels de formation peinent \u00e0 r\u00e9pondre aux enjeux actuels. L\u2019ing\u00e9nierie p\u00e9dagogique en tant que discipline doit se r\u00e9inventer pour int\u00e9grer des approches plus agiles et adapt\u00e9es aux comportements et comp\u00e9tences non techniques, qui fa\u00e7onnent d\u00e9sormais la performance.&nbsp;<\/p>\n\n\n\n<p>Anim\u00e9 par J\u00e9r\u00e9my Lamri, chercheur et entrepreneur sp\u00e9cialis\u00e9 sur les comp\u00e9tences, cet atelier propose de faire un \u00e9tat des lieux des perc\u00e9es scientifiques r\u00e9centes en la mati\u00e8re, et de d\u00e9couvrir comment l&rsquo;IA, et plus particuli\u00e8rement le futur outil ATHENA, peut devenir un catalyseur de cette transformation. En d\u00e9composant les comp\u00e9tences en sous-facteurs sp\u00e9cifiques et en les reliant \u00e0 des m\u00e9thodes p\u00e9dagogiques avanc\u00e9es, ATHENA permet de construire des parcours innovants, personnalis\u00e9s et ancr\u00e9s dans les r\u00e9alit\u00e9s de terrain.\u00a0<\/p>\n\n\n\n<h2 class=\"wp-block-heading\">Objectif<\/h2>\n\n\n\n<p>Vous montrer comment passer d\u2019une logique de r\u00e9action \u00e0 une dynamique proactive, o\u00f9 chaque apprentissage devient une r\u00e9ponse strat\u00e9gique, syst\u00e9matique et profond\u00e9ment humainement ancr\u00e9e.<\/p>\n\n\n\n<h2 class=\"wp-block-heading\">Intervention<\/h2>\n\n\n\n<ul>\n<li><a href=\"https:\/\/uhfp.centre-inffo.fr\/2025\/jeremy-lamri\/\">Jeremy Lamri<\/a><br><em>CEO &#8211; Tomorrow Theory<\/em><\/li>\n<\/ul>\n","protected":false},"excerpt":{"rendered":"<p>Face \u00e0 l&rsquo;acc\u00e9l\u00e9ration des cycles de transformation des comp\u00e9tences, les mod\u00e8les traditionnels de formation peinent \u00e0 r\u00e9pondre aux enjeux actuels. L\u2019ing\u00e9nierie p\u00e9dagogique en tant que discipline doit se r\u00e9inventer pour int\u00e9grer des approches plus agiles et adapt\u00e9es aux comportements et comp\u00e9tences non techniques, qui fa\u00e7onnent d\u00e9sormais la performance.&nbsp; Anim\u00e9 par J\u00e9r\u00e9my Lamri, chercheur et entrepreneur &#8230; <a title=\"Utiliser l&rsquo;IA pour syst\u00e9matiser les innovations en ing\u00e9nierie p\u00e9dagogique\u00a0\" class=\"read-more\" href=\"https:\/\/uhfp.centre-inffo.fr\/2025\/uiltiser-lia-pour-systematiser-les-innovations-en-ingenierie-pedagogique\/\" aria-label=\"Read more about Utiliser l&rsquo;IA pour syst\u00e9matiser les innovations en ing\u00e9nierie p\u00e9dagogique\u00a0\">Lire la suite<\/a><\/p>\n","protected":false},"author":2,"featured_media":0,"parent":0,"menu_order":0,"comment_status":"closed","ping_status":"closed","template":"","meta":{"_acf_changed":false,"footnotes":""},"categories":[6,13],"tags":[29],"acf":[],"yoast_head":"<!-- This site is optimized with the Yoast SEO plugin v22.4 - https:\/\/yoast.com\/wordpress\/plugins\/seo\/ -->\n<title>Utiliser l&#039;IA pour syst\u00e9matiser les innovations en ing\u00e9nierie p\u00e9dagogique\u00a0 - 19e Universit\u00e9 d&#039;Hiver de la Formation Professionnelle<\/title>\n<meta name=\"robots\" content=\"index, follow, max-snippet:-1, max-image-preview:large, max-video-preview:-1\" \/>\n<link rel=\"canonical\" href=\"https:\/\/uhfp.centre-inffo.fr\/2025\/uiltiser-lia-pour-systematiser-les-innovations-en-ingenierie-pedagogique\/\" \/>\n<meta property=\"og:locale\" content=\"fr_FR\" \/>\n<meta property=\"og:type\" content=\"article\" \/>\n<meta property=\"og:title\" content=\"Utiliser l&#039;IA pour syst\u00e9matiser les innovations en ing\u00e9nierie p\u00e9dagogique\u00a0 - 19e Universit\u00e9 d&#039;Hiver de la Formation Professionnelle\" \/>\n<meta property=\"og:description\" content=\"Face \u00e0 l&rsquo;acc\u00e9l\u00e9ration des cycles de transformation des comp\u00e9tences, les mod\u00e8les traditionnels de formation peinent \u00e0 r\u00e9pondre aux enjeux actuels. L\u2019ing\u00e9nierie p\u00e9dagogique en tant que discipline doit se r\u00e9inventer pour int\u00e9grer des approches plus agiles et adapt\u00e9es aux comportements et comp\u00e9tences non techniques, qui fa\u00e7onnent d\u00e9sormais la performance.&nbsp; Anim\u00e9 par J\u00e9r\u00e9my Lamri, chercheur et entrepreneur ... Lire la suite\" \/>\n<meta property=\"og:url\" content=\"https:\/\/uhfp.centre-inffo.fr\/2025\/uiltiser-lia-pour-systematiser-les-innovations-en-ingenierie-pedagogique\/\" \/>\n<meta property=\"og:site_name\" content=\"19e Universit\u00e9 d&#039;Hiver de la Formation Professionnelle\" \/>\n<meta property=\"article:publisher\" content=\"https:\/\/www.facebook.com\/centreinffo\" \/>\n<meta property=\"article:modified_time\" content=\"2025-01-16T13:42:09+00:00\" \/>\n<meta name=\"twitter:card\" content=\"summary_large_image\" \/>\n<meta name=\"twitter:site\" content=\"@centreinffo\" \/>\n<meta name=\"twitter:label1\" content=\"Dur\u00e9e de lecture estim\u00e9e\" \/>\n\t<meta name=\"twitter:data1\" content=\"1 minute\" \/>\n<script type=\"application\/ld+json\" class=\"yoast-schema-graph\">{\"@context\":\"https:\/\/schema.org\",\"@graph\":[{\"@type\":\"WebPage\",\"@id\":\"https:\/\/uhfp.centre-inffo.fr\/2025\/uiltiser-lia-pour-systematiser-les-innovations-en-ingenierie-pedagogique\/\",\"url\":\"https:\/\/uhfp.centre-inffo.fr\/2025\/uiltiser-lia-pour-systematiser-les-innovations-en-ingenierie-pedagogique\/\",\"name\":\"Utiliser l'IA pour syst\u00e9matiser les innovations en ing\u00e9nierie p\u00e9dagogique\u00a0 - 19e Universit\u00e9 d&#039;Hiver de la Formation Professionnelle\",\"isPartOf\":{\"@id\":\"https:\/\/uhfp.centre-inffo.fr\/2025\/#website\"},\"datePublished\":\"2024-11-26T11:22:37+00:00\",\"dateModified\":\"2025-01-16T13:42:09+00:00\",\"breadcrumb\":{\"@id\":\"https:\/\/uhfp.centre-inffo.fr\/2025\/uiltiser-lia-pour-systematiser-les-innovations-en-ingenierie-pedagogique\/#breadcrumb\"},\"inLanguage\":\"fr-FR\",\"potentialAction\":[{\"@type\":\"ReadAction\",\"target\":[\"https:\/\/uhfp.centre-inffo.fr\/2025\/uiltiser-lia-pour-systematiser-les-innovations-en-ingenierie-pedagogique\/\"]}]},{\"@type\":\"BreadcrumbList\",\"@id\":\"https:\/\/uhfp.centre-inffo.fr\/2025\/uiltiser-lia-pour-systematiser-les-innovations-en-ingenierie-pedagogique\/#breadcrumb\",\"itemListElement\":[{\"@type\":\"ListItem\",\"position\":1,\"name\":\"Accueil\",\"item\":\"https:\/\/uhfp.centre-inffo.fr\/2025\/\"},{\"@type\":\"ListItem\",\"position\":2,\"name\":\"Programme\",\"item\":\"https:\/\/uhfp.centre-inffo.fr\/2025\/rubrique\/programme\/\"},{\"@type\":\"ListItem\",\"position\":3,\"name\":\"Vendredi 24 janvier\",\"item\":\"https:\/\/uhfp.centre-inffo.fr\/2025\/rubrique\/programme\/vendredi-24-janvier\/\"},{\"@type\":\"ListItem\",\"position\":4,\"name\":\"Utiliser l&rsquo;IA pour syst\u00e9matiser les innovations en ing\u00e9nierie p\u00e9dagogique\u00a0\"}]},{\"@type\":\"WebSite\",\"@id\":\"https:\/\/uhfp.centre-inffo.fr\/2025\/#website\",\"url\":\"https:\/\/uhfp.centre-inffo.fr\/2025\/\",\"name\":\"19e Universit\u00e9 d'Hiver de la Formation Professionnelle\",\"description\":\"Du 22 au 24 janvier 2025, au Palais des Festivals de Cannes\",\"publisher\":{\"@id\":\"https:\/\/uhfp.centre-inffo.fr\/2025\/#organization\"},\"alternateName\":\"19e UHFP\",\"potentialAction\":[{\"@type\":\"SearchAction\",\"target\":{\"@type\":\"EntryPoint\",\"urlTemplate\":\"https:\/\/uhfp.centre-inffo.fr\/2025\/?s={search_term_string}\"},\"query-input\":\"required name=search_term_string\"}],\"inLanguage\":\"fr-FR\"},{\"@type\":\"Organization\",\"@id\":\"https:\/\/uhfp.centre-inffo.fr\/2025\/#organization\",\"name\":\"Centre Inffo\",\"url\":\"https:\/\/uhfp.centre-inffo.fr\/2025\/\",\"logo\":{\"@type\":\"ImageObject\",\"inLanguage\":\"fr-FR\",\"@id\":\"https:\/\/uhfp.centre-inffo.fr\/2025\/#\/schema\/logo\/image\/\",\"url\":\"https:\/\/uhfp.centre-inffo.fr\/2025\/wp-content\/uploads\/2024\/02\/logo-19e-uhfp.png\",\"contentUrl\":\"https:\/\/uhfp.centre-inffo.fr\/2025\/wp-content\/uploads\/2024\/02\/logo-19e-uhfp.png\",\"width\":842,\"height\":595,\"caption\":\"Centre Inffo\"},\"image\":{\"@id\":\"https:\/\/uhfp.centre-inffo.fr\/2025\/#\/schema\/logo\/image\/\"},\"sameAs\":[\"https:\/\/www.facebook.com\/centreinffo\",\"https:\/\/twitter.com\/centreinffo\",\"https:\/\/www.linkedin.com\/company\/centre-inffo\/\",\"https:\/\/www.youtube.com\/user\/centreinffo\"]}]}<\/script>\n<!-- \/ Yoast SEO plugin. -->","yoast_head_json":{"title":"Utiliser l'IA pour syst\u00e9matiser les innovations en ing\u00e9nierie p\u00e9dagogique\u00a0 - 19e Universit\u00e9 d&#039;Hiver de la Formation Professionnelle","robots":{"index":"index","follow":"follow","max-snippet":"max-snippet:-1","max-image-preview":"max-image-preview:large","max-video-preview":"max-video-preview:-1"},"canonical":"https:\/\/uhfp.centre-inffo.fr\/2025\/uiltiser-lia-pour-systematiser-les-innovations-en-ingenierie-pedagogique\/","og_locale":"fr_FR","og_type":"article","og_title":"Utiliser l'IA pour syst\u00e9matiser les innovations en ing\u00e9nierie p\u00e9dagogique\u00a0 - 19e Universit\u00e9 d&#039;Hiver de la Formation Professionnelle","og_description":"Face \u00e0 l&rsquo;acc\u00e9l\u00e9ration des cycles de transformation des comp\u00e9tences, les mod\u00e8les traditionnels de formation peinent \u00e0 r\u00e9pondre aux enjeux actuels. L\u2019ing\u00e9nierie p\u00e9dagogique en tant que discipline doit se r\u00e9inventer pour int\u00e9grer des approches plus agiles et adapt\u00e9es aux comportements et comp\u00e9tences non techniques, qui fa\u00e7onnent d\u00e9sormais la performance.&nbsp; Anim\u00e9 par J\u00e9r\u00e9my Lamri, chercheur et entrepreneur ... Lire la suite","og_url":"https:\/\/uhfp.centre-inffo.fr\/2025\/uiltiser-lia-pour-systematiser-les-innovations-en-ingenierie-pedagogique\/","og_site_name":"19e Universit\u00e9 d&#039;Hiver de la Formation Professionnelle","article_publisher":"https:\/\/www.facebook.com\/centreinffo","article_modified_time":"2025-01-16T13:42:09+00:00","twitter_card":"summary_large_image","twitter_site":"@centreinffo","twitter_misc":{"Dur\u00e9e de lecture estim\u00e9e":"1 minute"},"schema":{"@context":"https:\/\/schema.org","@graph":[{"@type":"WebPage","@id":"https:\/\/uhfp.centre-inffo.fr\/2025\/uiltiser-lia-pour-systematiser-les-innovations-en-ingenierie-pedagogique\/","url":"https:\/\/uhfp.centre-inffo.fr\/2025\/uiltiser-lia-pour-systematiser-les-innovations-en-ingenierie-pedagogique\/","name":"Utiliser l'IA pour syst\u00e9matiser les innovations en ing\u00e9nierie p\u00e9dagogique\u00a0 - 19e Universit\u00e9 d&#039;Hiver de la Formation Professionnelle","isPartOf":{"@id":"https:\/\/uhfp.centre-inffo.fr\/2025\/#website"},"datePublished":"2024-11-26T11:22:37+00:00","dateModified":"2025-01-16T13:42:09+00:00","breadcrumb":{"@id":"https:\/\/uhfp.centre-inffo.fr\/2025\/uiltiser-lia-pour-systematiser-les-innovations-en-ingenierie-pedagogique\/#breadcrumb"},"inLanguage":"fr-FR","potentialAction":[{"@type":"ReadAction","target":["https:\/\/uhfp.centre-inffo.fr\/2025\/uiltiser-lia-pour-systematiser-les-innovations-en-ingenierie-pedagogique\/"]}]},{"@type":"BreadcrumbList","@id":"https:\/\/uhfp.centre-inffo.fr\/2025\/uiltiser-lia-pour-systematiser-les-innovations-en-ingenierie-pedagogique\/#breadcrumb","itemListElement":[{"@type":"ListItem","position":1,"name":"Accueil","item":"https:\/\/uhfp.centre-inffo.fr\/2025\/"},{"@type":"ListItem","position":2,"name":"Programme","item":"https:\/\/uhfp.centre-inffo.fr\/2025\/rubrique\/programme\/"},{"@type":"ListItem","position":3,"name":"Vendredi 24 janvier","item":"https:\/\/uhfp.centre-inffo.fr\/2025\/rubrique\/programme\/vendredi-24-janvier\/"},{"@type":"ListItem","position":4,"name":"Utiliser l&rsquo;IA pour syst\u00e9matiser les innovations en ing\u00e9nierie p\u00e9dagogique\u00a0"}]},{"@type":"WebSite","@id":"https:\/\/uhfp.centre-inffo.fr\/2025\/#website","url":"https:\/\/uhfp.centre-inffo.fr\/2025\/","name":"19e Universit\u00e9 d'Hiver de la Formation Professionnelle","description":"Du 22 au 24 janvier 2025, au Palais des Festivals de Cannes","publisher":{"@id":"https:\/\/uhfp.centre-inffo.fr\/2025\/#organization"},"alternateName":"19e UHFP","potentialAction":[{"@type":"SearchAction","target":{"@type":"EntryPoint","urlTemplate":"https:\/\/uhfp.centre-inffo.fr\/2025\/?s={search_term_string}"},"query-input":"required name=search_term_string"}],"inLanguage":"fr-FR"},{"@type":"Organization","@id":"https:\/\/uhfp.centre-inffo.fr\/2025\/#organization","name":"Centre Inffo","url":"https:\/\/uhfp.centre-inffo.fr\/2025\/","logo":{"@type":"ImageObject","inLanguage":"fr-FR","@id":"https:\/\/uhfp.centre-inffo.fr\/2025\/#\/schema\/logo\/image\/","url":"https:\/\/uhfp.centre-inffo.fr\/2025\/wp-content\/uploads\/2024\/02\/logo-19e-uhfp.png","contentUrl":"https:\/\/uhfp.centre-inffo.fr\/2025\/wp-content\/uploads\/2024\/02\/logo-19e-uhfp.png","width":842,"height":595,"caption":"Centre Inffo"},"image":{"@id":"https:\/\/uhfp.centre-inffo.fr\/2025\/#\/schema\/logo\/image\/"},"sameAs":["https:\/\/www.facebook.com\/centreinffo","https:\/\/twitter.com\/centreinffo","https:\/\/www.linkedin.com\/company\/centre-inffo\/","https:\/\/www.youtube.com\/user\/centreinffo"]}]}},"_links":{"self":[{"href":"https:\/\/uhfp.centre-inffo.fr\/2025\/wp-json\/wp\/v2\/pages\/5188"}],"collection":[{"href":"https:\/\/uhfp.centre-inffo.fr\/2025\/wp-json\/wp\/v2\/pages"}],"about":[{"href":"https:\/\/uhfp.centre-inffo.fr\/2025\/wp-json\/wp\/v2\/types\/page"}],"author":[{"embeddable":true,"href":"https:\/\/uhfp.centre-inffo.fr\/2025\/wp-json\/wp\/v2\/users\/2"}],"replies":[{"embeddable":true,"href":"https:\/\/uhfp.centre-inffo.fr\/2025\/wp-json\/wp\/v2\/comments?post=5188"}],"version-history":[{"count":5,"href":"https:\/\/uhfp.centre-inffo.fr\/2025\/wp-json\/wp\/v2\/pages\/5188\/revisions"}],"predecessor-version":[{"id":8151,"href":"https:\/\/uhfp.centre-inffo.fr\/2025\/wp-json\/wp\/v2\/pages\/5188\/revisions\/8151"}],"wp:attachment":[{"href":"https:\/\/uhfp.centre-inffo.fr\/2025\/wp-json\/wp\/v2\/media?parent=5188"}],"wp:term":[{"taxonomy":"category","embeddable":true,"href":"https:\/\/uhfp.centre-inffo.fr\/2025\/wp-json\/wp\/v2\/categories?post=5188"},{"taxonomy":"post_tag","embeddable":true,"href":"https:\/\/uhfp.centre-inffo.fr\/2025\/wp-json\/wp\/v2\/tags?post=5188"}],"curies":[{"name":"wp","href":"https:\/\/api.w.org\/{rel}","templated":true}]}}