{"id":5623,"date":"2023-01-18T09:00:00","date_gmt":"2023-01-18T08:00:00","guid":{"rendered":"https:\/\/uhfp.centre-inffo.fr\/2025\/?page_id=5623"},"modified":"2025-01-20T13:02:41","modified_gmt":"2025-01-20T12:02:41","slug":"gerald-maury","status":"publish","type":"page","link":"https:\/\/uhfp.centre-inffo.fr\/2025\/gerald-maury\/","title":{"rendered":"G\u00e9rald Maury"},"content":{"rendered":"\n<hr class=\"wp-block-separator has-alpha-channel-opacity\"\/>\n\n\n\n<p>Psychologue du Travail et des Organisations &#8211; Directeur du CIBC 33 &#8211; Directeur de projet du service Mon CEP (conseil en \u00e9volution professionnelle) par Avenir Actifs en Nouvelle-Aquitaine.<\/p>\n\n\n\n<p>Apr\u00e8s des ann\u00e9es en qualit\u00e9 de praticien sur le champ de l&rsquo;accompagnement (Bilan de comp\u00e9tences, conseil en VAE, R&amp;D, ing\u00e9nierie et animation de formation), ses missions de Direction depuis 2007 le conduisent \u00e0 op\u00e9rationnaliser la strat\u00e9gie de positionnement et d\u2019action du CIBC 33 sur les champs du conseil en \u00e9volution professionnelle, de l\u2019orientation tout au long de la vie et de la validation des acquis de l&rsquo;exp\u00e9rience : aide \u00e0 la d\u00e9cision strat\u00e9gique, management strat\u00e9gique, gestion &amp; supervision financi\u00e8re, coordination de la vie associative, relation partenariale institutionnelle et paritaire, ing\u00e9nierie et d\u00e9veloppement de dispositifs d&rsquo;accompagnement, animation de formation \/ supervision \/ audit Qualit\u00e9.<br>Il intervient par ailleurs depuis 2003 au CNAM et \u00e0 l&rsquo;Universit\u00e9 de Bordeaux (M2 Psychologie du travail, Responsable formation, RH) sur les pratiques d&rsquo;accompagnement.<\/p>\n\n\n\n<p>Membre du CREFOP Nouvelle-Aquitaine, il s&rsquo;investit au sein de la F\u00e9d\u00e9ration nationale des CIBC (membre du CA), du GARF Nouvelle-Aquitaine (membre du Bureau), de l&rsquo;association Transfer (Vice-pr\u00e9sident) et Lab Green Guidance (membre du CA).<br>Ses sujets de pr\u00e9dilection : politique publique emploi formation \/ transition environnementale dans les pratiques d&rsquo;accompagnement \/ vuln\u00e9rabilit\u00e9 (cancer) &amp; comp\u00e9tences &#8211; travail \/ m\u00e9diation \u00e0 l&#8217;emploi \/ approche exp\u00e9rientielle<\/p>\n\n\n\n<h2 class=\"wp-block-heading\">Intervention<\/h2>\n\n\n\n<ul>\n<li><strong><em>B25.1C<\/em><\/strong><br><a href=\"https:\/\/uhfp.centre-inffo.fr\/2025\/former-des-apprentis-citoyens\/\">Mon CEP : diversit\u00e9 des missions pour des enjeux complexes de transformation du travail<\/a><\/li>\n<\/ul>\n","protected":false},"excerpt":{"rendered":"<p>Psychologue du Travail et des Organisations &#8211; Directeur du CIBC 33 &#8211; Directeur de projet du service Mon CEP (conseil en \u00e9volution professionnelle) par Avenir Actifs en Nouvelle-Aquitaine. Apr\u00e8s des ann\u00e9es en qualit\u00e9 de praticien sur le champ de l&rsquo;accompagnement (Bilan de comp\u00e9tences, conseil en VAE, R&amp;D, ing\u00e9nierie et animation de formation), ses missions de &#8230; <a title=\"G\u00e9rald Maury\" class=\"read-more\" href=\"https:\/\/uhfp.centre-inffo.fr\/2025\/gerald-maury\/\" aria-label=\"Read more about G\u00e9rald Maury\">Lire la suite<\/a><\/p>\n","protected":false},"author":2,"featured_media":5629,"parent":0,"menu_order":0,"comment_status":"closed","ping_status":"closed","template":"","meta":{"_acf_changed":false,"footnotes":""},"categories":[9],"tags":[],"acf":[],"yoast_head":"<!-- This site is optimized with the Yoast SEO plugin v22.4 - https:\/\/yoast.com\/wordpress\/plugins\/seo\/ -->\n<title>G\u00e9rald Maury - 19e Universit\u00e9 d&#039;Hiver de la Formation Professionnelle<\/title>\n<meta name=\"robots\" content=\"index, follow, max-snippet:-1, max-image-preview:large, max-video-preview:-1\" \/>\n<link rel=\"canonical\" href=\"https:\/\/uhfp.centre-inffo.fr\/2025\/gerald-maury\/\" \/>\n<meta property=\"og:locale\" content=\"fr_FR\" \/>\n<meta property=\"og:type\" content=\"article\" \/>\n<meta property=\"og:title\" content=\"G\u00e9rald Maury - 19e Universit\u00e9 d&#039;Hiver de la Formation Professionnelle\" \/>\n<meta property=\"og:description\" content=\"Psychologue du Travail et des Organisations &#8211; Directeur du CIBC 33 &#8211; Directeur de projet du service Mon CEP (conseil en \u00e9volution professionnelle) par Avenir Actifs en Nouvelle-Aquitaine. Apr\u00e8s des ann\u00e9es en qualit\u00e9 de praticien sur le champ de l&rsquo;accompagnement (Bilan de comp\u00e9tences, conseil en VAE, R&amp;D, ing\u00e9nierie et animation de formation), ses missions de ... Lire la suite\" \/>\n<meta property=\"og:url\" content=\"https:\/\/uhfp.centre-inffo.fr\/2025\/gerald-maury\/\" \/>\n<meta property=\"og:site_name\" content=\"19e Universit\u00e9 d&#039;Hiver de la Formation Professionnelle\" \/>\n<meta property=\"article:publisher\" content=\"https:\/\/www.facebook.com\/centreinffo\" \/>\n<meta property=\"article:modified_time\" content=\"2025-01-20T12:02:41+00:00\" \/>\n<meta property=\"og:image\" content=\"https:\/\/uhfp.centre-inffo.fr\/2025\/wp-content\/uploads\/2024\/12\/maury.jpg\" \/>\n\t<meta property=\"og:image:width\" content=\"600\" \/>\n\t<meta property=\"og:image:height\" content=\"600\" \/>\n\t<meta property=\"og:image:type\" content=\"image\/jpeg\" \/>\n<meta name=\"twitter:card\" content=\"summary_large_image\" \/>\n<meta name=\"twitter:site\" content=\"@centreinffo\" \/>\n<meta name=\"twitter:label1\" content=\"Dur\u00e9e de lecture estim\u00e9e\" \/>\n\t<meta name=\"twitter:data1\" content=\"2 minutes\" \/>\n<script type=\"application\/ld+json\" class=\"yoast-schema-graph\">{\"@context\":\"https:\/\/schema.org\",\"@graph\":[{\"@type\":\"WebPage\",\"@id\":\"https:\/\/uhfp.centre-inffo.fr\/2025\/gerald-maury\/\",\"url\":\"https:\/\/uhfp.centre-inffo.fr\/2025\/gerald-maury\/\",\"name\":\"G\u00e9rald Maury - 19e Universit\u00e9 d&#039;Hiver de la Formation Professionnelle\",\"isPartOf\":{\"@id\":\"https:\/\/uhfp.centre-inffo.fr\/2025\/#website\"},\"primaryImageOfPage\":{\"@id\":\"https:\/\/uhfp.centre-inffo.fr\/2025\/gerald-maury\/#primaryimage\"},\"image\":{\"@id\":\"https:\/\/uhfp.centre-inffo.fr\/2025\/gerald-maury\/#primaryimage\"},\"thumbnailUrl\":\"https:\/\/uhfp.centre-inffo.fr\/2025\/wp-content\/uploads\/2024\/12\/maury.jpg\",\"datePublished\":\"2023-01-18T08:00:00+00:00\",\"dateModified\":\"2025-01-20T12:02:41+00:00\",\"breadcrumb\":{\"@id\":\"https:\/\/uhfp.centre-inffo.fr\/2025\/gerald-maury\/#breadcrumb\"},\"inLanguage\":\"fr-FR\",\"potentialAction\":[{\"@type\":\"ReadAction\",\"target\":[\"https:\/\/uhfp.centre-inffo.fr\/2025\/gerald-maury\/\"]}]},{\"@type\":\"ImageObject\",\"inLanguage\":\"fr-FR\",\"@id\":\"https:\/\/uhfp.centre-inffo.fr\/2025\/gerald-maury\/#primaryimage\",\"url\":\"https:\/\/uhfp.centre-inffo.fr\/2025\/wp-content\/uploads\/2024\/12\/maury.jpg\",\"contentUrl\":\"https:\/\/uhfp.centre-inffo.fr\/2025\/wp-content\/uploads\/2024\/12\/maury.jpg\",\"width\":600,\"height\":600},{\"@type\":\"BreadcrumbList\",\"@id\":\"https:\/\/uhfp.centre-inffo.fr\/2025\/gerald-maury\/#breadcrumb\",\"itemListElement\":[{\"@type\":\"ListItem\",\"position\":1,\"name\":\"Accueil\",\"item\":\"https:\/\/uhfp.centre-inffo.fr\/2025\/\"},{\"@type\":\"ListItem\",\"position\":2,\"name\":\"Intervenants\",\"item\":\"https:\/\/uhfp.centre-inffo.fr\/2025\/rubrique\/intervenants\/\"},{\"@type\":\"ListItem\",\"position\":3,\"name\":\"G\u00e9rald Maury\"}]},{\"@type\":\"WebSite\",\"@id\":\"https:\/\/uhfp.centre-inffo.fr\/2025\/#website\",\"url\":\"https:\/\/uhfp.centre-inffo.fr\/2025\/\",\"name\":\"19e Universit\u00e9 d'Hiver de la Formation Professionnelle\",\"description\":\"Du 22 au 24 janvier 2025, au Palais des Festivals de Cannes\",\"publisher\":{\"@id\":\"https:\/\/uhfp.centre-inffo.fr\/2025\/#organization\"},\"alternateName\":\"19e UHFP\",\"potentialAction\":[{\"@type\":\"SearchAction\",\"target\":{\"@type\":\"EntryPoint\",\"urlTemplate\":\"https:\/\/uhfp.centre-inffo.fr\/2025\/?s={search_term_string}\"},\"query-input\":\"required name=search_term_string\"}],\"inLanguage\":\"fr-FR\"},{\"@type\":\"Organization\",\"@id\":\"https:\/\/uhfp.centre-inffo.fr\/2025\/#organization\",\"name\":\"Centre Inffo\",\"url\":\"https:\/\/uhfp.centre-inffo.fr\/2025\/\",\"logo\":{\"@type\":\"ImageObject\",\"inLanguage\":\"fr-FR\",\"@id\":\"https:\/\/uhfp.centre-inffo.fr\/2025\/#\/schema\/logo\/image\/\",\"url\":\"https:\/\/uhfp.centre-inffo.fr\/2025\/wp-content\/uploads\/2024\/02\/logo-19e-uhfp.png\",\"contentUrl\":\"https:\/\/uhfp.centre-inffo.fr\/2025\/wp-content\/uploads\/2024\/02\/logo-19e-uhfp.png\",\"width\":842,\"height\":595,\"caption\":\"Centre Inffo\"},\"image\":{\"@id\":\"https:\/\/uhfp.centre-inffo.fr\/2025\/#\/schema\/logo\/image\/\"},\"sameAs\":[\"https:\/\/www.facebook.com\/centreinffo\",\"https:\/\/twitter.com\/centreinffo\",\"https:\/\/www.linkedin.com\/company\/centre-inffo\/\",\"https:\/\/www.youtube.com\/user\/centreinffo\"]}]}<\/script>\n<!-- \/ Yoast SEO plugin. -->","yoast_head_json":{"title":"G\u00e9rald Maury - 19e Universit\u00e9 d&#039;Hiver de la Formation Professionnelle","robots":{"index":"index","follow":"follow","max-snippet":"max-snippet:-1","max-image-preview":"max-image-preview:large","max-video-preview":"max-video-preview:-1"},"canonical":"https:\/\/uhfp.centre-inffo.fr\/2025\/gerald-maury\/","og_locale":"fr_FR","og_type":"article","og_title":"G\u00e9rald Maury - 19e Universit\u00e9 d&#039;Hiver de la Formation Professionnelle","og_description":"Psychologue du Travail et des Organisations &#8211; Directeur du CIBC 33 &#8211; Directeur de projet du service Mon CEP (conseil en \u00e9volution professionnelle) par Avenir Actifs en Nouvelle-Aquitaine. Apr\u00e8s des ann\u00e9es en qualit\u00e9 de praticien sur le champ de l&rsquo;accompagnement (Bilan de comp\u00e9tences, conseil en VAE, R&amp;D, ing\u00e9nierie et animation de formation), ses missions de ... Lire la suite","og_url":"https:\/\/uhfp.centre-inffo.fr\/2025\/gerald-maury\/","og_site_name":"19e Universit\u00e9 d&#039;Hiver de la Formation Professionnelle","article_publisher":"https:\/\/www.facebook.com\/centreinffo","article_modified_time":"2025-01-20T12:02:41+00:00","og_image":[{"width":600,"height":600,"url":"https:\/\/uhfp.centre-inffo.fr\/2025\/wp-content\/uploads\/2024\/12\/maury.jpg","type":"image\/jpeg"}],"twitter_card":"summary_large_image","twitter_site":"@centreinffo","twitter_misc":{"Dur\u00e9e de lecture estim\u00e9e":"2 minutes"},"schema":{"@context":"https:\/\/schema.org","@graph":[{"@type":"WebPage","@id":"https:\/\/uhfp.centre-inffo.fr\/2025\/gerald-maury\/","url":"https:\/\/uhfp.centre-inffo.fr\/2025\/gerald-maury\/","name":"G\u00e9rald Maury - 19e Universit\u00e9 d&#039;Hiver de la Formation Professionnelle","isPartOf":{"@id":"https:\/\/uhfp.centre-inffo.fr\/2025\/#website"},"primaryImageOfPage":{"@id":"https:\/\/uhfp.centre-inffo.fr\/2025\/gerald-maury\/#primaryimage"},"image":{"@id":"https:\/\/uhfp.centre-inffo.fr\/2025\/gerald-maury\/#primaryimage"},"thumbnailUrl":"https:\/\/uhfp.centre-inffo.fr\/2025\/wp-content\/uploads\/2024\/12\/maury.jpg","datePublished":"2023-01-18T08:00:00+00:00","dateModified":"2025-01-20T12:02:41+00:00","breadcrumb":{"@id":"https:\/\/uhfp.centre-inffo.fr\/2025\/gerald-maury\/#breadcrumb"},"inLanguage":"fr-FR","potentialAction":[{"@type":"ReadAction","target":["https:\/\/uhfp.centre-inffo.fr\/2025\/gerald-maury\/"]}]},{"@type":"ImageObject","inLanguage":"fr-FR","@id":"https:\/\/uhfp.centre-inffo.fr\/2025\/gerald-maury\/#primaryimage","url":"https:\/\/uhfp.centre-inffo.fr\/2025\/wp-content\/uploads\/2024\/12\/maury.jpg","contentUrl":"https:\/\/uhfp.centre-inffo.fr\/2025\/wp-content\/uploads\/2024\/12\/maury.jpg","width":600,"height":600},{"@type":"BreadcrumbList","@id":"https:\/\/uhfp.centre-inffo.fr\/2025\/gerald-maury\/#breadcrumb","itemListElement":[{"@type":"ListItem","position":1,"name":"Accueil","item":"https:\/\/uhfp.centre-inffo.fr\/2025\/"},{"@type":"ListItem","position":2,"name":"Intervenants","item":"https:\/\/uhfp.centre-inffo.fr\/2025\/rubrique\/intervenants\/"},{"@type":"ListItem","position":3,"name":"G\u00e9rald Maury"}]},{"@type":"WebSite","@id":"https:\/\/uhfp.centre-inffo.fr\/2025\/#website","url":"https:\/\/uhfp.centre-inffo.fr\/2025\/","name":"19e Universit\u00e9 d'Hiver de la Formation Professionnelle","description":"Du 22 au 24 janvier 2025, au Palais des Festivals de Cannes","publisher":{"@id":"https:\/\/uhfp.centre-inffo.fr\/2025\/#organization"},"alternateName":"19e UHFP","potentialAction":[{"@type":"SearchAction","target":{"@type":"EntryPoint","urlTemplate":"https:\/\/uhfp.centre-inffo.fr\/2025\/?s={search_term_string}"},"query-input":"required name=search_term_string"}],"inLanguage":"fr-FR"},{"@type":"Organization","@id":"https:\/\/uhfp.centre-inffo.fr\/2025\/#organization","name":"Centre Inffo","url":"https:\/\/uhfp.centre-inffo.fr\/2025\/","logo":{"@type":"ImageObject","inLanguage":"fr-FR","@id":"https:\/\/uhfp.centre-inffo.fr\/2025\/#\/schema\/logo\/image\/","url":"https:\/\/uhfp.centre-inffo.fr\/2025\/wp-content\/uploads\/2024\/02\/logo-19e-uhfp.png","contentUrl":"https:\/\/uhfp.centre-inffo.fr\/2025\/wp-content\/uploads\/2024\/02\/logo-19e-uhfp.png","width":842,"height":595,"caption":"Centre Inffo"},"image":{"@id":"https:\/\/uhfp.centre-inffo.fr\/2025\/#\/schema\/logo\/image\/"},"sameAs":["https:\/\/www.facebook.com\/centreinffo","https:\/\/twitter.com\/centreinffo","https:\/\/www.linkedin.com\/company\/centre-inffo\/","https:\/\/www.youtube.com\/user\/centreinffo"]}]}},"_links":{"self":[{"href":"https:\/\/uhfp.centre-inffo.fr\/2025\/wp-json\/wp\/v2\/pages\/5623"}],"collection":[{"href":"https:\/\/uhfp.centre-inffo.fr\/2025\/wp-json\/wp\/v2\/pages"}],"about":[{"href":"https:\/\/uhfp.centre-inffo.fr\/2025\/wp-json\/wp\/v2\/types\/page"}],"author":[{"embeddable":true,"href":"https:\/\/uhfp.centre-inffo.fr\/2025\/wp-json\/wp\/v2\/users\/2"}],"replies":[{"embeddable":true,"href":"https:\/\/uhfp.centre-inffo.fr\/2025\/wp-json\/wp\/v2\/comments?post=5623"}],"version-history":[{"count":4,"href":"https:\/\/uhfp.centre-inffo.fr\/2025\/wp-json\/wp\/v2\/pages\/5623\/revisions"}],"predecessor-version":[{"id":6184,"href":"https:\/\/uhfp.centre-inffo.fr\/2025\/wp-json\/wp\/v2\/pages\/5623\/revisions\/6184"}],"wp:featuredmedia":[{"embeddable":true,"href":"https:\/\/uhfp.centre-inffo.fr\/2025\/wp-json\/wp\/v2\/media\/5629"}],"wp:attachment":[{"href":"https:\/\/uhfp.centre-inffo.fr\/2025\/wp-json\/wp\/v2\/media?parent=5623"}],"wp:term":[{"taxonomy":"category","embeddable":true,"href":"https:\/\/uhfp.centre-inffo.fr\/2025\/wp-json\/wp\/v2\/categories?post=5623"},{"taxonomy":"post_tag","embeddable":true,"href":"https:\/\/uhfp.centre-inffo.fr\/2025\/wp-json\/wp\/v2\/tags?post=5623"}],"curies":[{"name":"wp","href":"https:\/\/api.w.org\/{rel}","templated":true}]}}