{"id":6102,"date":"2023-08-10T12:29:00","date_gmt":"2023-08-10T10:29:00","guid":{"rendered":"https:\/\/uhfp.centre-inffo.fr\/2025\/?page_id=6102"},"modified":"2025-01-16T11:26:45","modified_gmt":"2025-01-16T10:26:45","slug":"cynthia-fleury","status":"publish","type":"page","link":"https:\/\/uhfp.centre-inffo.fr\/2025\/cynthia-fleury\/","title":{"rendered":"Cynthia Fleury"},"content":{"rendered":"\n<hr class=\"wp-block-separator has-alpha-channel-opacity\"\/>\n\n\n\n<p>Cynthia Fleury, Professeur titulaire de la Chaire \u00ab Humanit\u00e9s et Sant\u00e9 \u00bb au Conservatoire National des Arts et M\u00e9tiers, est \u00e9galement professeur associ\u00e9e \u00e0 l\u2019Ecole des Mines (PSL\/Mines-Paristech). Sa recherche porte sur les outils de la r\u00e9gulation d\u00e9mocratique.<\/p>\n\n\n\n<p>Elle est l\u2019auteur de plusieurs ouvrages dont Dialoguer avec l&rsquo;Orient (PUF, 2003), Les pathologies de la d\u00e9mocratie (Fayard, 2005 ; Livre de poche 2009), La fin du courage (Fayard, 2010 ; Livre de poche, 2011), Les irrempla\u00e7ables (Gallimard, 2015) et Ci-G\u00eet L&rsquo;Amer (2020).<\/p>\n\n\n\n<p>Elle a longtemps enseign\u00e9 \u00e0 l&rsquo;Ecole Polytechnique et \u00e0 Sciences Po (Paris). Elle a \u00e9t\u00e9 pr\u00e9sidente de l&rsquo;ONG Europanova, organisatrice des Etats G\u00e9n\u00e9raux de l&rsquo;Europe (plus grand rassemblement de la soci\u00e9t\u00e9 civile europ\u00e9enne). Elle assure aujourd&rsquo;hui la fonction de vice-pr\u00e9sidente. \u00c1 son entr\u00e9e en 2013 au CCNE (Comit\u00e9 consultatif national d\u2019\u00e9thique), elle est son plus jeune membre. Elle est \u00e9galement membre fondateur du r\u00e9seau europ\u00e9en des femmes philosophes de l\u2019Unesco. En tant que psychanalyste, elle est marraine d\u2019ICCARRE (protocole d\u2019intermittence du traitement du Sida) et membre de la cellule d\u2019urgence m\u00e9dico-psychologique du SAMU (CUMP-Necker).<\/p>\n\n\n\n<p>Apr\u00e8s avoir fond\u00e9 la Chaire de Philosophie \u00e0 l\u2019H\u00f4pital (H\u00f4tel-Dieu Paris), elle est d\u00e9sormais titulaire de la Chaire de Philosophie \u00e0 l\u2019H\u00f4pital du GHU Paris Psychiatrie et Neurosciences. Cynthia Fleury a \u00e9t\u00e9 choisie pour \u00eatre la personnalit\u00e9 associ\u00e9e des Champs Libres \u00e0 Rennes, de 2018 \u00e0 2021.<\/p>\n\n\n\n<h2 class=\"wp-block-heading\">Intervention<\/h2>\n\n\n\n<ul>\n<li><a href=\"\/2025\/programme\/mercredi-22-janvier\/\">Conf\u00e9rence inaugurale<\/a> du mercredi 22 janvier <\/li>\n<\/ul>\n","protected":false},"excerpt":{"rendered":"<p>Cynthia Fleury, Professeur titulaire de la Chaire \u00ab Humanit\u00e9s et Sant\u00e9 \u00bb au Conservatoire National des Arts et M\u00e9tiers, est \u00e9galement professeur associ\u00e9e \u00e0 l\u2019Ecole des Mines (PSL\/Mines-Paristech). Sa recherche porte sur les outils de la r\u00e9gulation d\u00e9mocratique. Elle est l\u2019auteur de plusieurs ouvrages dont Dialoguer avec l&rsquo;Orient (PUF, 2003), Les pathologies de la d\u00e9mocratie &#8230; <a title=\"Cynthia Fleury\" class=\"read-more\" href=\"https:\/\/uhfp.centre-inffo.fr\/2025\/cynthia-fleury\/\" aria-label=\"Read more about Cynthia Fleury\">Lire la suite<\/a><\/p>\n","protected":false},"author":2,"featured_media":6111,"parent":0,"menu_order":0,"comment_status":"closed","ping_status":"closed","template":"","meta":{"_acf_changed":false,"footnotes":""},"categories":[9],"tags":[],"acf":[],"yoast_head":"<!-- This site is optimized with the Yoast SEO plugin v22.4 - https:\/\/yoast.com\/wordpress\/plugins\/seo\/ -->\n<title>Cynthia Fleury - 19e Universit\u00e9 d&#039;Hiver de la Formation Professionnelle<\/title>\n<meta name=\"robots\" content=\"index, follow, max-snippet:-1, max-image-preview:large, max-video-preview:-1\" \/>\n<link rel=\"canonical\" href=\"https:\/\/uhfp.centre-inffo.fr\/2025\/cynthia-fleury\/\" \/>\n<meta property=\"og:locale\" content=\"fr_FR\" \/>\n<meta property=\"og:type\" content=\"article\" \/>\n<meta property=\"og:title\" content=\"Cynthia Fleury - 19e Universit\u00e9 d&#039;Hiver de la Formation Professionnelle\" \/>\n<meta property=\"og:description\" content=\"Cynthia Fleury, Professeur titulaire de la Chaire \u00ab Humanit\u00e9s et Sant\u00e9 \u00bb au Conservatoire National des Arts et M\u00e9tiers, est \u00e9galement professeur associ\u00e9e \u00e0 l\u2019Ecole des Mines (PSL\/Mines-Paristech). Sa recherche porte sur les outils de la r\u00e9gulation d\u00e9mocratique. Elle est l\u2019auteur de plusieurs ouvrages dont Dialoguer avec l&rsquo;Orient (PUF, 2003), Les pathologies de la d\u00e9mocratie ... Lire la suite\" \/>\n<meta property=\"og:url\" content=\"https:\/\/uhfp.centre-inffo.fr\/2025\/cynthia-fleury\/\" \/>\n<meta property=\"og:site_name\" content=\"19e Universit\u00e9 d&#039;Hiver de la Formation Professionnelle\" \/>\n<meta property=\"article:publisher\" content=\"https:\/\/www.facebook.com\/centreinffo\" \/>\n<meta property=\"article:modified_time\" content=\"2025-01-16T10:26:45+00:00\" \/>\n<meta property=\"og:image\" content=\"https:\/\/uhfp.centre-inffo.fr\/2025\/wp-content\/uploads\/2024\/12\/fleury.jpg\" \/>\n\t<meta property=\"og:image:width\" content=\"600\" \/>\n\t<meta property=\"og:image:height\" content=\"600\" \/>\n\t<meta property=\"og:image:type\" content=\"image\/jpeg\" \/>\n<meta name=\"twitter:card\" content=\"summary_large_image\" \/>\n<meta name=\"twitter:site\" content=\"@centreinffo\" \/>\n<meta name=\"twitter:label1\" content=\"Dur\u00e9e de lecture estim\u00e9e\" \/>\n\t<meta name=\"twitter:data1\" content=\"2 minutes\" \/>\n<script type=\"application\/ld+json\" class=\"yoast-schema-graph\">{\"@context\":\"https:\/\/schema.org\",\"@graph\":[{\"@type\":\"WebPage\",\"@id\":\"https:\/\/uhfp.centre-inffo.fr\/2025\/cynthia-fleury\/\",\"url\":\"https:\/\/uhfp.centre-inffo.fr\/2025\/cynthia-fleury\/\",\"name\":\"Cynthia Fleury - 19e Universit\u00e9 d&#039;Hiver de la Formation Professionnelle\",\"isPartOf\":{\"@id\":\"https:\/\/uhfp.centre-inffo.fr\/2025\/#website\"},\"primaryImageOfPage\":{\"@id\":\"https:\/\/uhfp.centre-inffo.fr\/2025\/cynthia-fleury\/#primaryimage\"},\"image\":{\"@id\":\"https:\/\/uhfp.centre-inffo.fr\/2025\/cynthia-fleury\/#primaryimage\"},\"thumbnailUrl\":\"https:\/\/uhfp.centre-inffo.fr\/2025\/wp-content\/uploads\/2024\/12\/fleury.jpg\",\"datePublished\":\"2023-08-10T10:29:00+00:00\",\"dateModified\":\"2025-01-16T10:26:45+00:00\",\"breadcrumb\":{\"@id\":\"https:\/\/uhfp.centre-inffo.fr\/2025\/cynthia-fleury\/#breadcrumb\"},\"inLanguage\":\"fr-FR\",\"potentialAction\":[{\"@type\":\"ReadAction\",\"target\":[\"https:\/\/uhfp.centre-inffo.fr\/2025\/cynthia-fleury\/\"]}]},{\"@type\":\"ImageObject\",\"inLanguage\":\"fr-FR\",\"@id\":\"https:\/\/uhfp.centre-inffo.fr\/2025\/cynthia-fleury\/#primaryimage\",\"url\":\"https:\/\/uhfp.centre-inffo.fr\/2025\/wp-content\/uploads\/2024\/12\/fleury.jpg\",\"contentUrl\":\"https:\/\/uhfp.centre-inffo.fr\/2025\/wp-content\/uploads\/2024\/12\/fleury.jpg\",\"width\":600,\"height\":600},{\"@type\":\"BreadcrumbList\",\"@id\":\"https:\/\/uhfp.centre-inffo.fr\/2025\/cynthia-fleury\/#breadcrumb\",\"itemListElement\":[{\"@type\":\"ListItem\",\"position\":1,\"name\":\"Accueil\",\"item\":\"https:\/\/uhfp.centre-inffo.fr\/2025\/\"},{\"@type\":\"ListItem\",\"position\":2,\"name\":\"Intervenants\",\"item\":\"https:\/\/uhfp.centre-inffo.fr\/2025\/rubrique\/intervenants\/\"},{\"@type\":\"ListItem\",\"position\":3,\"name\":\"Cynthia Fleury\"}]},{\"@type\":\"WebSite\",\"@id\":\"https:\/\/uhfp.centre-inffo.fr\/2025\/#website\",\"url\":\"https:\/\/uhfp.centre-inffo.fr\/2025\/\",\"name\":\"19e Universit\u00e9 d'Hiver de la Formation Professionnelle\",\"description\":\"Du 22 au 24 janvier 2025, au Palais des Festivals de Cannes\",\"publisher\":{\"@id\":\"https:\/\/uhfp.centre-inffo.fr\/2025\/#organization\"},\"alternateName\":\"19e UHFP\",\"potentialAction\":[{\"@type\":\"SearchAction\",\"target\":{\"@type\":\"EntryPoint\",\"urlTemplate\":\"https:\/\/uhfp.centre-inffo.fr\/2025\/?s={search_term_string}\"},\"query-input\":\"required name=search_term_string\"}],\"inLanguage\":\"fr-FR\"},{\"@type\":\"Organization\",\"@id\":\"https:\/\/uhfp.centre-inffo.fr\/2025\/#organization\",\"name\":\"Centre Inffo\",\"url\":\"https:\/\/uhfp.centre-inffo.fr\/2025\/\",\"logo\":{\"@type\":\"ImageObject\",\"inLanguage\":\"fr-FR\",\"@id\":\"https:\/\/uhfp.centre-inffo.fr\/2025\/#\/schema\/logo\/image\/\",\"url\":\"https:\/\/uhfp.centre-inffo.fr\/2025\/wp-content\/uploads\/2024\/02\/logo-19e-uhfp.png\",\"contentUrl\":\"https:\/\/uhfp.centre-inffo.fr\/2025\/wp-content\/uploads\/2024\/02\/logo-19e-uhfp.png\",\"width\":842,\"height\":595,\"caption\":\"Centre Inffo\"},\"image\":{\"@id\":\"https:\/\/uhfp.centre-inffo.fr\/2025\/#\/schema\/logo\/image\/\"},\"sameAs\":[\"https:\/\/www.facebook.com\/centreinffo\",\"https:\/\/twitter.com\/centreinffo\",\"https:\/\/www.linkedin.com\/company\/centre-inffo\/\",\"https:\/\/www.youtube.com\/user\/centreinffo\"]}]}<\/script>\n<!-- \/ Yoast SEO plugin. -->","yoast_head_json":{"title":"Cynthia Fleury - 19e Universit\u00e9 d&#039;Hiver de la Formation Professionnelle","robots":{"index":"index","follow":"follow","max-snippet":"max-snippet:-1","max-image-preview":"max-image-preview:large","max-video-preview":"max-video-preview:-1"},"canonical":"https:\/\/uhfp.centre-inffo.fr\/2025\/cynthia-fleury\/","og_locale":"fr_FR","og_type":"article","og_title":"Cynthia Fleury - 19e Universit\u00e9 d&#039;Hiver de la Formation Professionnelle","og_description":"Cynthia Fleury, Professeur titulaire de la Chaire \u00ab Humanit\u00e9s et Sant\u00e9 \u00bb au Conservatoire National des Arts et M\u00e9tiers, est \u00e9galement professeur associ\u00e9e \u00e0 l\u2019Ecole des Mines (PSL\/Mines-Paristech). Sa recherche porte sur les outils de la r\u00e9gulation d\u00e9mocratique. Elle est l\u2019auteur de plusieurs ouvrages dont Dialoguer avec l&rsquo;Orient (PUF, 2003), Les pathologies de la d\u00e9mocratie ... Lire la suite","og_url":"https:\/\/uhfp.centre-inffo.fr\/2025\/cynthia-fleury\/","og_site_name":"19e Universit\u00e9 d&#039;Hiver de la Formation Professionnelle","article_publisher":"https:\/\/www.facebook.com\/centreinffo","article_modified_time":"2025-01-16T10:26:45+00:00","og_image":[{"width":600,"height":600,"url":"https:\/\/uhfp.centre-inffo.fr\/2025\/wp-content\/uploads\/2024\/12\/fleury.jpg","type":"image\/jpeg"}],"twitter_card":"summary_large_image","twitter_site":"@centreinffo","twitter_misc":{"Dur\u00e9e de lecture estim\u00e9e":"2 minutes"},"schema":{"@context":"https:\/\/schema.org","@graph":[{"@type":"WebPage","@id":"https:\/\/uhfp.centre-inffo.fr\/2025\/cynthia-fleury\/","url":"https:\/\/uhfp.centre-inffo.fr\/2025\/cynthia-fleury\/","name":"Cynthia Fleury - 19e Universit\u00e9 d&#039;Hiver de la Formation Professionnelle","isPartOf":{"@id":"https:\/\/uhfp.centre-inffo.fr\/2025\/#website"},"primaryImageOfPage":{"@id":"https:\/\/uhfp.centre-inffo.fr\/2025\/cynthia-fleury\/#primaryimage"},"image":{"@id":"https:\/\/uhfp.centre-inffo.fr\/2025\/cynthia-fleury\/#primaryimage"},"thumbnailUrl":"https:\/\/uhfp.centre-inffo.fr\/2025\/wp-content\/uploads\/2024\/12\/fleury.jpg","datePublished":"2023-08-10T10:29:00+00:00","dateModified":"2025-01-16T10:26:45+00:00","breadcrumb":{"@id":"https:\/\/uhfp.centre-inffo.fr\/2025\/cynthia-fleury\/#breadcrumb"},"inLanguage":"fr-FR","potentialAction":[{"@type":"ReadAction","target":["https:\/\/uhfp.centre-inffo.fr\/2025\/cynthia-fleury\/"]}]},{"@type":"ImageObject","inLanguage":"fr-FR","@id":"https:\/\/uhfp.centre-inffo.fr\/2025\/cynthia-fleury\/#primaryimage","url":"https:\/\/uhfp.centre-inffo.fr\/2025\/wp-content\/uploads\/2024\/12\/fleury.jpg","contentUrl":"https:\/\/uhfp.centre-inffo.fr\/2025\/wp-content\/uploads\/2024\/12\/fleury.jpg","width":600,"height":600},{"@type":"BreadcrumbList","@id":"https:\/\/uhfp.centre-inffo.fr\/2025\/cynthia-fleury\/#breadcrumb","itemListElement":[{"@type":"ListItem","position":1,"name":"Accueil","item":"https:\/\/uhfp.centre-inffo.fr\/2025\/"},{"@type":"ListItem","position":2,"name":"Intervenants","item":"https:\/\/uhfp.centre-inffo.fr\/2025\/rubrique\/intervenants\/"},{"@type":"ListItem","position":3,"name":"Cynthia Fleury"}]},{"@type":"WebSite","@id":"https:\/\/uhfp.centre-inffo.fr\/2025\/#website","url":"https:\/\/uhfp.centre-inffo.fr\/2025\/","name":"19e Universit\u00e9 d'Hiver de la Formation Professionnelle","description":"Du 22 au 24 janvier 2025, au Palais des Festivals de Cannes","publisher":{"@id":"https:\/\/uhfp.centre-inffo.fr\/2025\/#organization"},"alternateName":"19e UHFP","potentialAction":[{"@type":"SearchAction","target":{"@type":"EntryPoint","urlTemplate":"https:\/\/uhfp.centre-inffo.fr\/2025\/?s={search_term_string}"},"query-input":"required name=search_term_string"}],"inLanguage":"fr-FR"},{"@type":"Organization","@id":"https:\/\/uhfp.centre-inffo.fr\/2025\/#organization","name":"Centre Inffo","url":"https:\/\/uhfp.centre-inffo.fr\/2025\/","logo":{"@type":"ImageObject","inLanguage":"fr-FR","@id":"https:\/\/uhfp.centre-inffo.fr\/2025\/#\/schema\/logo\/image\/","url":"https:\/\/uhfp.centre-inffo.fr\/2025\/wp-content\/uploads\/2024\/02\/logo-19e-uhfp.png","contentUrl":"https:\/\/uhfp.centre-inffo.fr\/2025\/wp-content\/uploads\/2024\/02\/logo-19e-uhfp.png","width":842,"height":595,"caption":"Centre Inffo"},"image":{"@id":"https:\/\/uhfp.centre-inffo.fr\/2025\/#\/schema\/logo\/image\/"},"sameAs":["https:\/\/www.facebook.com\/centreinffo","https:\/\/twitter.com\/centreinffo","https:\/\/www.linkedin.com\/company\/centre-inffo\/","https:\/\/www.youtube.com\/user\/centreinffo"]}]}},"_links":{"self":[{"href":"https:\/\/uhfp.centre-inffo.fr\/2025\/wp-json\/wp\/v2\/pages\/6102"}],"collection":[{"href":"https:\/\/uhfp.centre-inffo.fr\/2025\/wp-json\/wp\/v2\/pages"}],"about":[{"href":"https:\/\/uhfp.centre-inffo.fr\/2025\/wp-json\/wp\/v2\/types\/page"}],"author":[{"embeddable":true,"href":"https:\/\/uhfp.centre-inffo.fr\/2025\/wp-json\/wp\/v2\/users\/2"}],"replies":[{"embeddable":true,"href":"https:\/\/uhfp.centre-inffo.fr\/2025\/wp-json\/wp\/v2\/comments?post=6102"}],"version-history":[{"count":7,"href":"https:\/\/uhfp.centre-inffo.fr\/2025\/wp-json\/wp\/v2\/pages\/6102\/revisions"}],"predecessor-version":[{"id":8123,"href":"https:\/\/uhfp.centre-inffo.fr\/2025\/wp-json\/wp\/v2\/pages\/6102\/revisions\/8123"}],"wp:featuredmedia":[{"embeddable":true,"href":"https:\/\/uhfp.centre-inffo.fr\/2025\/wp-json\/wp\/v2\/media\/6111"}],"wp:attachment":[{"href":"https:\/\/uhfp.centre-inffo.fr\/2025\/wp-json\/wp\/v2\/media?parent=6102"}],"wp:term":[{"taxonomy":"category","embeddable":true,"href":"https:\/\/uhfp.centre-inffo.fr\/2025\/wp-json\/wp\/v2\/categories?post=6102"},{"taxonomy":"post_tag","embeddable":true,"href":"https:\/\/uhfp.centre-inffo.fr\/2025\/wp-json\/wp\/v2\/tags?post=6102"}],"curies":[{"name":"wp","href":"https:\/\/api.w.org\/{rel}","templated":true}]}}