{"id":6462,"date":"2023-08-10T12:36:00","date_gmt":"2023-08-10T10:36:00","guid":{"rendered":"https:\/\/uhfp.centre-inffo.fr\/2025\/?page_id=6462"},"modified":"2025-01-20T15:58:36","modified_gmt":"2025-01-20T14:58:36","slug":"fouzi-fethi","status":"publish","type":"page","link":"https:\/\/uhfp.centre-inffo.fr\/2025\/fouzi-fethi\/","title":{"rendered":"Fouzi Fethi"},"content":{"rendered":"\n<hr class=\"wp-block-separator has-alpha-channel-opacity\"\/>\n\n\n\n<p>Fouzi FETHI est actuellement responsable du \u00ab P\u00f4le Droit et Politiques de Formation \u00bb \u00e0 Centre Inffo. En parall\u00e8le, il enseigne depuis quinze ans le droit de l&#8217;emploi et de la formation \u00e0 l&rsquo;Universit\u00e9 de Cergy et \u00e0 l&rsquo;Universit\u00e9 de Nanterre. Il a \u00e9galement \u00e9t\u00e9 juriste en droit social, notamment au sein d&rsquo;un grand groupe sp\u00e9cialis\u00e9 dans la presse gratuite. Fouzi Fethi est aujourd&rsquo;hui membre actif du think tank pluridisciplinaire Comp\u00e9tences ++.<\/p>\n\n\n\n<h2 class=\"wp-block-heading\">Interventions<\/h2>\n\n\n\n<ul class=\"list-has-margin\">\n<li><strong><em>A12.4AT<\/em><\/strong><br><a href=\"\/2025\/panoramade-lactualite-juridique\/\">Panorama de l\u2019actualit\u00e9 juridique : apprentissage, CPF, VAE\u2026<\/a><\/li>\n\n\n\n<li><em><strong>B15.4TR<\/strong><\/em><br><a href=\"https:\/\/uhfp.centre-inffo.fr\/2025\/regulation-du-marche-de-la-formation-comment-faire-mieux-avec-moins\/\">R\u00e9gulation du march\u00e9 de la formation : comment faire mieux avec moins ?<\/a><\/li>\n\n\n\n<li><strong><em>C37.4AT<\/em><\/strong><br><a href=\"\/2025\/panorama-de-lactualite-juridique-centre-inffo\/\">Panorama de l\u2019actualit\u00e9 juridique : apprentissage, CPF, VAE\u2026<\/a><\/li>\n\n\n\n<li><strong><em>D52.4AT<\/em><\/strong><br><a href=\"\/2025\/panorama-de-lactualite-juridique-centre-inffo-2\/\">Panorama de l\u2019actualit\u00e9 juridique : apprentissage, CPF, VAE\u2026<\/a><\/li>\n\n\n\n<li><strong><em>E56.4AT<\/em><\/strong><br><a href=\"\/2025\/panorama-de-lactualite-juridique-centre-inffo-3\/\">Panorama de l\u2019actualit\u00e9 juridique : apprentissage, CPF, VAE\u2026<\/a><\/li>\n<\/ul>\n","protected":false},"excerpt":{"rendered":"<p>Fouzi FETHI est actuellement responsable du \u00ab P\u00f4le Droit et Politiques de Formation \u00bb \u00e0 Centre Inffo. En parall\u00e8le, il enseigne depuis quinze ans le droit de l&#8217;emploi et de la formation \u00e0 l&rsquo;Universit\u00e9 de Cergy et \u00e0 l&rsquo;Universit\u00e9 de Nanterre. Il a \u00e9galement \u00e9t\u00e9 juriste en droit social, notamment au sein d&rsquo;un grand groupe &#8230; <a title=\"Fouzi Fethi\" class=\"read-more\" href=\"https:\/\/uhfp.centre-inffo.fr\/2025\/fouzi-fethi\/\" aria-label=\"Read more about Fouzi Fethi\">Lire la suite<\/a><\/p>\n","protected":false},"author":2,"featured_media":6466,"parent":0,"menu_order":0,"comment_status":"closed","ping_status":"closed","template":"","meta":{"_acf_changed":false,"footnotes":""},"categories":[9],"tags":[],"acf":[],"yoast_head":"<!-- This site is optimized with the Yoast SEO plugin v22.4 - https:\/\/yoast.com\/wordpress\/plugins\/seo\/ -->\n<title>Fouzi Fethi - 19e Universit\u00e9 d&#039;Hiver de la Formation Professionnelle<\/title>\n<meta name=\"robots\" content=\"index, follow, max-snippet:-1, max-image-preview:large, max-video-preview:-1\" \/>\n<link rel=\"canonical\" href=\"https:\/\/uhfp.centre-inffo.fr\/2025\/fouzi-fethi\/\" \/>\n<meta property=\"og:locale\" content=\"fr_FR\" \/>\n<meta property=\"og:type\" content=\"article\" \/>\n<meta property=\"og:title\" content=\"Fouzi Fethi - 19e Universit\u00e9 d&#039;Hiver de la Formation Professionnelle\" \/>\n<meta property=\"og:description\" content=\"Fouzi FETHI est actuellement responsable du \u00ab P\u00f4le Droit et Politiques de Formation \u00bb \u00e0 Centre Inffo. En parall\u00e8le, il enseigne depuis quinze ans le droit de l&#8217;emploi et de la formation \u00e0 l&rsquo;Universit\u00e9 de Cergy et \u00e0 l&rsquo;Universit\u00e9 de Nanterre. Il a \u00e9galement \u00e9t\u00e9 juriste en droit social, notamment au sein d&rsquo;un grand groupe ... Lire la suite\" \/>\n<meta property=\"og:url\" content=\"https:\/\/uhfp.centre-inffo.fr\/2025\/fouzi-fethi\/\" \/>\n<meta property=\"og:site_name\" content=\"19e Universit\u00e9 d&#039;Hiver de la Formation Professionnelle\" \/>\n<meta property=\"article:publisher\" content=\"https:\/\/www.facebook.com\/centreinffo\" \/>\n<meta property=\"article:modified_time\" content=\"2025-01-20T14:58:36+00:00\" \/>\n<meta property=\"og:image\" content=\"https:\/\/uhfp.centre-inffo.fr\/2025\/wp-content\/uploads\/2024\/12\/fethi.jpg\" \/>\n\t<meta property=\"og:image:width\" content=\"600\" \/>\n\t<meta property=\"og:image:height\" content=\"600\" \/>\n\t<meta property=\"og:image:type\" content=\"image\/jpeg\" \/>\n<meta name=\"twitter:card\" content=\"summary_large_image\" \/>\n<meta name=\"twitter:site\" content=\"@centreinffo\" \/>\n<meta name=\"twitter:label1\" content=\"Dur\u00e9e de lecture estim\u00e9e\" \/>\n\t<meta name=\"twitter:data1\" content=\"1 minute\" \/>\n<script type=\"application\/ld+json\" class=\"yoast-schema-graph\">{\"@context\":\"https:\/\/schema.org\",\"@graph\":[{\"@type\":\"WebPage\",\"@id\":\"https:\/\/uhfp.centre-inffo.fr\/2025\/fouzi-fethi\/\",\"url\":\"https:\/\/uhfp.centre-inffo.fr\/2025\/fouzi-fethi\/\",\"name\":\"Fouzi Fethi - 19e Universit\u00e9 d&#039;Hiver de la Formation Professionnelle\",\"isPartOf\":{\"@id\":\"https:\/\/uhfp.centre-inffo.fr\/2025\/#website\"},\"primaryImageOfPage\":{\"@id\":\"https:\/\/uhfp.centre-inffo.fr\/2025\/fouzi-fethi\/#primaryimage\"},\"image\":{\"@id\":\"https:\/\/uhfp.centre-inffo.fr\/2025\/fouzi-fethi\/#primaryimage\"},\"thumbnailUrl\":\"https:\/\/uhfp.centre-inffo.fr\/2025\/wp-content\/uploads\/2024\/12\/fethi.jpg\",\"datePublished\":\"2023-08-10T10:36:00+00:00\",\"dateModified\":\"2025-01-20T14:58:36+00:00\",\"breadcrumb\":{\"@id\":\"https:\/\/uhfp.centre-inffo.fr\/2025\/fouzi-fethi\/#breadcrumb\"},\"inLanguage\":\"fr-FR\",\"potentialAction\":[{\"@type\":\"ReadAction\",\"target\":[\"https:\/\/uhfp.centre-inffo.fr\/2025\/fouzi-fethi\/\"]}]},{\"@type\":\"ImageObject\",\"inLanguage\":\"fr-FR\",\"@id\":\"https:\/\/uhfp.centre-inffo.fr\/2025\/fouzi-fethi\/#primaryimage\",\"url\":\"https:\/\/uhfp.centre-inffo.fr\/2025\/wp-content\/uploads\/2024\/12\/fethi.jpg\",\"contentUrl\":\"https:\/\/uhfp.centre-inffo.fr\/2025\/wp-content\/uploads\/2024\/12\/fethi.jpg\",\"width\":600,\"height\":600},{\"@type\":\"BreadcrumbList\",\"@id\":\"https:\/\/uhfp.centre-inffo.fr\/2025\/fouzi-fethi\/#breadcrumb\",\"itemListElement\":[{\"@type\":\"ListItem\",\"position\":1,\"name\":\"Accueil\",\"item\":\"https:\/\/uhfp.centre-inffo.fr\/2025\/\"},{\"@type\":\"ListItem\",\"position\":2,\"name\":\"Intervenants\",\"item\":\"https:\/\/uhfp.centre-inffo.fr\/2025\/rubrique\/intervenants\/\"},{\"@type\":\"ListItem\",\"position\":3,\"name\":\"Fouzi Fethi\"}]},{\"@type\":\"WebSite\",\"@id\":\"https:\/\/uhfp.centre-inffo.fr\/2025\/#website\",\"url\":\"https:\/\/uhfp.centre-inffo.fr\/2025\/\",\"name\":\"19e Universit\u00e9 d'Hiver de la Formation Professionnelle\",\"description\":\"Du 22 au 24 janvier 2025, au Palais des Festivals de Cannes\",\"publisher\":{\"@id\":\"https:\/\/uhfp.centre-inffo.fr\/2025\/#organization\"},\"alternateName\":\"19e UHFP\",\"potentialAction\":[{\"@type\":\"SearchAction\",\"target\":{\"@type\":\"EntryPoint\",\"urlTemplate\":\"https:\/\/uhfp.centre-inffo.fr\/2025\/?s={search_term_string}\"},\"query-input\":\"required name=search_term_string\"}],\"inLanguage\":\"fr-FR\"},{\"@type\":\"Organization\",\"@id\":\"https:\/\/uhfp.centre-inffo.fr\/2025\/#organization\",\"name\":\"Centre Inffo\",\"url\":\"https:\/\/uhfp.centre-inffo.fr\/2025\/\",\"logo\":{\"@type\":\"ImageObject\",\"inLanguage\":\"fr-FR\",\"@id\":\"https:\/\/uhfp.centre-inffo.fr\/2025\/#\/schema\/logo\/image\/\",\"url\":\"https:\/\/uhfp.centre-inffo.fr\/2025\/wp-content\/uploads\/2024\/02\/logo-19e-uhfp.png\",\"contentUrl\":\"https:\/\/uhfp.centre-inffo.fr\/2025\/wp-content\/uploads\/2024\/02\/logo-19e-uhfp.png\",\"width\":842,\"height\":595,\"caption\":\"Centre Inffo\"},\"image\":{\"@id\":\"https:\/\/uhfp.centre-inffo.fr\/2025\/#\/schema\/logo\/image\/\"},\"sameAs\":[\"https:\/\/www.facebook.com\/centreinffo\",\"https:\/\/twitter.com\/centreinffo\",\"https:\/\/www.linkedin.com\/company\/centre-inffo\/\",\"https:\/\/www.youtube.com\/user\/centreinffo\"]}]}<\/script>\n<!-- \/ Yoast SEO plugin. -->","yoast_head_json":{"title":"Fouzi Fethi - 19e Universit\u00e9 d&#039;Hiver de la Formation Professionnelle","robots":{"index":"index","follow":"follow","max-snippet":"max-snippet:-1","max-image-preview":"max-image-preview:large","max-video-preview":"max-video-preview:-1"},"canonical":"https:\/\/uhfp.centre-inffo.fr\/2025\/fouzi-fethi\/","og_locale":"fr_FR","og_type":"article","og_title":"Fouzi Fethi - 19e Universit\u00e9 d&#039;Hiver de la Formation Professionnelle","og_description":"Fouzi FETHI est actuellement responsable du \u00ab P\u00f4le Droit et Politiques de Formation \u00bb \u00e0 Centre Inffo. En parall\u00e8le, il enseigne depuis quinze ans le droit de l&#8217;emploi et de la formation \u00e0 l&rsquo;Universit\u00e9 de Cergy et \u00e0 l&rsquo;Universit\u00e9 de Nanterre. Il a \u00e9galement \u00e9t\u00e9 juriste en droit social, notamment au sein d&rsquo;un grand groupe ... Lire la suite","og_url":"https:\/\/uhfp.centre-inffo.fr\/2025\/fouzi-fethi\/","og_site_name":"19e Universit\u00e9 d&#039;Hiver de la Formation Professionnelle","article_publisher":"https:\/\/www.facebook.com\/centreinffo","article_modified_time":"2025-01-20T14:58:36+00:00","og_image":[{"width":600,"height":600,"url":"https:\/\/uhfp.centre-inffo.fr\/2025\/wp-content\/uploads\/2024\/12\/fethi.jpg","type":"image\/jpeg"}],"twitter_card":"summary_large_image","twitter_site":"@centreinffo","twitter_misc":{"Dur\u00e9e de lecture estim\u00e9e":"1 minute"},"schema":{"@context":"https:\/\/schema.org","@graph":[{"@type":"WebPage","@id":"https:\/\/uhfp.centre-inffo.fr\/2025\/fouzi-fethi\/","url":"https:\/\/uhfp.centre-inffo.fr\/2025\/fouzi-fethi\/","name":"Fouzi Fethi - 19e Universit\u00e9 d&#039;Hiver de la Formation Professionnelle","isPartOf":{"@id":"https:\/\/uhfp.centre-inffo.fr\/2025\/#website"},"primaryImageOfPage":{"@id":"https:\/\/uhfp.centre-inffo.fr\/2025\/fouzi-fethi\/#primaryimage"},"image":{"@id":"https:\/\/uhfp.centre-inffo.fr\/2025\/fouzi-fethi\/#primaryimage"},"thumbnailUrl":"https:\/\/uhfp.centre-inffo.fr\/2025\/wp-content\/uploads\/2024\/12\/fethi.jpg","datePublished":"2023-08-10T10:36:00+00:00","dateModified":"2025-01-20T14:58:36+00:00","breadcrumb":{"@id":"https:\/\/uhfp.centre-inffo.fr\/2025\/fouzi-fethi\/#breadcrumb"},"inLanguage":"fr-FR","potentialAction":[{"@type":"ReadAction","target":["https:\/\/uhfp.centre-inffo.fr\/2025\/fouzi-fethi\/"]}]},{"@type":"ImageObject","inLanguage":"fr-FR","@id":"https:\/\/uhfp.centre-inffo.fr\/2025\/fouzi-fethi\/#primaryimage","url":"https:\/\/uhfp.centre-inffo.fr\/2025\/wp-content\/uploads\/2024\/12\/fethi.jpg","contentUrl":"https:\/\/uhfp.centre-inffo.fr\/2025\/wp-content\/uploads\/2024\/12\/fethi.jpg","width":600,"height":600},{"@type":"BreadcrumbList","@id":"https:\/\/uhfp.centre-inffo.fr\/2025\/fouzi-fethi\/#breadcrumb","itemListElement":[{"@type":"ListItem","position":1,"name":"Accueil","item":"https:\/\/uhfp.centre-inffo.fr\/2025\/"},{"@type":"ListItem","position":2,"name":"Intervenants","item":"https:\/\/uhfp.centre-inffo.fr\/2025\/rubrique\/intervenants\/"},{"@type":"ListItem","position":3,"name":"Fouzi Fethi"}]},{"@type":"WebSite","@id":"https:\/\/uhfp.centre-inffo.fr\/2025\/#website","url":"https:\/\/uhfp.centre-inffo.fr\/2025\/","name":"19e Universit\u00e9 d'Hiver de la Formation Professionnelle","description":"Du 22 au 24 janvier 2025, au Palais des Festivals de Cannes","publisher":{"@id":"https:\/\/uhfp.centre-inffo.fr\/2025\/#organization"},"alternateName":"19e UHFP","potentialAction":[{"@type":"SearchAction","target":{"@type":"EntryPoint","urlTemplate":"https:\/\/uhfp.centre-inffo.fr\/2025\/?s={search_term_string}"},"query-input":"required name=search_term_string"}],"inLanguage":"fr-FR"},{"@type":"Organization","@id":"https:\/\/uhfp.centre-inffo.fr\/2025\/#organization","name":"Centre Inffo","url":"https:\/\/uhfp.centre-inffo.fr\/2025\/","logo":{"@type":"ImageObject","inLanguage":"fr-FR","@id":"https:\/\/uhfp.centre-inffo.fr\/2025\/#\/schema\/logo\/image\/","url":"https:\/\/uhfp.centre-inffo.fr\/2025\/wp-content\/uploads\/2024\/02\/logo-19e-uhfp.png","contentUrl":"https:\/\/uhfp.centre-inffo.fr\/2025\/wp-content\/uploads\/2024\/02\/logo-19e-uhfp.png","width":842,"height":595,"caption":"Centre Inffo"},"image":{"@id":"https:\/\/uhfp.centre-inffo.fr\/2025\/#\/schema\/logo\/image\/"},"sameAs":["https:\/\/www.facebook.com\/centreinffo","https:\/\/twitter.com\/centreinffo","https:\/\/www.linkedin.com\/company\/centre-inffo\/","https:\/\/www.youtube.com\/user\/centreinffo"]}]}},"_links":{"self":[{"href":"https:\/\/uhfp.centre-inffo.fr\/2025\/wp-json\/wp\/v2\/pages\/6462"}],"collection":[{"href":"https:\/\/uhfp.centre-inffo.fr\/2025\/wp-json\/wp\/v2\/pages"}],"about":[{"href":"https:\/\/uhfp.centre-inffo.fr\/2025\/wp-json\/wp\/v2\/types\/page"}],"author":[{"embeddable":true,"href":"https:\/\/uhfp.centre-inffo.fr\/2025\/wp-json\/wp\/v2\/users\/2"}],"replies":[{"embeddable":true,"href":"https:\/\/uhfp.centre-inffo.fr\/2025\/wp-json\/wp\/v2\/comments?post=6462"}],"version-history":[{"count":8,"href":"https:\/\/uhfp.centre-inffo.fr\/2025\/wp-json\/wp\/v2\/pages\/6462\/revisions"}],"predecessor-version":[{"id":7939,"href":"https:\/\/uhfp.centre-inffo.fr\/2025\/wp-json\/wp\/v2\/pages\/6462\/revisions\/7939"}],"wp:featuredmedia":[{"embeddable":true,"href":"https:\/\/uhfp.centre-inffo.fr\/2025\/wp-json\/wp\/v2\/media\/6466"}],"wp:attachment":[{"href":"https:\/\/uhfp.centre-inffo.fr\/2025\/wp-json\/wp\/v2\/media?parent=6462"}],"wp:term":[{"taxonomy":"category","embeddable":true,"href":"https:\/\/uhfp.centre-inffo.fr\/2025\/wp-json\/wp\/v2\/categories?post=6462"},{"taxonomy":"post_tag","embeddable":true,"href":"https:\/\/uhfp.centre-inffo.fr\/2025\/wp-json\/wp\/v2\/tags?post=6462"}],"curies":[{"name":"wp","href":"https:\/\/api.w.org\/{rel}","templated":true}]}}