{"id":7047,"date":"2022-10-27T09:39:00","date_gmt":"2022-10-27T07:39:00","guid":{"rendered":"https:\/\/uhfp.centre-inffo.fr\/2025\/?page_id=7047"},"modified":"2025-01-21T14:10:49","modified_gmt":"2025-01-21T13:10:49","slug":"romain-pigeaud","status":"publish","type":"page","link":"https:\/\/uhfp.centre-inffo.fr\/2025\/romain-pigeaud\/","title":{"rendered":"Romain Pigeaud"},"content":{"rendered":"\n<hr class=\"wp-block-separator has-alpha-channel-opacity\"\/>\n\n\n\n<p>Romain Pigeaud, exerce actuellement une mission d\u2019expertise juridique, de r\u00e9daction, d\u2019audit de conformit\u00e9, d\u2019animation de formation et d\u2019accompagnement des professionnels et institutions de la formation professionnelle. <\/p>\n\n\n\n<p>Sp\u00e9cialiste sur les questions concernant les contrats en alternances et leur financement depuis de nombreuses ann\u00e9es, il participe \u00e0 la r\u00e9daction des Fiches pratiques de la formation continue, \u00e0 des rapports pour le Cedefop, et intervient r\u00e9guli\u00e8rement sur la pr\u00e9sentation de la formation professionnelle.<\/p>\n\n\n\n<h2 class=\"wp-block-heading\">Interventions<\/h2>\n\n\n\n<ul class=\"list-has-margin\">\n<li><strong><em>A12.4AT<\/em><\/strong><br><a href=\"https:\/\/uhfp.centre-inffo.fr\/2025\/panoramade-lactualite-juridique\/\">Panorama de l\u2019actualit\u00e9 juridique : apprentissage, CPF, VAE\u2026<\/a><\/li>\n\n\n\n<li><strong><em>C37.4AT<\/em><\/strong><br><a href=\"https:\/\/uhfp.centre-inffo.fr\/2025\/panorama-de-lactualite-juridique-centre-inffo\/\">Panorama de l\u2019actualit\u00e9 juridique : apprentissage, CPF, VAE\u2026<\/a><\/li>\n\n\n\n<li><strong><em>Learning expedition C39.2LE<\/em><\/strong><br><a href=\"https:\/\/uhfp.centre-inffo.fr\/2025\/campus-sud-des-metiers-nice\/\">Campus Sud des m\u00e9tiers \u2013 Nice<\/a><\/li>\n\n\n\n<li><strong><em>D52.4AT<\/em><\/strong><br><a href=\"https:\/\/uhfp.centre-inffo.fr\/2025\/panorama-de-lactualite-juridique-centre-inffo-2\/\">Panorama de l\u2019actualit\u00e9 juridique : apprentissage, CPF, VAE\u2026<\/a><\/li>\n\n\n\n<li><strong><em>E56.4AT<\/em><\/strong><br><a href=\"https:\/\/uhfp.centre-inffo.fr\/2025\/panorama-de-lactualite-juridique-centre-inffo-3\/\">Panorama de l\u2019actualit\u00e9 juridique : apprentissage, CPF, VAE\u2026<\/a><\/li>\n<\/ul>\n","protected":false},"excerpt":{"rendered":"<p>Romain Pigeaud, exerce actuellement une mission d\u2019expertise juridique, de r\u00e9daction, d\u2019audit de conformit\u00e9, d\u2019animation de formation et d\u2019accompagnement des professionnels et institutions de la formation professionnelle. Sp\u00e9cialiste sur les questions concernant les contrats en alternances et leur financement depuis de nombreuses ann\u00e9es, il participe \u00e0 la r\u00e9daction des Fiches pratiques de la formation continue, \u00e0 &#8230; <a title=\"Romain Pigeaud\" class=\"read-more\" href=\"https:\/\/uhfp.centre-inffo.fr\/2025\/romain-pigeaud\/\" aria-label=\"Read more about Romain Pigeaud\">Lire la suite<\/a><\/p>\n","protected":false},"author":2,"featured_media":7048,"parent":0,"menu_order":0,"comment_status":"closed","ping_status":"closed","template":"","meta":{"_acf_changed":false,"footnotes":""},"categories":[9],"tags":[],"acf":[],"yoast_head":"<!-- This site is optimized with the Yoast SEO plugin v22.4 - https:\/\/yoast.com\/wordpress\/plugins\/seo\/ -->\n<title>Romain Pigeaud - 19e Universit\u00e9 d&#039;Hiver de la Formation Professionnelle<\/title>\n<meta name=\"robots\" content=\"index, follow, max-snippet:-1, max-image-preview:large, max-video-preview:-1\" \/>\n<link rel=\"canonical\" href=\"https:\/\/uhfp.centre-inffo.fr\/2025\/romain-pigeaud\/\" \/>\n<meta property=\"og:locale\" content=\"fr_FR\" \/>\n<meta property=\"og:type\" content=\"article\" \/>\n<meta property=\"og:title\" content=\"Romain Pigeaud - 19e Universit\u00e9 d&#039;Hiver de la Formation Professionnelle\" \/>\n<meta property=\"og:description\" content=\"Romain Pigeaud, exerce actuellement une mission d\u2019expertise juridique, de r\u00e9daction, d\u2019audit de conformit\u00e9, d\u2019animation de formation et d\u2019accompagnement des professionnels et institutions de la formation professionnelle. Sp\u00e9cialiste sur les questions concernant les contrats en alternances et leur financement depuis de nombreuses ann\u00e9es, il participe \u00e0 la r\u00e9daction des Fiches pratiques de la formation continue, \u00e0 ... Lire la suite\" \/>\n<meta property=\"og:url\" content=\"https:\/\/uhfp.centre-inffo.fr\/2025\/romain-pigeaud\/\" \/>\n<meta property=\"og:site_name\" content=\"19e Universit\u00e9 d&#039;Hiver de la Formation Professionnelle\" \/>\n<meta property=\"article:publisher\" content=\"https:\/\/www.facebook.com\/centreinffo\" \/>\n<meta property=\"article:modified_time\" content=\"2025-01-21T13:10:49+00:00\" \/>\n<meta property=\"og:image\" content=\"https:\/\/uhfp.centre-inffo.fr\/2025\/wp-content\/uploads\/2025\/01\/pigeaud.jpg\" \/>\n\t<meta property=\"og:image:width\" content=\"600\" \/>\n\t<meta property=\"og:image:height\" content=\"600\" \/>\n\t<meta property=\"og:image:type\" content=\"image\/jpeg\" \/>\n<meta name=\"twitter:card\" content=\"summary_large_image\" \/>\n<meta name=\"twitter:site\" content=\"@centreinffo\" \/>\n<meta name=\"twitter:label1\" content=\"Dur\u00e9e de lecture estim\u00e9e\" \/>\n\t<meta name=\"twitter:data1\" content=\"1 minute\" \/>\n<script type=\"application\/ld+json\" class=\"yoast-schema-graph\">{\"@context\":\"https:\/\/schema.org\",\"@graph\":[{\"@type\":\"WebPage\",\"@id\":\"https:\/\/uhfp.centre-inffo.fr\/2025\/romain-pigeaud\/\",\"url\":\"https:\/\/uhfp.centre-inffo.fr\/2025\/romain-pigeaud\/\",\"name\":\"Romain Pigeaud - 19e Universit\u00e9 d&#039;Hiver de la Formation Professionnelle\",\"isPartOf\":{\"@id\":\"https:\/\/uhfp.centre-inffo.fr\/2025\/#website\"},\"primaryImageOfPage\":{\"@id\":\"https:\/\/uhfp.centre-inffo.fr\/2025\/romain-pigeaud\/#primaryimage\"},\"image\":{\"@id\":\"https:\/\/uhfp.centre-inffo.fr\/2025\/romain-pigeaud\/#primaryimage\"},\"thumbnailUrl\":\"https:\/\/uhfp.centre-inffo.fr\/2025\/wp-content\/uploads\/2025\/01\/pigeaud.jpg\",\"datePublished\":\"2022-10-27T07:39:00+00:00\",\"dateModified\":\"2025-01-21T13:10:49+00:00\",\"breadcrumb\":{\"@id\":\"https:\/\/uhfp.centre-inffo.fr\/2025\/romain-pigeaud\/#breadcrumb\"},\"inLanguage\":\"fr-FR\",\"potentialAction\":[{\"@type\":\"ReadAction\",\"target\":[\"https:\/\/uhfp.centre-inffo.fr\/2025\/romain-pigeaud\/\"]}]},{\"@type\":\"ImageObject\",\"inLanguage\":\"fr-FR\",\"@id\":\"https:\/\/uhfp.centre-inffo.fr\/2025\/romain-pigeaud\/#primaryimage\",\"url\":\"https:\/\/uhfp.centre-inffo.fr\/2025\/wp-content\/uploads\/2025\/01\/pigeaud.jpg\",\"contentUrl\":\"https:\/\/uhfp.centre-inffo.fr\/2025\/wp-content\/uploads\/2025\/01\/pigeaud.jpg\",\"width\":600,\"height\":600},{\"@type\":\"BreadcrumbList\",\"@id\":\"https:\/\/uhfp.centre-inffo.fr\/2025\/romain-pigeaud\/#breadcrumb\",\"itemListElement\":[{\"@type\":\"ListItem\",\"position\":1,\"name\":\"Accueil\",\"item\":\"https:\/\/uhfp.centre-inffo.fr\/2025\/\"},{\"@type\":\"ListItem\",\"position\":2,\"name\":\"Intervenants\",\"item\":\"https:\/\/uhfp.centre-inffo.fr\/2025\/rubrique\/intervenants\/\"},{\"@type\":\"ListItem\",\"position\":3,\"name\":\"Romain Pigeaud\"}]},{\"@type\":\"WebSite\",\"@id\":\"https:\/\/uhfp.centre-inffo.fr\/2025\/#website\",\"url\":\"https:\/\/uhfp.centre-inffo.fr\/2025\/\",\"name\":\"19e Universit\u00e9 d'Hiver de la Formation Professionnelle\",\"description\":\"Du 22 au 24 janvier 2025, au Palais des Festivals de Cannes\",\"publisher\":{\"@id\":\"https:\/\/uhfp.centre-inffo.fr\/2025\/#organization\"},\"alternateName\":\"19e UHFP\",\"potentialAction\":[{\"@type\":\"SearchAction\",\"target\":{\"@type\":\"EntryPoint\",\"urlTemplate\":\"https:\/\/uhfp.centre-inffo.fr\/2025\/?s={search_term_string}\"},\"query-input\":\"required name=search_term_string\"}],\"inLanguage\":\"fr-FR\"},{\"@type\":\"Organization\",\"@id\":\"https:\/\/uhfp.centre-inffo.fr\/2025\/#organization\",\"name\":\"Centre Inffo\",\"url\":\"https:\/\/uhfp.centre-inffo.fr\/2025\/\",\"logo\":{\"@type\":\"ImageObject\",\"inLanguage\":\"fr-FR\",\"@id\":\"https:\/\/uhfp.centre-inffo.fr\/2025\/#\/schema\/logo\/image\/\",\"url\":\"https:\/\/uhfp.centre-inffo.fr\/2025\/wp-content\/uploads\/2024\/02\/logo-19e-uhfp.png\",\"contentUrl\":\"https:\/\/uhfp.centre-inffo.fr\/2025\/wp-content\/uploads\/2024\/02\/logo-19e-uhfp.png\",\"width\":842,\"height\":595,\"caption\":\"Centre Inffo\"},\"image\":{\"@id\":\"https:\/\/uhfp.centre-inffo.fr\/2025\/#\/schema\/logo\/image\/\"},\"sameAs\":[\"https:\/\/www.facebook.com\/centreinffo\",\"https:\/\/twitter.com\/centreinffo\",\"https:\/\/www.linkedin.com\/company\/centre-inffo\/\",\"https:\/\/www.youtube.com\/user\/centreinffo\"]}]}<\/script>\n<!-- \/ Yoast SEO plugin. -->","yoast_head_json":{"title":"Romain Pigeaud - 19e Universit\u00e9 d&#039;Hiver de la Formation Professionnelle","robots":{"index":"index","follow":"follow","max-snippet":"max-snippet:-1","max-image-preview":"max-image-preview:large","max-video-preview":"max-video-preview:-1"},"canonical":"https:\/\/uhfp.centre-inffo.fr\/2025\/romain-pigeaud\/","og_locale":"fr_FR","og_type":"article","og_title":"Romain Pigeaud - 19e Universit\u00e9 d&#039;Hiver de la Formation Professionnelle","og_description":"Romain Pigeaud, exerce actuellement une mission d\u2019expertise juridique, de r\u00e9daction, d\u2019audit de conformit\u00e9, d\u2019animation de formation et d\u2019accompagnement des professionnels et institutions de la formation professionnelle. Sp\u00e9cialiste sur les questions concernant les contrats en alternances et leur financement depuis de nombreuses ann\u00e9es, il participe \u00e0 la r\u00e9daction des Fiches pratiques de la formation continue, \u00e0 ... Lire la suite","og_url":"https:\/\/uhfp.centre-inffo.fr\/2025\/romain-pigeaud\/","og_site_name":"19e Universit\u00e9 d&#039;Hiver de la Formation Professionnelle","article_publisher":"https:\/\/www.facebook.com\/centreinffo","article_modified_time":"2025-01-21T13:10:49+00:00","og_image":[{"width":600,"height":600,"url":"https:\/\/uhfp.centre-inffo.fr\/2025\/wp-content\/uploads\/2025\/01\/pigeaud.jpg","type":"image\/jpeg"}],"twitter_card":"summary_large_image","twitter_site":"@centreinffo","twitter_misc":{"Dur\u00e9e de lecture estim\u00e9e":"1 minute"},"schema":{"@context":"https:\/\/schema.org","@graph":[{"@type":"WebPage","@id":"https:\/\/uhfp.centre-inffo.fr\/2025\/romain-pigeaud\/","url":"https:\/\/uhfp.centre-inffo.fr\/2025\/romain-pigeaud\/","name":"Romain Pigeaud - 19e Universit\u00e9 d&#039;Hiver de la Formation Professionnelle","isPartOf":{"@id":"https:\/\/uhfp.centre-inffo.fr\/2025\/#website"},"primaryImageOfPage":{"@id":"https:\/\/uhfp.centre-inffo.fr\/2025\/romain-pigeaud\/#primaryimage"},"image":{"@id":"https:\/\/uhfp.centre-inffo.fr\/2025\/romain-pigeaud\/#primaryimage"},"thumbnailUrl":"https:\/\/uhfp.centre-inffo.fr\/2025\/wp-content\/uploads\/2025\/01\/pigeaud.jpg","datePublished":"2022-10-27T07:39:00+00:00","dateModified":"2025-01-21T13:10:49+00:00","breadcrumb":{"@id":"https:\/\/uhfp.centre-inffo.fr\/2025\/romain-pigeaud\/#breadcrumb"},"inLanguage":"fr-FR","potentialAction":[{"@type":"ReadAction","target":["https:\/\/uhfp.centre-inffo.fr\/2025\/romain-pigeaud\/"]}]},{"@type":"ImageObject","inLanguage":"fr-FR","@id":"https:\/\/uhfp.centre-inffo.fr\/2025\/romain-pigeaud\/#primaryimage","url":"https:\/\/uhfp.centre-inffo.fr\/2025\/wp-content\/uploads\/2025\/01\/pigeaud.jpg","contentUrl":"https:\/\/uhfp.centre-inffo.fr\/2025\/wp-content\/uploads\/2025\/01\/pigeaud.jpg","width":600,"height":600},{"@type":"BreadcrumbList","@id":"https:\/\/uhfp.centre-inffo.fr\/2025\/romain-pigeaud\/#breadcrumb","itemListElement":[{"@type":"ListItem","position":1,"name":"Accueil","item":"https:\/\/uhfp.centre-inffo.fr\/2025\/"},{"@type":"ListItem","position":2,"name":"Intervenants","item":"https:\/\/uhfp.centre-inffo.fr\/2025\/rubrique\/intervenants\/"},{"@type":"ListItem","position":3,"name":"Romain Pigeaud"}]},{"@type":"WebSite","@id":"https:\/\/uhfp.centre-inffo.fr\/2025\/#website","url":"https:\/\/uhfp.centre-inffo.fr\/2025\/","name":"19e Universit\u00e9 d'Hiver de la Formation Professionnelle","description":"Du 22 au 24 janvier 2025, au Palais des Festivals de Cannes","publisher":{"@id":"https:\/\/uhfp.centre-inffo.fr\/2025\/#organization"},"alternateName":"19e UHFP","potentialAction":[{"@type":"SearchAction","target":{"@type":"EntryPoint","urlTemplate":"https:\/\/uhfp.centre-inffo.fr\/2025\/?s={search_term_string}"},"query-input":"required name=search_term_string"}],"inLanguage":"fr-FR"},{"@type":"Organization","@id":"https:\/\/uhfp.centre-inffo.fr\/2025\/#organization","name":"Centre Inffo","url":"https:\/\/uhfp.centre-inffo.fr\/2025\/","logo":{"@type":"ImageObject","inLanguage":"fr-FR","@id":"https:\/\/uhfp.centre-inffo.fr\/2025\/#\/schema\/logo\/image\/","url":"https:\/\/uhfp.centre-inffo.fr\/2025\/wp-content\/uploads\/2024\/02\/logo-19e-uhfp.png","contentUrl":"https:\/\/uhfp.centre-inffo.fr\/2025\/wp-content\/uploads\/2024\/02\/logo-19e-uhfp.png","width":842,"height":595,"caption":"Centre Inffo"},"image":{"@id":"https:\/\/uhfp.centre-inffo.fr\/2025\/#\/schema\/logo\/image\/"},"sameAs":["https:\/\/www.facebook.com\/centreinffo","https:\/\/twitter.com\/centreinffo","https:\/\/www.linkedin.com\/company\/centre-inffo\/","https:\/\/www.youtube.com\/user\/centreinffo"]}]}},"_links":{"self":[{"href":"https:\/\/uhfp.centre-inffo.fr\/2025\/wp-json\/wp\/v2\/pages\/7047"}],"collection":[{"href":"https:\/\/uhfp.centre-inffo.fr\/2025\/wp-json\/wp\/v2\/pages"}],"about":[{"href":"https:\/\/uhfp.centre-inffo.fr\/2025\/wp-json\/wp\/v2\/types\/page"}],"author":[{"embeddable":true,"href":"https:\/\/uhfp.centre-inffo.fr\/2025\/wp-json\/wp\/v2\/users\/2"}],"replies":[{"embeddable":true,"href":"https:\/\/uhfp.centre-inffo.fr\/2025\/wp-json\/wp\/v2\/comments?post=7047"}],"version-history":[{"count":7,"href":"https:\/\/uhfp.centre-inffo.fr\/2025\/wp-json\/wp\/v2\/pages\/7047\/revisions"}],"predecessor-version":[{"id":8843,"href":"https:\/\/uhfp.centre-inffo.fr\/2025\/wp-json\/wp\/v2\/pages\/7047\/revisions\/8843"}],"wp:featuredmedia":[{"embeddable":true,"href":"https:\/\/uhfp.centre-inffo.fr\/2025\/wp-json\/wp\/v2\/media\/7048"}],"wp:attachment":[{"href":"https:\/\/uhfp.centre-inffo.fr\/2025\/wp-json\/wp\/v2\/media?parent=7047"}],"wp:term":[{"taxonomy":"category","embeddable":true,"href":"https:\/\/uhfp.centre-inffo.fr\/2025\/wp-json\/wp\/v2\/categories?post=7047"},{"taxonomy":"post_tag","embeddable":true,"href":"https:\/\/uhfp.centre-inffo.fr\/2025\/wp-json\/wp\/v2\/tags?post=7047"}],"curies":[{"name":"wp","href":"https:\/\/api.w.org\/{rel}","templated":true}]}}