{"id":7061,"date":"2022-10-02T10:05:00","date_gmt":"2022-10-02T08:05:00","guid":{"rendered":"https:\/\/uhfp.centre-inffo.fr\/2025\/?page_id=7061"},"modified":"2025-01-14T09:30:47","modified_gmt":"2025-01-14T08:30:47","slug":"anais-pretot","status":"publish","type":"page","link":"https:\/\/uhfp.centre-inffo.fr\/2025\/anais-pretot\/","title":{"rendered":"Ana\u00efs Pr\u00e9tot"},"content":{"rendered":"\n<hr class=\"wp-block-separator has-alpha-channel-opacity\"\/>\n\n\n\n<p>Ana\u00efs Pr\u00e9tot est co-fondatrice et directrice g\u00e9n\u00e9rale de LiveMentor, Edtech leader sur le segment de la cr\u00e9ation d&rsquo;entreprise (+ de 36 000 apprenants accompagn\u00e9s, 15m\u20ac de chiffre d&rsquo;affaires et 80+ collaborateurs). Entreprise \u00e0 mission, LiveMentor publie chaque ann\u00e9e un rapport d&rsquo;impact qui fait \u00e9tat des r\u00e9sultats de ses programmes. On y apprend notamment que 69% des apprenants ont effectivement cr\u00e9\u00e9 une entreprise \u00e0 l&rsquo;issue de leur parcours de formation, et que 89% sont encore actives apr\u00e8s 3 ans. Pr\u00e9curseur dans la formation dite mentor\u00e9e, LiveMentor a d\u00e9velopp\u00e9 une plateforme en ligne propri\u00e9taire qui lui permet d&rsquo;op\u00e9rer des milliers de parcours de formations individualis\u00e9s chaque ann\u00e9e, avec un taux de satisfaction &gt; 90%. <\/p>\n\n\n\n<p>Originaire de Franche Comt\u00e9 et dipl\u00f4m\u00e9e de l&rsquo;ESCP EUROPE et de l&rsquo;Universit\u00e9 Carlos III de Madrid, Ana\u00efs Pr\u00e9tot a auparavant oeuvr\u00e9 pendant 4 ans au d\u00e9veloppement de la start up onefinestay en Europe, revendue en 2016 \u00e0 AccorHotels. Son ambition ? D\u00e9mystifier l&rsquo;entrepreneuriat, en d\u00e9montrant par la pratique qu&rsquo;il ne conna\u00eet ni les dipl\u00f4mes, ni les al\u00e9as de parcours, ni les barri\u00e8res g\u00e9ographiques. En parall\u00e8le de son activit\u00e9 chez LiveMentor, Ana\u00efs Pr\u00e9tot est Vice Pr\u00e9sidente et Tr\u00e9sori\u00e8re de Edtech France, en charge de l&rsquo;impact et de l&#8217;emploi.<\/p>\n\n\n\n<h2 class=\"wp-block-heading\">Intervention<\/h2>\n\n\n\n<ul class=\"list-has-margin\">\n<li><strong><em>B18.2AT<\/em><\/strong><br><a href=\"https:\/\/uhfp.centre-inffo.fr\/2025\/comment-favoriser-lengagement-dune-personne-dans-un-parcours-de-transition-professionnelle\/\">Comment favoriser l\u2019engagement d\u2019une personne dans un parcours de transition professionnelle ?<\/a><\/li>\n\n\n\n<li><strong><em>D43.1TR<\/em><\/strong><br><a href=\"https:\/\/uhfp.centre-inffo.fr\/2025\/developper-un-esprit-critique-face-a-lia\/\">D\u00e9velopper un esprit critique face \u00e0 l&rsquo;IA\u00a0<\/a><\/li>\n<\/ul>\n","protected":false},"excerpt":{"rendered":"<p>Ana\u00efs Pr\u00e9tot est co-fondatrice et directrice g\u00e9n\u00e9rale de LiveMentor, Edtech leader sur le segment de la cr\u00e9ation d&rsquo;entreprise (+ de 36 000 apprenants accompagn\u00e9s, 15m\u20ac de chiffre d&rsquo;affaires et 80+ collaborateurs). Entreprise \u00e0 mission, LiveMentor publie chaque ann\u00e9e un rapport d&rsquo;impact qui fait \u00e9tat des r\u00e9sultats de ses programmes. On y apprend notamment que 69% &#8230; <a title=\"Ana\u00efs Pr\u00e9tot\" class=\"read-more\" href=\"https:\/\/uhfp.centre-inffo.fr\/2025\/anais-pretot\/\" aria-label=\"Read more about Ana\u00efs Pr\u00e9tot\">Lire la suite<\/a><\/p>\n","protected":false},"author":2,"featured_media":7064,"parent":0,"menu_order":0,"comment_status":"closed","ping_status":"closed","template":"","meta":{"_acf_changed":false,"footnotes":""},"categories":[9],"tags":[],"acf":[],"yoast_head":"<!-- This site is optimized with the Yoast SEO plugin v22.4 - https:\/\/yoast.com\/wordpress\/plugins\/seo\/ -->\n<title>Ana\u00efs Pr\u00e9tot - 19e Universit\u00e9 d&#039;Hiver de la Formation Professionnelle<\/title>\n<meta name=\"robots\" content=\"index, follow, max-snippet:-1, max-image-preview:large, max-video-preview:-1\" \/>\n<link rel=\"canonical\" href=\"https:\/\/uhfp.centre-inffo.fr\/2025\/anais-pretot\/\" \/>\n<meta property=\"og:locale\" content=\"fr_FR\" \/>\n<meta property=\"og:type\" content=\"article\" \/>\n<meta property=\"og:title\" content=\"Ana\u00efs Pr\u00e9tot - 19e Universit\u00e9 d&#039;Hiver de la Formation Professionnelle\" \/>\n<meta property=\"og:description\" content=\"Ana\u00efs Pr\u00e9tot est co-fondatrice et directrice g\u00e9n\u00e9rale de LiveMentor, Edtech leader sur le segment de la cr\u00e9ation d&rsquo;entreprise (+ de 36 000 apprenants accompagn\u00e9s, 15m\u20ac de chiffre d&rsquo;affaires et 80+ collaborateurs). Entreprise \u00e0 mission, LiveMentor publie chaque ann\u00e9e un rapport d&rsquo;impact qui fait \u00e9tat des r\u00e9sultats de ses programmes. On y apprend notamment que 69% ... Lire la suite\" \/>\n<meta property=\"og:url\" content=\"https:\/\/uhfp.centre-inffo.fr\/2025\/anais-pretot\/\" \/>\n<meta property=\"og:site_name\" content=\"19e Universit\u00e9 d&#039;Hiver de la Formation Professionnelle\" \/>\n<meta property=\"article:publisher\" content=\"https:\/\/www.facebook.com\/centreinffo\" \/>\n<meta property=\"article:modified_time\" content=\"2025-01-14T08:30:47+00:00\" \/>\n<meta property=\"og:image\" content=\"https:\/\/uhfp.centre-inffo.fr\/2025\/wp-content\/uploads\/2025\/01\/pretot.jpg\" \/>\n\t<meta property=\"og:image:width\" content=\"600\" \/>\n\t<meta property=\"og:image:height\" content=\"600\" \/>\n\t<meta property=\"og:image:type\" content=\"image\/jpeg\" \/>\n<meta name=\"twitter:card\" content=\"summary_large_image\" \/>\n<meta name=\"twitter:site\" content=\"@centreinffo\" \/>\n<meta name=\"twitter:label1\" content=\"Dur\u00e9e de lecture estim\u00e9e\" \/>\n\t<meta name=\"twitter:data1\" content=\"2 minutes\" \/>\n<script type=\"application\/ld+json\" class=\"yoast-schema-graph\">{\"@context\":\"https:\/\/schema.org\",\"@graph\":[{\"@type\":\"WebPage\",\"@id\":\"https:\/\/uhfp.centre-inffo.fr\/2025\/anais-pretot\/\",\"url\":\"https:\/\/uhfp.centre-inffo.fr\/2025\/anais-pretot\/\",\"name\":\"Ana\u00efs Pr\u00e9tot - 19e Universit\u00e9 d&#039;Hiver de la Formation Professionnelle\",\"isPartOf\":{\"@id\":\"https:\/\/uhfp.centre-inffo.fr\/2025\/#website\"},\"primaryImageOfPage\":{\"@id\":\"https:\/\/uhfp.centre-inffo.fr\/2025\/anais-pretot\/#primaryimage\"},\"image\":{\"@id\":\"https:\/\/uhfp.centre-inffo.fr\/2025\/anais-pretot\/#primaryimage\"},\"thumbnailUrl\":\"https:\/\/uhfp.centre-inffo.fr\/2025\/wp-content\/uploads\/2025\/01\/pretot.jpg\",\"datePublished\":\"2022-10-02T08:05:00+00:00\",\"dateModified\":\"2025-01-14T08:30:47+00:00\",\"breadcrumb\":{\"@id\":\"https:\/\/uhfp.centre-inffo.fr\/2025\/anais-pretot\/#breadcrumb\"},\"inLanguage\":\"fr-FR\",\"potentialAction\":[{\"@type\":\"ReadAction\",\"target\":[\"https:\/\/uhfp.centre-inffo.fr\/2025\/anais-pretot\/\"]}]},{\"@type\":\"ImageObject\",\"inLanguage\":\"fr-FR\",\"@id\":\"https:\/\/uhfp.centre-inffo.fr\/2025\/anais-pretot\/#primaryimage\",\"url\":\"https:\/\/uhfp.centre-inffo.fr\/2025\/wp-content\/uploads\/2025\/01\/pretot.jpg\",\"contentUrl\":\"https:\/\/uhfp.centre-inffo.fr\/2025\/wp-content\/uploads\/2025\/01\/pretot.jpg\",\"width\":600,\"height\":600},{\"@type\":\"BreadcrumbList\",\"@id\":\"https:\/\/uhfp.centre-inffo.fr\/2025\/anais-pretot\/#breadcrumb\",\"itemListElement\":[{\"@type\":\"ListItem\",\"position\":1,\"name\":\"Accueil\",\"item\":\"https:\/\/uhfp.centre-inffo.fr\/2025\/\"},{\"@type\":\"ListItem\",\"position\":2,\"name\":\"Intervenants\",\"item\":\"https:\/\/uhfp.centre-inffo.fr\/2025\/rubrique\/intervenants\/\"},{\"@type\":\"ListItem\",\"position\":3,\"name\":\"Ana\u00efs Pr\u00e9tot\"}]},{\"@type\":\"WebSite\",\"@id\":\"https:\/\/uhfp.centre-inffo.fr\/2025\/#website\",\"url\":\"https:\/\/uhfp.centre-inffo.fr\/2025\/\",\"name\":\"19e Universit\u00e9 d'Hiver de la Formation Professionnelle\",\"description\":\"Du 22 au 24 janvier 2025, au Palais des Festivals de Cannes\",\"publisher\":{\"@id\":\"https:\/\/uhfp.centre-inffo.fr\/2025\/#organization\"},\"alternateName\":\"19e UHFP\",\"potentialAction\":[{\"@type\":\"SearchAction\",\"target\":{\"@type\":\"EntryPoint\",\"urlTemplate\":\"https:\/\/uhfp.centre-inffo.fr\/2025\/?s={search_term_string}\"},\"query-input\":\"required name=search_term_string\"}],\"inLanguage\":\"fr-FR\"},{\"@type\":\"Organization\",\"@id\":\"https:\/\/uhfp.centre-inffo.fr\/2025\/#organization\",\"name\":\"Centre Inffo\",\"url\":\"https:\/\/uhfp.centre-inffo.fr\/2025\/\",\"logo\":{\"@type\":\"ImageObject\",\"inLanguage\":\"fr-FR\",\"@id\":\"https:\/\/uhfp.centre-inffo.fr\/2025\/#\/schema\/logo\/image\/\",\"url\":\"https:\/\/uhfp.centre-inffo.fr\/2025\/wp-content\/uploads\/2024\/02\/logo-19e-uhfp.png\",\"contentUrl\":\"https:\/\/uhfp.centre-inffo.fr\/2025\/wp-content\/uploads\/2024\/02\/logo-19e-uhfp.png\",\"width\":842,\"height\":595,\"caption\":\"Centre Inffo\"},\"image\":{\"@id\":\"https:\/\/uhfp.centre-inffo.fr\/2025\/#\/schema\/logo\/image\/\"},\"sameAs\":[\"https:\/\/www.facebook.com\/centreinffo\",\"https:\/\/twitter.com\/centreinffo\",\"https:\/\/www.linkedin.com\/company\/centre-inffo\/\",\"https:\/\/www.youtube.com\/user\/centreinffo\"]}]}<\/script>\n<!-- \/ Yoast SEO plugin. -->","yoast_head_json":{"title":"Ana\u00efs Pr\u00e9tot - 19e Universit\u00e9 d&#039;Hiver de la Formation Professionnelle","robots":{"index":"index","follow":"follow","max-snippet":"max-snippet:-1","max-image-preview":"max-image-preview:large","max-video-preview":"max-video-preview:-1"},"canonical":"https:\/\/uhfp.centre-inffo.fr\/2025\/anais-pretot\/","og_locale":"fr_FR","og_type":"article","og_title":"Ana\u00efs Pr\u00e9tot - 19e Universit\u00e9 d&#039;Hiver de la Formation Professionnelle","og_description":"Ana\u00efs Pr\u00e9tot est co-fondatrice et directrice g\u00e9n\u00e9rale de LiveMentor, Edtech leader sur le segment de la cr\u00e9ation d&rsquo;entreprise (+ de 36 000 apprenants accompagn\u00e9s, 15m\u20ac de chiffre d&rsquo;affaires et 80+ collaborateurs). Entreprise \u00e0 mission, LiveMentor publie chaque ann\u00e9e un rapport d&rsquo;impact qui fait \u00e9tat des r\u00e9sultats de ses programmes. On y apprend notamment que 69% ... Lire la suite","og_url":"https:\/\/uhfp.centre-inffo.fr\/2025\/anais-pretot\/","og_site_name":"19e Universit\u00e9 d&#039;Hiver de la Formation Professionnelle","article_publisher":"https:\/\/www.facebook.com\/centreinffo","article_modified_time":"2025-01-14T08:30:47+00:00","og_image":[{"width":600,"height":600,"url":"https:\/\/uhfp.centre-inffo.fr\/2025\/wp-content\/uploads\/2025\/01\/pretot.jpg","type":"image\/jpeg"}],"twitter_card":"summary_large_image","twitter_site":"@centreinffo","twitter_misc":{"Dur\u00e9e de lecture estim\u00e9e":"2 minutes"},"schema":{"@context":"https:\/\/schema.org","@graph":[{"@type":"WebPage","@id":"https:\/\/uhfp.centre-inffo.fr\/2025\/anais-pretot\/","url":"https:\/\/uhfp.centre-inffo.fr\/2025\/anais-pretot\/","name":"Ana\u00efs Pr\u00e9tot - 19e Universit\u00e9 d&#039;Hiver de la Formation Professionnelle","isPartOf":{"@id":"https:\/\/uhfp.centre-inffo.fr\/2025\/#website"},"primaryImageOfPage":{"@id":"https:\/\/uhfp.centre-inffo.fr\/2025\/anais-pretot\/#primaryimage"},"image":{"@id":"https:\/\/uhfp.centre-inffo.fr\/2025\/anais-pretot\/#primaryimage"},"thumbnailUrl":"https:\/\/uhfp.centre-inffo.fr\/2025\/wp-content\/uploads\/2025\/01\/pretot.jpg","datePublished":"2022-10-02T08:05:00+00:00","dateModified":"2025-01-14T08:30:47+00:00","breadcrumb":{"@id":"https:\/\/uhfp.centre-inffo.fr\/2025\/anais-pretot\/#breadcrumb"},"inLanguage":"fr-FR","potentialAction":[{"@type":"ReadAction","target":["https:\/\/uhfp.centre-inffo.fr\/2025\/anais-pretot\/"]}]},{"@type":"ImageObject","inLanguage":"fr-FR","@id":"https:\/\/uhfp.centre-inffo.fr\/2025\/anais-pretot\/#primaryimage","url":"https:\/\/uhfp.centre-inffo.fr\/2025\/wp-content\/uploads\/2025\/01\/pretot.jpg","contentUrl":"https:\/\/uhfp.centre-inffo.fr\/2025\/wp-content\/uploads\/2025\/01\/pretot.jpg","width":600,"height":600},{"@type":"BreadcrumbList","@id":"https:\/\/uhfp.centre-inffo.fr\/2025\/anais-pretot\/#breadcrumb","itemListElement":[{"@type":"ListItem","position":1,"name":"Accueil","item":"https:\/\/uhfp.centre-inffo.fr\/2025\/"},{"@type":"ListItem","position":2,"name":"Intervenants","item":"https:\/\/uhfp.centre-inffo.fr\/2025\/rubrique\/intervenants\/"},{"@type":"ListItem","position":3,"name":"Ana\u00efs Pr\u00e9tot"}]},{"@type":"WebSite","@id":"https:\/\/uhfp.centre-inffo.fr\/2025\/#website","url":"https:\/\/uhfp.centre-inffo.fr\/2025\/","name":"19e Universit\u00e9 d'Hiver de la Formation Professionnelle","description":"Du 22 au 24 janvier 2025, au Palais des Festivals de Cannes","publisher":{"@id":"https:\/\/uhfp.centre-inffo.fr\/2025\/#organization"},"alternateName":"19e UHFP","potentialAction":[{"@type":"SearchAction","target":{"@type":"EntryPoint","urlTemplate":"https:\/\/uhfp.centre-inffo.fr\/2025\/?s={search_term_string}"},"query-input":"required name=search_term_string"}],"inLanguage":"fr-FR"},{"@type":"Organization","@id":"https:\/\/uhfp.centre-inffo.fr\/2025\/#organization","name":"Centre Inffo","url":"https:\/\/uhfp.centre-inffo.fr\/2025\/","logo":{"@type":"ImageObject","inLanguage":"fr-FR","@id":"https:\/\/uhfp.centre-inffo.fr\/2025\/#\/schema\/logo\/image\/","url":"https:\/\/uhfp.centre-inffo.fr\/2025\/wp-content\/uploads\/2024\/02\/logo-19e-uhfp.png","contentUrl":"https:\/\/uhfp.centre-inffo.fr\/2025\/wp-content\/uploads\/2024\/02\/logo-19e-uhfp.png","width":842,"height":595,"caption":"Centre Inffo"},"image":{"@id":"https:\/\/uhfp.centre-inffo.fr\/2025\/#\/schema\/logo\/image\/"},"sameAs":["https:\/\/www.facebook.com\/centreinffo","https:\/\/twitter.com\/centreinffo","https:\/\/www.linkedin.com\/company\/centre-inffo\/","https:\/\/www.youtube.com\/user\/centreinffo"]}]}},"_links":{"self":[{"href":"https:\/\/uhfp.centre-inffo.fr\/2025\/wp-json\/wp\/v2\/pages\/7061"}],"collection":[{"href":"https:\/\/uhfp.centre-inffo.fr\/2025\/wp-json\/wp\/v2\/pages"}],"about":[{"href":"https:\/\/uhfp.centre-inffo.fr\/2025\/wp-json\/wp\/v2\/types\/page"}],"author":[{"embeddable":true,"href":"https:\/\/uhfp.centre-inffo.fr\/2025\/wp-json\/wp\/v2\/users\/2"}],"replies":[{"embeddable":true,"href":"https:\/\/uhfp.centre-inffo.fr\/2025\/wp-json\/wp\/v2\/comments?post=7061"}],"version-history":[{"count":5,"href":"https:\/\/uhfp.centre-inffo.fr\/2025\/wp-json\/wp\/v2\/pages\/7061\/revisions"}],"predecessor-version":[{"id":7958,"href":"https:\/\/uhfp.centre-inffo.fr\/2025\/wp-json\/wp\/v2\/pages\/7061\/revisions\/7958"}],"wp:featuredmedia":[{"embeddable":true,"href":"https:\/\/uhfp.centre-inffo.fr\/2025\/wp-json\/wp\/v2\/media\/7064"}],"wp:attachment":[{"href":"https:\/\/uhfp.centre-inffo.fr\/2025\/wp-json\/wp\/v2\/media?parent=7061"}],"wp:term":[{"taxonomy":"category","embeddable":true,"href":"https:\/\/uhfp.centre-inffo.fr\/2025\/wp-json\/wp\/v2\/categories?post=7061"},{"taxonomy":"post_tag","embeddable":true,"href":"https:\/\/uhfp.centre-inffo.fr\/2025\/wp-json\/wp\/v2\/tags?post=7061"}],"curies":[{"name":"wp","href":"https:\/\/api.w.org\/{rel}","templated":true}]}}