{"id":7070,"date":"2023-10-02T10:15:00","date_gmt":"2023-10-02T08:15:00","guid":{"rendered":"https:\/\/uhfp.centre-inffo.fr\/2025\/?page_id=7070"},"modified":"2025-01-20T13:12:15","modified_gmt":"2025-01-20T12:12:15","slug":"florence-dumontier","status":"publish","type":"page","link":"https:\/\/uhfp.centre-inffo.fr\/2025\/florence-dumontier\/","title":{"rendered":"Florence Dumontier"},"content":{"rendered":"\n<hr class=\"wp-block-separator has-alpha-channel-opacity\"\/>\n\n\n\n<p>Florence Dumontier est depuis ao\u00fbt 2019 directrice Europe et relations internationales au sein de la direction g\u00e9n\u00e9rale de P\u00f4le emploi. Dot\u00e9e d\u2019une solide exp\u00e9rience dans le service public de l\u2019emploi fran\u00e7ais, elle a exerc\u00e9 successivement les fonctions de directrice de trois r\u00e9gions, avant de prendre en charge l\u2019activit\u00e9 op\u00e9rationnelle de P\u00f4le emploi, puis cr\u00e9\u00e9 l\u2019Universit\u00e9 du management.<\/p>\n\n\n\n<h2 class=\"wp-block-heading\">Intervention<\/h2>\n\n\n\n<ul>\n<li><strong><em>A5.1AT<\/em><\/strong><br><a href=\"http:\/\/La mobilit\u00e9 des apprentis : un passeport\">La mobilit\u00e9 des apprentis : un passeport pour l\u2019excellence et l\u2019\u00e9galit\u00e9 des chances<\/a><\/li>\n<\/ul>\n","protected":false},"excerpt":{"rendered":"<p>Florence Dumontier est depuis ao\u00fbt 2019 directrice Europe et relations internationales au sein de la direction g\u00e9n\u00e9rale de P\u00f4le emploi. Dot\u00e9e d\u2019une solide exp\u00e9rience dans le service public de l\u2019emploi fran\u00e7ais, elle a exerc\u00e9 successivement les fonctions de directrice de trois r\u00e9gions, avant de prendre en charge l\u2019activit\u00e9 op\u00e9rationnelle de P\u00f4le emploi, puis cr\u00e9\u00e9 l\u2019Universit\u00e9 &#8230; <a title=\"Florence Dumontier\" class=\"read-more\" href=\"https:\/\/uhfp.centre-inffo.fr\/2025\/florence-dumontier\/\" aria-label=\"Read more about Florence Dumontier\">Lire la suite<\/a><\/p>\n","protected":false},"author":2,"featured_media":7072,"parent":0,"menu_order":0,"comment_status":"closed","ping_status":"closed","template":"","meta":{"_acf_changed":false,"footnotes":""},"categories":[9],"tags":[],"acf":[],"yoast_head":"<!-- This site is optimized with the Yoast SEO plugin v22.4 - https:\/\/yoast.com\/wordpress\/plugins\/seo\/ -->\n<title>Florence Dumontier - 19e Universit\u00e9 d&#039;Hiver de la Formation Professionnelle<\/title>\n<meta name=\"robots\" content=\"index, follow, max-snippet:-1, max-image-preview:large, max-video-preview:-1\" \/>\n<link rel=\"canonical\" href=\"https:\/\/uhfp.centre-inffo.fr\/2025\/florence-dumontier\/\" \/>\n<meta property=\"og:locale\" content=\"fr_FR\" \/>\n<meta property=\"og:type\" content=\"article\" \/>\n<meta property=\"og:title\" content=\"Florence Dumontier - 19e Universit\u00e9 d&#039;Hiver de la Formation Professionnelle\" \/>\n<meta property=\"og:description\" content=\"Florence Dumontier est depuis ao\u00fbt 2019 directrice Europe et relations internationales au sein de la direction g\u00e9n\u00e9rale de P\u00f4le emploi. Dot\u00e9e d\u2019une solide exp\u00e9rience dans le service public de l\u2019emploi fran\u00e7ais, elle a exerc\u00e9 successivement les fonctions de directrice de trois r\u00e9gions, avant de prendre en charge l\u2019activit\u00e9 op\u00e9rationnelle de P\u00f4le emploi, puis cr\u00e9\u00e9 l\u2019Universit\u00e9 ... Lire la suite\" \/>\n<meta property=\"og:url\" content=\"https:\/\/uhfp.centre-inffo.fr\/2025\/florence-dumontier\/\" \/>\n<meta property=\"og:site_name\" content=\"19e Universit\u00e9 d&#039;Hiver de la Formation Professionnelle\" \/>\n<meta property=\"article:publisher\" content=\"https:\/\/www.facebook.com\/centreinffo\" \/>\n<meta property=\"article:modified_time\" content=\"2025-01-20T12:12:15+00:00\" \/>\n<meta property=\"og:image\" content=\"https:\/\/uhfp.centre-inffo.fr\/2025\/wp-content\/uploads\/2025\/01\/dumontier.jpg\" \/>\n\t<meta property=\"og:image:width\" content=\"600\" \/>\n\t<meta property=\"og:image:height\" content=\"600\" \/>\n\t<meta property=\"og:image:type\" content=\"image\/jpeg\" \/>\n<meta name=\"twitter:card\" content=\"summary_large_image\" \/>\n<meta name=\"twitter:site\" content=\"@centreinffo\" \/>\n<meta name=\"twitter:label1\" content=\"Dur\u00e9e de lecture estim\u00e9e\" \/>\n\t<meta name=\"twitter:data1\" content=\"1 minute\" \/>\n<script type=\"application\/ld+json\" class=\"yoast-schema-graph\">{\"@context\":\"https:\/\/schema.org\",\"@graph\":[{\"@type\":\"WebPage\",\"@id\":\"https:\/\/uhfp.centre-inffo.fr\/2025\/florence-dumontier\/\",\"url\":\"https:\/\/uhfp.centre-inffo.fr\/2025\/florence-dumontier\/\",\"name\":\"Florence Dumontier - 19e Universit\u00e9 d&#039;Hiver de la Formation Professionnelle\",\"isPartOf\":{\"@id\":\"https:\/\/uhfp.centre-inffo.fr\/2025\/#website\"},\"primaryImageOfPage\":{\"@id\":\"https:\/\/uhfp.centre-inffo.fr\/2025\/florence-dumontier\/#primaryimage\"},\"image\":{\"@id\":\"https:\/\/uhfp.centre-inffo.fr\/2025\/florence-dumontier\/#primaryimage\"},\"thumbnailUrl\":\"https:\/\/uhfp.centre-inffo.fr\/2025\/wp-content\/uploads\/2025\/01\/dumontier.jpg\",\"datePublished\":\"2023-10-02T08:15:00+00:00\",\"dateModified\":\"2025-01-20T12:12:15+00:00\",\"breadcrumb\":{\"@id\":\"https:\/\/uhfp.centre-inffo.fr\/2025\/florence-dumontier\/#breadcrumb\"},\"inLanguage\":\"fr-FR\",\"potentialAction\":[{\"@type\":\"ReadAction\",\"target\":[\"https:\/\/uhfp.centre-inffo.fr\/2025\/florence-dumontier\/\"]}]},{\"@type\":\"ImageObject\",\"inLanguage\":\"fr-FR\",\"@id\":\"https:\/\/uhfp.centre-inffo.fr\/2025\/florence-dumontier\/#primaryimage\",\"url\":\"https:\/\/uhfp.centre-inffo.fr\/2025\/wp-content\/uploads\/2025\/01\/dumontier.jpg\",\"contentUrl\":\"https:\/\/uhfp.centre-inffo.fr\/2025\/wp-content\/uploads\/2025\/01\/dumontier.jpg\",\"width\":600,\"height\":600},{\"@type\":\"BreadcrumbList\",\"@id\":\"https:\/\/uhfp.centre-inffo.fr\/2025\/florence-dumontier\/#breadcrumb\",\"itemListElement\":[{\"@type\":\"ListItem\",\"position\":1,\"name\":\"Accueil\",\"item\":\"https:\/\/uhfp.centre-inffo.fr\/2025\/\"},{\"@type\":\"ListItem\",\"position\":2,\"name\":\"Intervenants\",\"item\":\"https:\/\/uhfp.centre-inffo.fr\/2025\/rubrique\/intervenants\/\"},{\"@type\":\"ListItem\",\"position\":3,\"name\":\"Florence Dumontier\"}]},{\"@type\":\"WebSite\",\"@id\":\"https:\/\/uhfp.centre-inffo.fr\/2025\/#website\",\"url\":\"https:\/\/uhfp.centre-inffo.fr\/2025\/\",\"name\":\"19e Universit\u00e9 d'Hiver de la Formation Professionnelle\",\"description\":\"Du 22 au 24 janvier 2025, au Palais des Festivals de Cannes\",\"publisher\":{\"@id\":\"https:\/\/uhfp.centre-inffo.fr\/2025\/#organization\"},\"alternateName\":\"19e UHFP\",\"potentialAction\":[{\"@type\":\"SearchAction\",\"target\":{\"@type\":\"EntryPoint\",\"urlTemplate\":\"https:\/\/uhfp.centre-inffo.fr\/2025\/?s={search_term_string}\"},\"query-input\":\"required name=search_term_string\"}],\"inLanguage\":\"fr-FR\"},{\"@type\":\"Organization\",\"@id\":\"https:\/\/uhfp.centre-inffo.fr\/2025\/#organization\",\"name\":\"Centre Inffo\",\"url\":\"https:\/\/uhfp.centre-inffo.fr\/2025\/\",\"logo\":{\"@type\":\"ImageObject\",\"inLanguage\":\"fr-FR\",\"@id\":\"https:\/\/uhfp.centre-inffo.fr\/2025\/#\/schema\/logo\/image\/\",\"url\":\"https:\/\/uhfp.centre-inffo.fr\/2025\/wp-content\/uploads\/2024\/02\/logo-19e-uhfp.png\",\"contentUrl\":\"https:\/\/uhfp.centre-inffo.fr\/2025\/wp-content\/uploads\/2024\/02\/logo-19e-uhfp.png\",\"width\":842,\"height\":595,\"caption\":\"Centre Inffo\"},\"image\":{\"@id\":\"https:\/\/uhfp.centre-inffo.fr\/2025\/#\/schema\/logo\/image\/\"},\"sameAs\":[\"https:\/\/www.facebook.com\/centreinffo\",\"https:\/\/twitter.com\/centreinffo\",\"https:\/\/www.linkedin.com\/company\/centre-inffo\/\",\"https:\/\/www.youtube.com\/user\/centreinffo\"]}]}<\/script>\n<!-- \/ Yoast SEO plugin. -->","yoast_head_json":{"title":"Florence Dumontier - 19e Universit\u00e9 d&#039;Hiver de la Formation Professionnelle","robots":{"index":"index","follow":"follow","max-snippet":"max-snippet:-1","max-image-preview":"max-image-preview:large","max-video-preview":"max-video-preview:-1"},"canonical":"https:\/\/uhfp.centre-inffo.fr\/2025\/florence-dumontier\/","og_locale":"fr_FR","og_type":"article","og_title":"Florence Dumontier - 19e Universit\u00e9 d&#039;Hiver de la Formation Professionnelle","og_description":"Florence Dumontier est depuis ao\u00fbt 2019 directrice Europe et relations internationales au sein de la direction g\u00e9n\u00e9rale de P\u00f4le emploi. Dot\u00e9e d\u2019une solide exp\u00e9rience dans le service public de l\u2019emploi fran\u00e7ais, elle a exerc\u00e9 successivement les fonctions de directrice de trois r\u00e9gions, avant de prendre en charge l\u2019activit\u00e9 op\u00e9rationnelle de P\u00f4le emploi, puis cr\u00e9\u00e9 l\u2019Universit\u00e9 ... Lire la suite","og_url":"https:\/\/uhfp.centre-inffo.fr\/2025\/florence-dumontier\/","og_site_name":"19e Universit\u00e9 d&#039;Hiver de la Formation Professionnelle","article_publisher":"https:\/\/www.facebook.com\/centreinffo","article_modified_time":"2025-01-20T12:12:15+00:00","og_image":[{"width":600,"height":600,"url":"https:\/\/uhfp.centre-inffo.fr\/2025\/wp-content\/uploads\/2025\/01\/dumontier.jpg","type":"image\/jpeg"}],"twitter_card":"summary_large_image","twitter_site":"@centreinffo","twitter_misc":{"Dur\u00e9e de lecture estim\u00e9e":"1 minute"},"schema":{"@context":"https:\/\/schema.org","@graph":[{"@type":"WebPage","@id":"https:\/\/uhfp.centre-inffo.fr\/2025\/florence-dumontier\/","url":"https:\/\/uhfp.centre-inffo.fr\/2025\/florence-dumontier\/","name":"Florence Dumontier - 19e Universit\u00e9 d&#039;Hiver de la Formation Professionnelle","isPartOf":{"@id":"https:\/\/uhfp.centre-inffo.fr\/2025\/#website"},"primaryImageOfPage":{"@id":"https:\/\/uhfp.centre-inffo.fr\/2025\/florence-dumontier\/#primaryimage"},"image":{"@id":"https:\/\/uhfp.centre-inffo.fr\/2025\/florence-dumontier\/#primaryimage"},"thumbnailUrl":"https:\/\/uhfp.centre-inffo.fr\/2025\/wp-content\/uploads\/2025\/01\/dumontier.jpg","datePublished":"2023-10-02T08:15:00+00:00","dateModified":"2025-01-20T12:12:15+00:00","breadcrumb":{"@id":"https:\/\/uhfp.centre-inffo.fr\/2025\/florence-dumontier\/#breadcrumb"},"inLanguage":"fr-FR","potentialAction":[{"@type":"ReadAction","target":["https:\/\/uhfp.centre-inffo.fr\/2025\/florence-dumontier\/"]}]},{"@type":"ImageObject","inLanguage":"fr-FR","@id":"https:\/\/uhfp.centre-inffo.fr\/2025\/florence-dumontier\/#primaryimage","url":"https:\/\/uhfp.centre-inffo.fr\/2025\/wp-content\/uploads\/2025\/01\/dumontier.jpg","contentUrl":"https:\/\/uhfp.centre-inffo.fr\/2025\/wp-content\/uploads\/2025\/01\/dumontier.jpg","width":600,"height":600},{"@type":"BreadcrumbList","@id":"https:\/\/uhfp.centre-inffo.fr\/2025\/florence-dumontier\/#breadcrumb","itemListElement":[{"@type":"ListItem","position":1,"name":"Accueil","item":"https:\/\/uhfp.centre-inffo.fr\/2025\/"},{"@type":"ListItem","position":2,"name":"Intervenants","item":"https:\/\/uhfp.centre-inffo.fr\/2025\/rubrique\/intervenants\/"},{"@type":"ListItem","position":3,"name":"Florence Dumontier"}]},{"@type":"WebSite","@id":"https:\/\/uhfp.centre-inffo.fr\/2025\/#website","url":"https:\/\/uhfp.centre-inffo.fr\/2025\/","name":"19e Universit\u00e9 d'Hiver de la Formation Professionnelle","description":"Du 22 au 24 janvier 2025, au Palais des Festivals de Cannes","publisher":{"@id":"https:\/\/uhfp.centre-inffo.fr\/2025\/#organization"},"alternateName":"19e UHFP","potentialAction":[{"@type":"SearchAction","target":{"@type":"EntryPoint","urlTemplate":"https:\/\/uhfp.centre-inffo.fr\/2025\/?s={search_term_string}"},"query-input":"required name=search_term_string"}],"inLanguage":"fr-FR"},{"@type":"Organization","@id":"https:\/\/uhfp.centre-inffo.fr\/2025\/#organization","name":"Centre Inffo","url":"https:\/\/uhfp.centre-inffo.fr\/2025\/","logo":{"@type":"ImageObject","inLanguage":"fr-FR","@id":"https:\/\/uhfp.centre-inffo.fr\/2025\/#\/schema\/logo\/image\/","url":"https:\/\/uhfp.centre-inffo.fr\/2025\/wp-content\/uploads\/2024\/02\/logo-19e-uhfp.png","contentUrl":"https:\/\/uhfp.centre-inffo.fr\/2025\/wp-content\/uploads\/2024\/02\/logo-19e-uhfp.png","width":842,"height":595,"caption":"Centre Inffo"},"image":{"@id":"https:\/\/uhfp.centre-inffo.fr\/2025\/#\/schema\/logo\/image\/"},"sameAs":["https:\/\/www.facebook.com\/centreinffo","https:\/\/twitter.com\/centreinffo","https:\/\/www.linkedin.com\/company\/centre-inffo\/","https:\/\/www.youtube.com\/user\/centreinffo"]}]}},"_links":{"self":[{"href":"https:\/\/uhfp.centre-inffo.fr\/2025\/wp-json\/wp\/v2\/pages\/7070"}],"collection":[{"href":"https:\/\/uhfp.centre-inffo.fr\/2025\/wp-json\/wp\/v2\/pages"}],"about":[{"href":"https:\/\/uhfp.centre-inffo.fr\/2025\/wp-json\/wp\/v2\/types\/page"}],"author":[{"embeddable":true,"href":"https:\/\/uhfp.centre-inffo.fr\/2025\/wp-json\/wp\/v2\/users\/2"}],"replies":[{"embeddable":true,"href":"https:\/\/uhfp.centre-inffo.fr\/2025\/wp-json\/wp\/v2\/comments?post=7070"}],"version-history":[{"count":3,"href":"https:\/\/uhfp.centre-inffo.fr\/2025\/wp-json\/wp\/v2\/pages\/7070\/revisions"}],"predecessor-version":[{"id":8457,"href":"https:\/\/uhfp.centre-inffo.fr\/2025\/wp-json\/wp\/v2\/pages\/7070\/revisions\/8457"}],"wp:featuredmedia":[{"embeddable":true,"href":"https:\/\/uhfp.centre-inffo.fr\/2025\/wp-json\/wp\/v2\/media\/7072"}],"wp:attachment":[{"href":"https:\/\/uhfp.centre-inffo.fr\/2025\/wp-json\/wp\/v2\/media?parent=7070"}],"wp:term":[{"taxonomy":"category","embeddable":true,"href":"https:\/\/uhfp.centre-inffo.fr\/2025\/wp-json\/wp\/v2\/categories?post=7070"},{"taxonomy":"post_tag","embeddable":true,"href":"https:\/\/uhfp.centre-inffo.fr\/2025\/wp-json\/wp\/v2\/tags?post=7070"}],"curies":[{"name":"wp","href":"https:\/\/api.w.org\/{rel}","templated":true}]}}