{"id":7377,"date":"2023-03-22T09:58:00","date_gmt":"2023-03-22T08:58:00","guid":{"rendered":"https:\/\/uhfp.centre-inffo.fr\/2025\/?page_id=7377"},"modified":"2025-01-14T14:01:19","modified_gmt":"2025-01-14T13:01:19","slug":"marianne-kermoal-berthome","status":"publish","type":"page","link":"https:\/\/uhfp.centre-inffo.fr\/2025\/marianne-kermoal-berthome\/","title":{"rendered":"Marianne Kermoal-Berthom\u00e9"},"content":{"rendered":"\n<hr class=\"wp-block-separator has-alpha-channel-opacity\"\/>\n\n\n\n<p>Marianne Kermoal-Berthom\u00e9 est directrice des politiques sociales \u00e0 la Caisse des D\u00e9p\u00f4ts et membre du comit\u00e9 ex\u00e9cutif. La Direction des politiques sociales assure la gestion de r\u00e9gimes de retraite publics, de dispositifs en faveur de la formation professionnelle tel que le compte personnel de formation, de dispositifs en mati\u00e8re de sant\u00e9, handicap et vieillissement.<\/p>\n\n\n\n<p>Marianne Kermoal-Berthom\u00e9 est administratrice de l\u2019Etat, dipl\u00f4m\u00e9e de Sciences Po Paris et de l\u2019Ecole nationale de l\u2019administration.<\/p>\n\n\n\n<p>Elle a occup\u00e9 plusieurs postes \u00e0 responsabilit\u00e9 dans les minist\u00e8res sociaux\u00a0: \u00e0 la direction de la s\u00e9curit\u00e9 sociale et \u00e0 la d\u00e9l\u00e9gation g\u00e9n\u00e9rale \u00e0 l\u2019emploi et la formation professionnelle. Elle a \u00e9t\u00e9 directrice des finances et de l\u2019immobilier de l\u2019Assistance publique \u2013 H\u00f4pitaux de Paris. Elle a \u00e9galement \u00e9t\u00e9 conseill\u00e8re en cabinets minist\u00e9riels\u00a0: aupr\u00e8s du Ministre des comptes publics puis Ministre du travail (2008-2010) puis r\u00e9cemment cheffe du p\u00f4le social de la Premi\u00e8re ministre, Elisabeth Borne.<\/p>\n\n\n\n<h2 class=\"wp-block-heading\">Intervention<\/h2>\n\n\n\n<ul>\n<li><strong><em>C27.1TR<\/em><\/strong><br><a href=\"https:\/\/uhfp.centre-inffo.fr\/2025\/cpf-vae-cep-quelles-perspectives-pour-les-droits-individuels\/\">CPF, VAE, CEP\u2026 Quelles perspectives pour les droits individuels ?<\/a><\/li>\n<\/ul>\n","protected":false},"excerpt":{"rendered":"<p>Marianne Kermoal-Berthom\u00e9 est directrice des politiques sociales \u00e0 la Caisse des D\u00e9p\u00f4ts et membre du comit\u00e9 ex\u00e9cutif. La Direction des politiques sociales assure la gestion de r\u00e9gimes de retraite publics, de dispositifs en faveur de la formation professionnelle tel que le compte personnel de formation, de dispositifs en mati\u00e8re de sant\u00e9, handicap et vieillissement. Marianne &#8230; <a title=\"Marianne Kermoal-Berthom\u00e9\" class=\"read-more\" href=\"https:\/\/uhfp.centre-inffo.fr\/2025\/marianne-kermoal-berthome\/\" aria-label=\"Read more about Marianne Kermoal-Berthom\u00e9\">Lire la suite<\/a><\/p>\n","protected":false},"author":2,"featured_media":7379,"parent":0,"menu_order":0,"comment_status":"closed","ping_status":"closed","template":"","meta":{"_acf_changed":false,"footnotes":""},"categories":[9],"tags":[],"acf":[],"yoast_head":"<!-- This site is optimized with the Yoast SEO plugin v22.4 - https:\/\/yoast.com\/wordpress\/plugins\/seo\/ -->\n<title>Marianne Kermoal-Berthom\u00e9 - 19e Universit\u00e9 d&#039;Hiver de la Formation Professionnelle<\/title>\n<meta name=\"robots\" content=\"index, follow, max-snippet:-1, max-image-preview:large, max-video-preview:-1\" \/>\n<link rel=\"canonical\" href=\"https:\/\/uhfp.centre-inffo.fr\/2025\/marianne-kermoal-berthome\/\" \/>\n<meta property=\"og:locale\" content=\"fr_FR\" \/>\n<meta property=\"og:type\" content=\"article\" \/>\n<meta property=\"og:title\" content=\"Marianne Kermoal-Berthom\u00e9 - 19e Universit\u00e9 d&#039;Hiver de la Formation Professionnelle\" \/>\n<meta property=\"og:description\" content=\"Marianne Kermoal-Berthom\u00e9 est directrice des politiques sociales \u00e0 la Caisse des D\u00e9p\u00f4ts et membre du comit\u00e9 ex\u00e9cutif. La Direction des politiques sociales assure la gestion de r\u00e9gimes de retraite publics, de dispositifs en faveur de la formation professionnelle tel que le compte personnel de formation, de dispositifs en mati\u00e8re de sant\u00e9, handicap et vieillissement. Marianne ... Lire la suite\" \/>\n<meta property=\"og:url\" content=\"https:\/\/uhfp.centre-inffo.fr\/2025\/marianne-kermoal-berthome\/\" \/>\n<meta property=\"og:site_name\" content=\"19e Universit\u00e9 d&#039;Hiver de la Formation Professionnelle\" \/>\n<meta property=\"article:publisher\" content=\"https:\/\/www.facebook.com\/centreinffo\" \/>\n<meta property=\"article:modified_time\" content=\"2025-01-14T13:01:19+00:00\" \/>\n<meta property=\"og:image\" content=\"https:\/\/uhfp.centre-inffo.fr\/2025\/wp-content\/uploads\/2025\/01\/kermoal.jpg\" \/>\n\t<meta property=\"og:image:width\" content=\"600\" \/>\n\t<meta property=\"og:image:height\" content=\"600\" \/>\n\t<meta property=\"og:image:type\" content=\"image\/jpeg\" \/>\n<meta name=\"twitter:card\" content=\"summary_large_image\" \/>\n<meta name=\"twitter:site\" content=\"@centreinffo\" \/>\n<meta name=\"twitter:label1\" content=\"Dur\u00e9e de lecture estim\u00e9e\" \/>\n\t<meta name=\"twitter:data1\" content=\"2 minutes\" \/>\n<script type=\"application\/ld+json\" class=\"yoast-schema-graph\">{\"@context\":\"https:\/\/schema.org\",\"@graph\":[{\"@type\":\"WebPage\",\"@id\":\"https:\/\/uhfp.centre-inffo.fr\/2025\/marianne-kermoal-berthome\/\",\"url\":\"https:\/\/uhfp.centre-inffo.fr\/2025\/marianne-kermoal-berthome\/\",\"name\":\"Marianne Kermoal-Berthom\u00e9 - 19e Universit\u00e9 d&#039;Hiver de la Formation Professionnelle\",\"isPartOf\":{\"@id\":\"https:\/\/uhfp.centre-inffo.fr\/2025\/#website\"},\"primaryImageOfPage\":{\"@id\":\"https:\/\/uhfp.centre-inffo.fr\/2025\/marianne-kermoal-berthome\/#primaryimage\"},\"image\":{\"@id\":\"https:\/\/uhfp.centre-inffo.fr\/2025\/marianne-kermoal-berthome\/#primaryimage\"},\"thumbnailUrl\":\"https:\/\/uhfp.centre-inffo.fr\/2025\/wp-content\/uploads\/2025\/01\/kermoal.jpg\",\"datePublished\":\"2023-03-22T08:58:00+00:00\",\"dateModified\":\"2025-01-14T13:01:19+00:00\",\"breadcrumb\":{\"@id\":\"https:\/\/uhfp.centre-inffo.fr\/2025\/marianne-kermoal-berthome\/#breadcrumb\"},\"inLanguage\":\"fr-FR\",\"potentialAction\":[{\"@type\":\"ReadAction\",\"target\":[\"https:\/\/uhfp.centre-inffo.fr\/2025\/marianne-kermoal-berthome\/\"]}]},{\"@type\":\"ImageObject\",\"inLanguage\":\"fr-FR\",\"@id\":\"https:\/\/uhfp.centre-inffo.fr\/2025\/marianne-kermoal-berthome\/#primaryimage\",\"url\":\"https:\/\/uhfp.centre-inffo.fr\/2025\/wp-content\/uploads\/2025\/01\/kermoal.jpg\",\"contentUrl\":\"https:\/\/uhfp.centre-inffo.fr\/2025\/wp-content\/uploads\/2025\/01\/kermoal.jpg\",\"width\":600,\"height\":600},{\"@type\":\"BreadcrumbList\",\"@id\":\"https:\/\/uhfp.centre-inffo.fr\/2025\/marianne-kermoal-berthome\/#breadcrumb\",\"itemListElement\":[{\"@type\":\"ListItem\",\"position\":1,\"name\":\"Accueil\",\"item\":\"https:\/\/uhfp.centre-inffo.fr\/2025\/\"},{\"@type\":\"ListItem\",\"position\":2,\"name\":\"Intervenants\",\"item\":\"https:\/\/uhfp.centre-inffo.fr\/2025\/rubrique\/intervenants\/\"},{\"@type\":\"ListItem\",\"position\":3,\"name\":\"Marianne Kermoal-Berthom\u00e9\"}]},{\"@type\":\"WebSite\",\"@id\":\"https:\/\/uhfp.centre-inffo.fr\/2025\/#website\",\"url\":\"https:\/\/uhfp.centre-inffo.fr\/2025\/\",\"name\":\"19e Universit\u00e9 d'Hiver de la Formation Professionnelle\",\"description\":\"Du 22 au 24 janvier 2025, au Palais des Festivals de Cannes\",\"publisher\":{\"@id\":\"https:\/\/uhfp.centre-inffo.fr\/2025\/#organization\"},\"alternateName\":\"19e UHFP\",\"potentialAction\":[{\"@type\":\"SearchAction\",\"target\":{\"@type\":\"EntryPoint\",\"urlTemplate\":\"https:\/\/uhfp.centre-inffo.fr\/2025\/?s={search_term_string}\"},\"query-input\":\"required name=search_term_string\"}],\"inLanguage\":\"fr-FR\"},{\"@type\":\"Organization\",\"@id\":\"https:\/\/uhfp.centre-inffo.fr\/2025\/#organization\",\"name\":\"Centre Inffo\",\"url\":\"https:\/\/uhfp.centre-inffo.fr\/2025\/\",\"logo\":{\"@type\":\"ImageObject\",\"inLanguage\":\"fr-FR\",\"@id\":\"https:\/\/uhfp.centre-inffo.fr\/2025\/#\/schema\/logo\/image\/\",\"url\":\"https:\/\/uhfp.centre-inffo.fr\/2025\/wp-content\/uploads\/2024\/02\/logo-19e-uhfp.png\",\"contentUrl\":\"https:\/\/uhfp.centre-inffo.fr\/2025\/wp-content\/uploads\/2024\/02\/logo-19e-uhfp.png\",\"width\":842,\"height\":595,\"caption\":\"Centre Inffo\"},\"image\":{\"@id\":\"https:\/\/uhfp.centre-inffo.fr\/2025\/#\/schema\/logo\/image\/\"},\"sameAs\":[\"https:\/\/www.facebook.com\/centreinffo\",\"https:\/\/twitter.com\/centreinffo\",\"https:\/\/www.linkedin.com\/company\/centre-inffo\/\",\"https:\/\/www.youtube.com\/user\/centreinffo\"]}]}<\/script>\n<!-- \/ Yoast SEO plugin. -->","yoast_head_json":{"title":"Marianne Kermoal-Berthom\u00e9 - 19e Universit\u00e9 d&#039;Hiver de la Formation Professionnelle","robots":{"index":"index","follow":"follow","max-snippet":"max-snippet:-1","max-image-preview":"max-image-preview:large","max-video-preview":"max-video-preview:-1"},"canonical":"https:\/\/uhfp.centre-inffo.fr\/2025\/marianne-kermoal-berthome\/","og_locale":"fr_FR","og_type":"article","og_title":"Marianne Kermoal-Berthom\u00e9 - 19e Universit\u00e9 d&#039;Hiver de la Formation Professionnelle","og_description":"Marianne Kermoal-Berthom\u00e9 est directrice des politiques sociales \u00e0 la Caisse des D\u00e9p\u00f4ts et membre du comit\u00e9 ex\u00e9cutif. La Direction des politiques sociales assure la gestion de r\u00e9gimes de retraite publics, de dispositifs en faveur de la formation professionnelle tel que le compte personnel de formation, de dispositifs en mati\u00e8re de sant\u00e9, handicap et vieillissement. Marianne ... Lire la suite","og_url":"https:\/\/uhfp.centre-inffo.fr\/2025\/marianne-kermoal-berthome\/","og_site_name":"19e Universit\u00e9 d&#039;Hiver de la Formation Professionnelle","article_publisher":"https:\/\/www.facebook.com\/centreinffo","article_modified_time":"2025-01-14T13:01:19+00:00","og_image":[{"width":600,"height":600,"url":"https:\/\/uhfp.centre-inffo.fr\/2025\/wp-content\/uploads\/2025\/01\/kermoal.jpg","type":"image\/jpeg"}],"twitter_card":"summary_large_image","twitter_site":"@centreinffo","twitter_misc":{"Dur\u00e9e de lecture estim\u00e9e":"2 minutes"},"schema":{"@context":"https:\/\/schema.org","@graph":[{"@type":"WebPage","@id":"https:\/\/uhfp.centre-inffo.fr\/2025\/marianne-kermoal-berthome\/","url":"https:\/\/uhfp.centre-inffo.fr\/2025\/marianne-kermoal-berthome\/","name":"Marianne Kermoal-Berthom\u00e9 - 19e Universit\u00e9 d&#039;Hiver de la Formation Professionnelle","isPartOf":{"@id":"https:\/\/uhfp.centre-inffo.fr\/2025\/#website"},"primaryImageOfPage":{"@id":"https:\/\/uhfp.centre-inffo.fr\/2025\/marianne-kermoal-berthome\/#primaryimage"},"image":{"@id":"https:\/\/uhfp.centre-inffo.fr\/2025\/marianne-kermoal-berthome\/#primaryimage"},"thumbnailUrl":"https:\/\/uhfp.centre-inffo.fr\/2025\/wp-content\/uploads\/2025\/01\/kermoal.jpg","datePublished":"2023-03-22T08:58:00+00:00","dateModified":"2025-01-14T13:01:19+00:00","breadcrumb":{"@id":"https:\/\/uhfp.centre-inffo.fr\/2025\/marianne-kermoal-berthome\/#breadcrumb"},"inLanguage":"fr-FR","potentialAction":[{"@type":"ReadAction","target":["https:\/\/uhfp.centre-inffo.fr\/2025\/marianne-kermoal-berthome\/"]}]},{"@type":"ImageObject","inLanguage":"fr-FR","@id":"https:\/\/uhfp.centre-inffo.fr\/2025\/marianne-kermoal-berthome\/#primaryimage","url":"https:\/\/uhfp.centre-inffo.fr\/2025\/wp-content\/uploads\/2025\/01\/kermoal.jpg","contentUrl":"https:\/\/uhfp.centre-inffo.fr\/2025\/wp-content\/uploads\/2025\/01\/kermoal.jpg","width":600,"height":600},{"@type":"BreadcrumbList","@id":"https:\/\/uhfp.centre-inffo.fr\/2025\/marianne-kermoal-berthome\/#breadcrumb","itemListElement":[{"@type":"ListItem","position":1,"name":"Accueil","item":"https:\/\/uhfp.centre-inffo.fr\/2025\/"},{"@type":"ListItem","position":2,"name":"Intervenants","item":"https:\/\/uhfp.centre-inffo.fr\/2025\/rubrique\/intervenants\/"},{"@type":"ListItem","position":3,"name":"Marianne Kermoal-Berthom\u00e9"}]},{"@type":"WebSite","@id":"https:\/\/uhfp.centre-inffo.fr\/2025\/#website","url":"https:\/\/uhfp.centre-inffo.fr\/2025\/","name":"19e Universit\u00e9 d'Hiver de la Formation Professionnelle","description":"Du 22 au 24 janvier 2025, au Palais des Festivals de Cannes","publisher":{"@id":"https:\/\/uhfp.centre-inffo.fr\/2025\/#organization"},"alternateName":"19e UHFP","potentialAction":[{"@type":"SearchAction","target":{"@type":"EntryPoint","urlTemplate":"https:\/\/uhfp.centre-inffo.fr\/2025\/?s={search_term_string}"},"query-input":"required name=search_term_string"}],"inLanguage":"fr-FR"},{"@type":"Organization","@id":"https:\/\/uhfp.centre-inffo.fr\/2025\/#organization","name":"Centre Inffo","url":"https:\/\/uhfp.centre-inffo.fr\/2025\/","logo":{"@type":"ImageObject","inLanguage":"fr-FR","@id":"https:\/\/uhfp.centre-inffo.fr\/2025\/#\/schema\/logo\/image\/","url":"https:\/\/uhfp.centre-inffo.fr\/2025\/wp-content\/uploads\/2024\/02\/logo-19e-uhfp.png","contentUrl":"https:\/\/uhfp.centre-inffo.fr\/2025\/wp-content\/uploads\/2024\/02\/logo-19e-uhfp.png","width":842,"height":595,"caption":"Centre Inffo"},"image":{"@id":"https:\/\/uhfp.centre-inffo.fr\/2025\/#\/schema\/logo\/image\/"},"sameAs":["https:\/\/www.facebook.com\/centreinffo","https:\/\/twitter.com\/centreinffo","https:\/\/www.linkedin.com\/company\/centre-inffo\/","https:\/\/www.youtube.com\/user\/centreinffo"]}]}},"_links":{"self":[{"href":"https:\/\/uhfp.centre-inffo.fr\/2025\/wp-json\/wp\/v2\/pages\/7377"}],"collection":[{"href":"https:\/\/uhfp.centre-inffo.fr\/2025\/wp-json\/wp\/v2\/pages"}],"about":[{"href":"https:\/\/uhfp.centre-inffo.fr\/2025\/wp-json\/wp\/v2\/types\/page"}],"author":[{"embeddable":true,"href":"https:\/\/uhfp.centre-inffo.fr\/2025\/wp-json\/wp\/v2\/users\/2"}],"replies":[{"embeddable":true,"href":"https:\/\/uhfp.centre-inffo.fr\/2025\/wp-json\/wp\/v2\/comments?post=7377"}],"version-history":[{"count":3,"href":"https:\/\/uhfp.centre-inffo.fr\/2025\/wp-json\/wp\/v2\/pages\/7377\/revisions"}],"predecessor-version":[{"id":7987,"href":"https:\/\/uhfp.centre-inffo.fr\/2025\/wp-json\/wp\/v2\/pages\/7377\/revisions\/7987"}],"wp:featuredmedia":[{"embeddable":true,"href":"https:\/\/uhfp.centre-inffo.fr\/2025\/wp-json\/wp\/v2\/media\/7379"}],"wp:attachment":[{"href":"https:\/\/uhfp.centre-inffo.fr\/2025\/wp-json\/wp\/v2\/media?parent=7377"}],"wp:term":[{"taxonomy":"category","embeddable":true,"href":"https:\/\/uhfp.centre-inffo.fr\/2025\/wp-json\/wp\/v2\/categories?post=7377"},{"taxonomy":"post_tag","embeddable":true,"href":"https:\/\/uhfp.centre-inffo.fr\/2025\/wp-json\/wp\/v2\/tags?post=7377"}],"curies":[{"name":"wp","href":"https:\/\/api.w.org\/{rel}","templated":true}]}}