{"id":7498,"date":"2023-12-24T09:52:00","date_gmt":"2023-12-24T08:52:00","guid":{"rendered":"https:\/\/uhfp.centre-inffo.fr\/2025\/?page_id=7498"},"modified":"2025-01-13T13:05:16","modified_gmt":"2025-01-13T12:05:16","slug":"emeraude-bensahnoun","status":"publish","type":"page","link":"https:\/\/uhfp.centre-inffo.fr\/2025\/emeraude-bensahnoun\/","title":{"rendered":"Emeraude Bensahnoun"},"content":{"rendered":"\n<hr class=\"wp-block-separator has-alpha-channel-opacity\"\/>\n\n\n\n<p>Directrice de l\u2019ADEP, je m\u2019inscris dans une d\u00e9marche inspir\u00e9e des principes de l\u2019\u00e9ducation permanente, h\u00e9rit\u00e9e des Lumi\u00e8res et port\u00e9e par l\u2019id\u00e9al de Condorcet. Nous croyons fermement que chaque individu peut, \u00e0 tout moment de sa vie, se d\u00e9passer, reprendre sa vie en main et devenir acteur de son avenir.<\/p>\n\n\n\n<p>Cette ambition s\u2019incarne dans la CRACS \u00ab\u00a0attitude\u00a0\u00bb (Cr\u00e9atif, Responsable, Actif, Critique, Solidaire), un socle de valeurs qui structure notre p\u00e9dagogie. L\u2019ADEP n\u2019est pas seulement un lieu d\u2019apprentissage, mais un espace de transformation o\u00f9 les apprenants d\u00e9veloppent les comp\u00e9tences, la confiance en soi et les outils pour se r\u00e9inventer et s\u2019ins\u00e9rer durablement dans la soci\u00e9t\u00e9.<br>En tant que contributeurs \u00e0 l\u2019insertion professionnelle, nous \u0153uvrons pour cr\u00e9er des passerelles entre les attentes des apprenants, les exigences des entreprises et les d\u00e9fis soci\u00e9taux. \u00c0 travers des programmes adapt\u00e9s et innovants, nous accompagnons chacun dans la red\u00e9finition de son parcours, en lui offrant des opportunit\u00e9s concr\u00e8tes pour renouer avec l\u2019emploi. Je suis convaincue que l\u2019\u00e9ducation, tout au long de la vie, est un levier essentiel pour transformer des trajectoires personnelles tout en r\u00e9pondant aux enjeux collectifs d\u2019une soci\u00e9t\u00e9 en qu\u00eate d\u2019inclusion et de solidarit\u00e9.<\/p>\n\n\n\n<h2 class=\"wp-block-heading\">Intervention<\/h2>\n\n\n\n<ul class=\"list-has-margin\">\n<li><strong><em>B16.1TR<\/em><\/strong><br><a href=\"https:\/\/uhfp.centre-inffo.fr\/2025\/lemancipation-a-laune-des-solidarites-publiques\/\">L\u2019\u00e9mancipation : l\u2019insertion \u00e0 l\u2019aune des solidarit\u00e9s publiques<\/a><\/li>\n<\/ul>\n","protected":false},"excerpt":{"rendered":"<p>Directrice de l\u2019ADEP, je m\u2019inscris dans une d\u00e9marche inspir\u00e9e des principes de l\u2019\u00e9ducation permanente, h\u00e9rit\u00e9e des Lumi\u00e8res et port\u00e9e par l\u2019id\u00e9al de Condorcet. Nous croyons fermement que chaque individu peut, \u00e0 tout moment de sa vie, se d\u00e9passer, reprendre sa vie en main et devenir acteur de son avenir. Cette ambition s\u2019incarne dans la CRACS &#8230; <a title=\"Emeraude Bensahnoun\" class=\"read-more\" href=\"https:\/\/uhfp.centre-inffo.fr\/2025\/emeraude-bensahnoun\/\" aria-label=\"Read more about Emeraude Bensahnoun\">Lire la suite<\/a><\/p>\n","protected":false},"author":2,"featured_media":7502,"parent":0,"menu_order":0,"comment_status":"closed","ping_status":"closed","template":"","meta":{"_acf_changed":false,"footnotes":""},"categories":[9],"tags":[],"acf":[],"yoast_head":"<!-- This site is optimized with the Yoast SEO plugin v22.4 - https:\/\/yoast.com\/wordpress\/plugins\/seo\/ -->\n<title>Emeraude Bensahnoun - 19e Universit\u00e9 d&#039;Hiver de la Formation Professionnelle<\/title>\n<meta name=\"robots\" content=\"index, follow, max-snippet:-1, max-image-preview:large, max-video-preview:-1\" \/>\n<link rel=\"canonical\" href=\"https:\/\/uhfp.centre-inffo.fr\/2025\/emeraude-bensahnoun\/\" \/>\n<meta property=\"og:locale\" content=\"fr_FR\" \/>\n<meta property=\"og:type\" content=\"article\" \/>\n<meta property=\"og:title\" content=\"Emeraude Bensahnoun - 19e Universit\u00e9 d&#039;Hiver de la Formation Professionnelle\" \/>\n<meta property=\"og:description\" content=\"Directrice de l\u2019ADEP, je m\u2019inscris dans une d\u00e9marche inspir\u00e9e des principes de l\u2019\u00e9ducation permanente, h\u00e9rit\u00e9e des Lumi\u00e8res et port\u00e9e par l\u2019id\u00e9al de Condorcet. Nous croyons fermement que chaque individu peut, \u00e0 tout moment de sa vie, se d\u00e9passer, reprendre sa vie en main et devenir acteur de son avenir. Cette ambition s\u2019incarne dans la CRACS ... Lire la suite\" \/>\n<meta property=\"og:url\" content=\"https:\/\/uhfp.centre-inffo.fr\/2025\/emeraude-bensahnoun\/\" \/>\n<meta property=\"og:site_name\" content=\"19e Universit\u00e9 d&#039;Hiver de la Formation Professionnelle\" \/>\n<meta property=\"article:publisher\" content=\"https:\/\/www.facebook.com\/centreinffo\" \/>\n<meta property=\"article:modified_time\" content=\"2025-01-13T12:05:16+00:00\" \/>\n<meta property=\"og:image\" content=\"https:\/\/uhfp.centre-inffo.fr\/2025\/wp-content\/uploads\/2025\/01\/bensahnoun.jpg\" \/>\n\t<meta property=\"og:image:width\" content=\"600\" \/>\n\t<meta property=\"og:image:height\" content=\"600\" \/>\n\t<meta property=\"og:image:type\" content=\"image\/jpeg\" \/>\n<meta name=\"twitter:card\" content=\"summary_large_image\" \/>\n<meta name=\"twitter:site\" content=\"@centreinffo\" \/>\n<meta name=\"twitter:label1\" content=\"Dur\u00e9e de lecture estim\u00e9e\" \/>\n\t<meta name=\"twitter:data1\" content=\"2 minutes\" \/>\n<script type=\"application\/ld+json\" class=\"yoast-schema-graph\">{\"@context\":\"https:\/\/schema.org\",\"@graph\":[{\"@type\":\"WebPage\",\"@id\":\"https:\/\/uhfp.centre-inffo.fr\/2025\/emeraude-bensahnoun\/\",\"url\":\"https:\/\/uhfp.centre-inffo.fr\/2025\/emeraude-bensahnoun\/\",\"name\":\"Emeraude Bensahnoun - 19e Universit\u00e9 d&#039;Hiver de la Formation Professionnelle\",\"isPartOf\":{\"@id\":\"https:\/\/uhfp.centre-inffo.fr\/2025\/#website\"},\"primaryImageOfPage\":{\"@id\":\"https:\/\/uhfp.centre-inffo.fr\/2025\/emeraude-bensahnoun\/#primaryimage\"},\"image\":{\"@id\":\"https:\/\/uhfp.centre-inffo.fr\/2025\/emeraude-bensahnoun\/#primaryimage\"},\"thumbnailUrl\":\"https:\/\/uhfp.centre-inffo.fr\/2025\/wp-content\/uploads\/2025\/01\/bensahnoun.jpg\",\"datePublished\":\"2023-12-24T08:52:00+00:00\",\"dateModified\":\"2025-01-13T12:05:16+00:00\",\"breadcrumb\":{\"@id\":\"https:\/\/uhfp.centre-inffo.fr\/2025\/emeraude-bensahnoun\/#breadcrumb\"},\"inLanguage\":\"fr-FR\",\"potentialAction\":[{\"@type\":\"ReadAction\",\"target\":[\"https:\/\/uhfp.centre-inffo.fr\/2025\/emeraude-bensahnoun\/\"]}]},{\"@type\":\"ImageObject\",\"inLanguage\":\"fr-FR\",\"@id\":\"https:\/\/uhfp.centre-inffo.fr\/2025\/emeraude-bensahnoun\/#primaryimage\",\"url\":\"https:\/\/uhfp.centre-inffo.fr\/2025\/wp-content\/uploads\/2025\/01\/bensahnoun.jpg\",\"contentUrl\":\"https:\/\/uhfp.centre-inffo.fr\/2025\/wp-content\/uploads\/2025\/01\/bensahnoun.jpg\",\"width\":600,\"height\":600},{\"@type\":\"BreadcrumbList\",\"@id\":\"https:\/\/uhfp.centre-inffo.fr\/2025\/emeraude-bensahnoun\/#breadcrumb\",\"itemListElement\":[{\"@type\":\"ListItem\",\"position\":1,\"name\":\"Accueil\",\"item\":\"https:\/\/uhfp.centre-inffo.fr\/2025\/\"},{\"@type\":\"ListItem\",\"position\":2,\"name\":\"Intervenants\",\"item\":\"https:\/\/uhfp.centre-inffo.fr\/2025\/rubrique\/intervenants\/\"},{\"@type\":\"ListItem\",\"position\":3,\"name\":\"Emeraude Bensahnoun\"}]},{\"@type\":\"WebSite\",\"@id\":\"https:\/\/uhfp.centre-inffo.fr\/2025\/#website\",\"url\":\"https:\/\/uhfp.centre-inffo.fr\/2025\/\",\"name\":\"19e Universit\u00e9 d'Hiver de la Formation Professionnelle\",\"description\":\"Du 22 au 24 janvier 2025, au Palais des Festivals de Cannes\",\"publisher\":{\"@id\":\"https:\/\/uhfp.centre-inffo.fr\/2025\/#organization\"},\"alternateName\":\"19e UHFP\",\"potentialAction\":[{\"@type\":\"SearchAction\",\"target\":{\"@type\":\"EntryPoint\",\"urlTemplate\":\"https:\/\/uhfp.centre-inffo.fr\/2025\/?s={search_term_string}\"},\"query-input\":\"required name=search_term_string\"}],\"inLanguage\":\"fr-FR\"},{\"@type\":\"Organization\",\"@id\":\"https:\/\/uhfp.centre-inffo.fr\/2025\/#organization\",\"name\":\"Centre Inffo\",\"url\":\"https:\/\/uhfp.centre-inffo.fr\/2025\/\",\"logo\":{\"@type\":\"ImageObject\",\"inLanguage\":\"fr-FR\",\"@id\":\"https:\/\/uhfp.centre-inffo.fr\/2025\/#\/schema\/logo\/image\/\",\"url\":\"https:\/\/uhfp.centre-inffo.fr\/2025\/wp-content\/uploads\/2024\/02\/logo-19e-uhfp.png\",\"contentUrl\":\"https:\/\/uhfp.centre-inffo.fr\/2025\/wp-content\/uploads\/2024\/02\/logo-19e-uhfp.png\",\"width\":842,\"height\":595,\"caption\":\"Centre Inffo\"},\"image\":{\"@id\":\"https:\/\/uhfp.centre-inffo.fr\/2025\/#\/schema\/logo\/image\/\"},\"sameAs\":[\"https:\/\/www.facebook.com\/centreinffo\",\"https:\/\/twitter.com\/centreinffo\",\"https:\/\/www.linkedin.com\/company\/centre-inffo\/\",\"https:\/\/www.youtube.com\/user\/centreinffo\"]}]}<\/script>\n<!-- \/ Yoast SEO plugin. -->","yoast_head_json":{"title":"Emeraude Bensahnoun - 19e Universit\u00e9 d&#039;Hiver de la Formation Professionnelle","robots":{"index":"index","follow":"follow","max-snippet":"max-snippet:-1","max-image-preview":"max-image-preview:large","max-video-preview":"max-video-preview:-1"},"canonical":"https:\/\/uhfp.centre-inffo.fr\/2025\/emeraude-bensahnoun\/","og_locale":"fr_FR","og_type":"article","og_title":"Emeraude Bensahnoun - 19e Universit\u00e9 d&#039;Hiver de la Formation Professionnelle","og_description":"Directrice de l\u2019ADEP, je m\u2019inscris dans une d\u00e9marche inspir\u00e9e des principes de l\u2019\u00e9ducation permanente, h\u00e9rit\u00e9e des Lumi\u00e8res et port\u00e9e par l\u2019id\u00e9al de Condorcet. Nous croyons fermement que chaque individu peut, \u00e0 tout moment de sa vie, se d\u00e9passer, reprendre sa vie en main et devenir acteur de son avenir. Cette ambition s\u2019incarne dans la CRACS ... Lire la suite","og_url":"https:\/\/uhfp.centre-inffo.fr\/2025\/emeraude-bensahnoun\/","og_site_name":"19e Universit\u00e9 d&#039;Hiver de la Formation Professionnelle","article_publisher":"https:\/\/www.facebook.com\/centreinffo","article_modified_time":"2025-01-13T12:05:16+00:00","og_image":[{"width":600,"height":600,"url":"https:\/\/uhfp.centre-inffo.fr\/2025\/wp-content\/uploads\/2025\/01\/bensahnoun.jpg","type":"image\/jpeg"}],"twitter_card":"summary_large_image","twitter_site":"@centreinffo","twitter_misc":{"Dur\u00e9e de lecture estim\u00e9e":"2 minutes"},"schema":{"@context":"https:\/\/schema.org","@graph":[{"@type":"WebPage","@id":"https:\/\/uhfp.centre-inffo.fr\/2025\/emeraude-bensahnoun\/","url":"https:\/\/uhfp.centre-inffo.fr\/2025\/emeraude-bensahnoun\/","name":"Emeraude Bensahnoun - 19e Universit\u00e9 d&#039;Hiver de la Formation Professionnelle","isPartOf":{"@id":"https:\/\/uhfp.centre-inffo.fr\/2025\/#website"},"primaryImageOfPage":{"@id":"https:\/\/uhfp.centre-inffo.fr\/2025\/emeraude-bensahnoun\/#primaryimage"},"image":{"@id":"https:\/\/uhfp.centre-inffo.fr\/2025\/emeraude-bensahnoun\/#primaryimage"},"thumbnailUrl":"https:\/\/uhfp.centre-inffo.fr\/2025\/wp-content\/uploads\/2025\/01\/bensahnoun.jpg","datePublished":"2023-12-24T08:52:00+00:00","dateModified":"2025-01-13T12:05:16+00:00","breadcrumb":{"@id":"https:\/\/uhfp.centre-inffo.fr\/2025\/emeraude-bensahnoun\/#breadcrumb"},"inLanguage":"fr-FR","potentialAction":[{"@type":"ReadAction","target":["https:\/\/uhfp.centre-inffo.fr\/2025\/emeraude-bensahnoun\/"]}]},{"@type":"ImageObject","inLanguage":"fr-FR","@id":"https:\/\/uhfp.centre-inffo.fr\/2025\/emeraude-bensahnoun\/#primaryimage","url":"https:\/\/uhfp.centre-inffo.fr\/2025\/wp-content\/uploads\/2025\/01\/bensahnoun.jpg","contentUrl":"https:\/\/uhfp.centre-inffo.fr\/2025\/wp-content\/uploads\/2025\/01\/bensahnoun.jpg","width":600,"height":600},{"@type":"BreadcrumbList","@id":"https:\/\/uhfp.centre-inffo.fr\/2025\/emeraude-bensahnoun\/#breadcrumb","itemListElement":[{"@type":"ListItem","position":1,"name":"Accueil","item":"https:\/\/uhfp.centre-inffo.fr\/2025\/"},{"@type":"ListItem","position":2,"name":"Intervenants","item":"https:\/\/uhfp.centre-inffo.fr\/2025\/rubrique\/intervenants\/"},{"@type":"ListItem","position":3,"name":"Emeraude Bensahnoun"}]},{"@type":"WebSite","@id":"https:\/\/uhfp.centre-inffo.fr\/2025\/#website","url":"https:\/\/uhfp.centre-inffo.fr\/2025\/","name":"19e Universit\u00e9 d'Hiver de la Formation Professionnelle","description":"Du 22 au 24 janvier 2025, au Palais des Festivals de Cannes","publisher":{"@id":"https:\/\/uhfp.centre-inffo.fr\/2025\/#organization"},"alternateName":"19e UHFP","potentialAction":[{"@type":"SearchAction","target":{"@type":"EntryPoint","urlTemplate":"https:\/\/uhfp.centre-inffo.fr\/2025\/?s={search_term_string}"},"query-input":"required name=search_term_string"}],"inLanguage":"fr-FR"},{"@type":"Organization","@id":"https:\/\/uhfp.centre-inffo.fr\/2025\/#organization","name":"Centre Inffo","url":"https:\/\/uhfp.centre-inffo.fr\/2025\/","logo":{"@type":"ImageObject","inLanguage":"fr-FR","@id":"https:\/\/uhfp.centre-inffo.fr\/2025\/#\/schema\/logo\/image\/","url":"https:\/\/uhfp.centre-inffo.fr\/2025\/wp-content\/uploads\/2024\/02\/logo-19e-uhfp.png","contentUrl":"https:\/\/uhfp.centre-inffo.fr\/2025\/wp-content\/uploads\/2024\/02\/logo-19e-uhfp.png","width":842,"height":595,"caption":"Centre Inffo"},"image":{"@id":"https:\/\/uhfp.centre-inffo.fr\/2025\/#\/schema\/logo\/image\/"},"sameAs":["https:\/\/www.facebook.com\/centreinffo","https:\/\/twitter.com\/centreinffo","https:\/\/www.linkedin.com\/company\/centre-inffo\/","https:\/\/www.youtube.com\/user\/centreinffo"]}]}},"_links":{"self":[{"href":"https:\/\/uhfp.centre-inffo.fr\/2025\/wp-json\/wp\/v2\/pages\/7498"}],"collection":[{"href":"https:\/\/uhfp.centre-inffo.fr\/2025\/wp-json\/wp\/v2\/pages"}],"about":[{"href":"https:\/\/uhfp.centre-inffo.fr\/2025\/wp-json\/wp\/v2\/types\/page"}],"author":[{"embeddable":true,"href":"https:\/\/uhfp.centre-inffo.fr\/2025\/wp-json\/wp\/v2\/users\/2"}],"replies":[{"embeddable":true,"href":"https:\/\/uhfp.centre-inffo.fr\/2025\/wp-json\/wp\/v2\/comments?post=7498"}],"version-history":[{"count":5,"href":"https:\/\/uhfp.centre-inffo.fr\/2025\/wp-json\/wp\/v2\/pages\/7498\/revisions"}],"predecessor-version":[{"id":7786,"href":"https:\/\/uhfp.centre-inffo.fr\/2025\/wp-json\/wp\/v2\/pages\/7498\/revisions\/7786"}],"wp:featuredmedia":[{"embeddable":true,"href":"https:\/\/uhfp.centre-inffo.fr\/2025\/wp-json\/wp\/v2\/media\/7502"}],"wp:attachment":[{"href":"https:\/\/uhfp.centre-inffo.fr\/2025\/wp-json\/wp\/v2\/media?parent=7498"}],"wp:term":[{"taxonomy":"category","embeddable":true,"href":"https:\/\/uhfp.centre-inffo.fr\/2025\/wp-json\/wp\/v2\/categories?post=7498"},{"taxonomy":"post_tag","embeddable":true,"href":"https:\/\/uhfp.centre-inffo.fr\/2025\/wp-json\/wp\/v2\/tags?post=7498"}],"curies":[{"name":"wp","href":"https:\/\/api.w.org\/{rel}","templated":true}]}}