{"id":7800,"date":"2023-06-13T13:20:00","date_gmt":"2023-06-13T11:20:00","guid":{"rendered":"https:\/\/uhfp.centre-inffo.fr\/2025\/?page_id=7800"},"modified":"2025-01-13T13:25:23","modified_gmt":"2025-01-13T12:25:23","slug":"herve-huot-marchand","status":"publish","type":"page","link":"https:\/\/uhfp.centre-inffo.fr\/2025\/herve-huot-marchand\/","title":{"rendered":"Herv\u00e9 Huot-Marchand"},"content":{"rendered":"\n<hr class=\"wp-block-separator has-alpha-channel-opacity\"\/>\n\n\n\n<p>Herv\u00e9 Huot-Marchand travaille depuis 2019 au Si\u00e8ge de l&rsquo;UNESCO dans le Secteur de l&rsquo;\u00c9ducation en tant que Chef de la Section pour la Jeunesse, l&rsquo;Alphab\u00e9tisation et le D\u00e9veloppement des Comp\u00e9tences (YLS). Il d\u00e9tient deux Masters, l&rsquo;un en ing\u00e9nierie et l&rsquo;autre dans le domaine des sciences de l&rsquo;\u00e9ducation. Herv\u00e9 Huot-Marchand poss\u00e8de plus de 25 ans d&rsquo;exp\u00e9rience dans le domaine de l&rsquo;\u00e9ducation et de la formation \u00e0 diff\u00e9rents niveaux (mondial, r\u00e9gional et national), principalement en Afrique subsaharienne au niveau international. Il a travaill\u00e9 pour l&rsquo;UNESCO et d&rsquo;autres partenaires bilat\u00e9raux, notamment pendant 10 ans en tant que conseiller r\u00e9gional pour l&rsquo;Enseignement et la Formation Techniques et Professionnelles (EFTP) pour l&rsquo;Afrique subsaharienne, au bureau r\u00e9gional et multisectoriel de l&rsquo;UNESCO \u00e0 Dakar. \u00c0 ce titre, il a activement particip\u00e9 \u00e0 des travaux de recherche, \u00e0 la production de connaissances, au soutien et au d\u00e9veloppement de politiques nationales, au plaidoyer, au d\u00e9veloppement des capacit\u00e9s, ainsi qu&rsquo;au suivi-\u00e9valuation et la coordination des programmes EFTP et d&rsquo;alphab\u00e9tisation. Parmi ses nombreuses innovations, il a \u00e9t\u00e9 pionnier dans l&rsquo;am\u00e9lioration de la coordination et de l&rsquo;efficacit\u00e9 entre les syst\u00e8mes d&rsquo;EFTP et d&rsquo;alphab\u00e9tisation gr\u00e2ce aux TICs, a cr\u00e9\u00e9 et coordonn\u00e9 un groupe inter-institutions sur l&rsquo;EFTP au niveau sous-r\u00e9gional et a d\u00e9velopp\u00e9 une formation mobile innovante sur l&rsquo;EFTP pour atteindre les jeunes et les adultes dans les zones rurales. De 2016 jusqu&rsquo;\u00e0 sa nomination au Si\u00e8ge de l&rsquo;UNESCO, il a \u00e9t\u00e9 Chef de Bureau et Repr\u00e9sentant de l&rsquo;UNESCO au Mali, supervisant l&rsquo;ensemble du mandat de l&rsquo;UNESCO.<\/p>\n\n\n\n<h2 class=\"wp-block-heading\">Intervention<\/h2>\n\n\n\n<ul>\n<li><strong><em>C28.1TR<\/em><\/strong><br><a href=\"https:\/\/uhfp.centre-inffo.fr\/2025\/competences-strategiques-et-souverainete-des-territoires\/\">Comp\u00e9tences strat\u00e9giques et souverainet\u00e9 des territoires<\/a><\/li>\n<\/ul>\n","protected":false},"excerpt":{"rendered":"<p>Herv\u00e9 Huot-Marchand travaille depuis 2019 au Si\u00e8ge de l&rsquo;UNESCO dans le Secteur de l&rsquo;\u00c9ducation en tant que Chef de la Section pour la Jeunesse, l&rsquo;Alphab\u00e9tisation et le D\u00e9veloppement des Comp\u00e9tences (YLS). Il d\u00e9tient deux Masters, l&rsquo;un en ing\u00e9nierie et l&rsquo;autre dans le domaine des sciences de l&rsquo;\u00e9ducation. Herv\u00e9 Huot-Marchand poss\u00e8de plus de 25 ans d&rsquo;exp\u00e9rience &#8230; <a title=\"Herv\u00e9 Huot-Marchand\" class=\"read-more\" href=\"https:\/\/uhfp.centre-inffo.fr\/2025\/herve-huot-marchand\/\" aria-label=\"Read more about Herv\u00e9 Huot-Marchand\">Lire la suite<\/a><\/p>\n","protected":false},"author":2,"featured_media":7804,"parent":0,"menu_order":0,"comment_status":"closed","ping_status":"closed","template":"","meta":{"_acf_changed":false,"footnotes":""},"categories":[9],"tags":[],"acf":[],"yoast_head":"<!-- This site is optimized with the Yoast SEO plugin v22.4 - https:\/\/yoast.com\/wordpress\/plugins\/seo\/ -->\n<title>Herv\u00e9 Huot-Marchand - 19e Universit\u00e9 d&#039;Hiver de la Formation Professionnelle<\/title>\n<meta name=\"robots\" content=\"index, follow, max-snippet:-1, max-image-preview:large, max-video-preview:-1\" \/>\n<link rel=\"canonical\" href=\"https:\/\/uhfp.centre-inffo.fr\/2025\/herve-huot-marchand\/\" \/>\n<meta property=\"og:locale\" content=\"fr_FR\" \/>\n<meta property=\"og:type\" content=\"article\" \/>\n<meta property=\"og:title\" content=\"Herv\u00e9 Huot-Marchand - 19e Universit\u00e9 d&#039;Hiver de la Formation Professionnelle\" \/>\n<meta property=\"og:description\" content=\"Herv\u00e9 Huot-Marchand travaille depuis 2019 au Si\u00e8ge de l&rsquo;UNESCO dans le Secteur de l&rsquo;\u00c9ducation en tant que Chef de la Section pour la Jeunesse, l&rsquo;Alphab\u00e9tisation et le D\u00e9veloppement des Comp\u00e9tences (YLS). Il d\u00e9tient deux Masters, l&rsquo;un en ing\u00e9nierie et l&rsquo;autre dans le domaine des sciences de l&rsquo;\u00e9ducation. Herv\u00e9 Huot-Marchand poss\u00e8de plus de 25 ans d&rsquo;exp\u00e9rience ... Lire la suite\" \/>\n<meta property=\"og:url\" content=\"https:\/\/uhfp.centre-inffo.fr\/2025\/herve-huot-marchand\/\" \/>\n<meta property=\"og:site_name\" content=\"19e Universit\u00e9 d&#039;Hiver de la Formation Professionnelle\" \/>\n<meta property=\"article:publisher\" content=\"https:\/\/www.facebook.com\/centreinffo\" \/>\n<meta property=\"article:modified_time\" content=\"2025-01-13T12:25:23+00:00\" \/>\n<meta property=\"og:image\" content=\"https:\/\/uhfp.centre-inffo.fr\/2025\/wp-content\/uploads\/2025\/01\/huot-marchand.jpg\" \/>\n\t<meta property=\"og:image:width\" content=\"600\" \/>\n\t<meta property=\"og:image:height\" content=\"600\" \/>\n\t<meta property=\"og:image:type\" content=\"image\/jpeg\" \/>\n<meta name=\"twitter:card\" content=\"summary_large_image\" \/>\n<meta name=\"twitter:site\" content=\"@centreinffo\" \/>\n<meta name=\"twitter:label1\" content=\"Dur\u00e9e de lecture estim\u00e9e\" \/>\n\t<meta name=\"twitter:data1\" content=\"2 minutes\" \/>\n<script type=\"application\/ld+json\" class=\"yoast-schema-graph\">{\"@context\":\"https:\/\/schema.org\",\"@graph\":[{\"@type\":\"WebPage\",\"@id\":\"https:\/\/uhfp.centre-inffo.fr\/2025\/herve-huot-marchand\/\",\"url\":\"https:\/\/uhfp.centre-inffo.fr\/2025\/herve-huot-marchand\/\",\"name\":\"Herv\u00e9 Huot-Marchand - 19e Universit\u00e9 d&#039;Hiver de la Formation Professionnelle\",\"isPartOf\":{\"@id\":\"https:\/\/uhfp.centre-inffo.fr\/2025\/#website\"},\"primaryImageOfPage\":{\"@id\":\"https:\/\/uhfp.centre-inffo.fr\/2025\/herve-huot-marchand\/#primaryimage\"},\"image\":{\"@id\":\"https:\/\/uhfp.centre-inffo.fr\/2025\/herve-huot-marchand\/#primaryimage\"},\"thumbnailUrl\":\"https:\/\/uhfp.centre-inffo.fr\/2025\/wp-content\/uploads\/2025\/01\/huot-marchand.jpg\",\"datePublished\":\"2023-06-13T11:20:00+00:00\",\"dateModified\":\"2025-01-13T12:25:23+00:00\",\"breadcrumb\":{\"@id\":\"https:\/\/uhfp.centre-inffo.fr\/2025\/herve-huot-marchand\/#breadcrumb\"},\"inLanguage\":\"fr-FR\",\"potentialAction\":[{\"@type\":\"ReadAction\",\"target\":[\"https:\/\/uhfp.centre-inffo.fr\/2025\/herve-huot-marchand\/\"]}]},{\"@type\":\"ImageObject\",\"inLanguage\":\"fr-FR\",\"@id\":\"https:\/\/uhfp.centre-inffo.fr\/2025\/herve-huot-marchand\/#primaryimage\",\"url\":\"https:\/\/uhfp.centre-inffo.fr\/2025\/wp-content\/uploads\/2025\/01\/huot-marchand.jpg\",\"contentUrl\":\"https:\/\/uhfp.centre-inffo.fr\/2025\/wp-content\/uploads\/2025\/01\/huot-marchand.jpg\",\"width\":600,\"height\":600},{\"@type\":\"BreadcrumbList\",\"@id\":\"https:\/\/uhfp.centre-inffo.fr\/2025\/herve-huot-marchand\/#breadcrumb\",\"itemListElement\":[{\"@type\":\"ListItem\",\"position\":1,\"name\":\"Accueil\",\"item\":\"https:\/\/uhfp.centre-inffo.fr\/2025\/\"},{\"@type\":\"ListItem\",\"position\":2,\"name\":\"Intervenants\",\"item\":\"https:\/\/uhfp.centre-inffo.fr\/2025\/rubrique\/intervenants\/\"},{\"@type\":\"ListItem\",\"position\":3,\"name\":\"Herv\u00e9 Huot-Marchand\"}]},{\"@type\":\"WebSite\",\"@id\":\"https:\/\/uhfp.centre-inffo.fr\/2025\/#website\",\"url\":\"https:\/\/uhfp.centre-inffo.fr\/2025\/\",\"name\":\"19e Universit\u00e9 d'Hiver de la Formation Professionnelle\",\"description\":\"Du 22 au 24 janvier 2025, au Palais des Festivals de Cannes\",\"publisher\":{\"@id\":\"https:\/\/uhfp.centre-inffo.fr\/2025\/#organization\"},\"alternateName\":\"19e UHFP\",\"potentialAction\":[{\"@type\":\"SearchAction\",\"target\":{\"@type\":\"EntryPoint\",\"urlTemplate\":\"https:\/\/uhfp.centre-inffo.fr\/2025\/?s={search_term_string}\"},\"query-input\":\"required name=search_term_string\"}],\"inLanguage\":\"fr-FR\"},{\"@type\":\"Organization\",\"@id\":\"https:\/\/uhfp.centre-inffo.fr\/2025\/#organization\",\"name\":\"Centre Inffo\",\"url\":\"https:\/\/uhfp.centre-inffo.fr\/2025\/\",\"logo\":{\"@type\":\"ImageObject\",\"inLanguage\":\"fr-FR\",\"@id\":\"https:\/\/uhfp.centre-inffo.fr\/2025\/#\/schema\/logo\/image\/\",\"url\":\"https:\/\/uhfp.centre-inffo.fr\/2025\/wp-content\/uploads\/2024\/02\/logo-19e-uhfp.png\",\"contentUrl\":\"https:\/\/uhfp.centre-inffo.fr\/2025\/wp-content\/uploads\/2024\/02\/logo-19e-uhfp.png\",\"width\":842,\"height\":595,\"caption\":\"Centre Inffo\"},\"image\":{\"@id\":\"https:\/\/uhfp.centre-inffo.fr\/2025\/#\/schema\/logo\/image\/\"},\"sameAs\":[\"https:\/\/www.facebook.com\/centreinffo\",\"https:\/\/twitter.com\/centreinffo\",\"https:\/\/www.linkedin.com\/company\/centre-inffo\/\",\"https:\/\/www.youtube.com\/user\/centreinffo\"]}]}<\/script>\n<!-- \/ Yoast SEO plugin. -->","yoast_head_json":{"title":"Herv\u00e9 Huot-Marchand - 19e Universit\u00e9 d&#039;Hiver de la Formation Professionnelle","robots":{"index":"index","follow":"follow","max-snippet":"max-snippet:-1","max-image-preview":"max-image-preview:large","max-video-preview":"max-video-preview:-1"},"canonical":"https:\/\/uhfp.centre-inffo.fr\/2025\/herve-huot-marchand\/","og_locale":"fr_FR","og_type":"article","og_title":"Herv\u00e9 Huot-Marchand - 19e Universit\u00e9 d&#039;Hiver de la Formation Professionnelle","og_description":"Herv\u00e9 Huot-Marchand travaille depuis 2019 au Si\u00e8ge de l&rsquo;UNESCO dans le Secteur de l&rsquo;\u00c9ducation en tant que Chef de la Section pour la Jeunesse, l&rsquo;Alphab\u00e9tisation et le D\u00e9veloppement des Comp\u00e9tences (YLS). Il d\u00e9tient deux Masters, l&rsquo;un en ing\u00e9nierie et l&rsquo;autre dans le domaine des sciences de l&rsquo;\u00e9ducation. Herv\u00e9 Huot-Marchand poss\u00e8de plus de 25 ans d&rsquo;exp\u00e9rience ... Lire la suite","og_url":"https:\/\/uhfp.centre-inffo.fr\/2025\/herve-huot-marchand\/","og_site_name":"19e Universit\u00e9 d&#039;Hiver de la Formation Professionnelle","article_publisher":"https:\/\/www.facebook.com\/centreinffo","article_modified_time":"2025-01-13T12:25:23+00:00","og_image":[{"width":600,"height":600,"url":"https:\/\/uhfp.centre-inffo.fr\/2025\/wp-content\/uploads\/2025\/01\/huot-marchand.jpg","type":"image\/jpeg"}],"twitter_card":"summary_large_image","twitter_site":"@centreinffo","twitter_misc":{"Dur\u00e9e de lecture estim\u00e9e":"2 minutes"},"schema":{"@context":"https:\/\/schema.org","@graph":[{"@type":"WebPage","@id":"https:\/\/uhfp.centre-inffo.fr\/2025\/herve-huot-marchand\/","url":"https:\/\/uhfp.centre-inffo.fr\/2025\/herve-huot-marchand\/","name":"Herv\u00e9 Huot-Marchand - 19e Universit\u00e9 d&#039;Hiver de la Formation Professionnelle","isPartOf":{"@id":"https:\/\/uhfp.centre-inffo.fr\/2025\/#website"},"primaryImageOfPage":{"@id":"https:\/\/uhfp.centre-inffo.fr\/2025\/herve-huot-marchand\/#primaryimage"},"image":{"@id":"https:\/\/uhfp.centre-inffo.fr\/2025\/herve-huot-marchand\/#primaryimage"},"thumbnailUrl":"https:\/\/uhfp.centre-inffo.fr\/2025\/wp-content\/uploads\/2025\/01\/huot-marchand.jpg","datePublished":"2023-06-13T11:20:00+00:00","dateModified":"2025-01-13T12:25:23+00:00","breadcrumb":{"@id":"https:\/\/uhfp.centre-inffo.fr\/2025\/herve-huot-marchand\/#breadcrumb"},"inLanguage":"fr-FR","potentialAction":[{"@type":"ReadAction","target":["https:\/\/uhfp.centre-inffo.fr\/2025\/herve-huot-marchand\/"]}]},{"@type":"ImageObject","inLanguage":"fr-FR","@id":"https:\/\/uhfp.centre-inffo.fr\/2025\/herve-huot-marchand\/#primaryimage","url":"https:\/\/uhfp.centre-inffo.fr\/2025\/wp-content\/uploads\/2025\/01\/huot-marchand.jpg","contentUrl":"https:\/\/uhfp.centre-inffo.fr\/2025\/wp-content\/uploads\/2025\/01\/huot-marchand.jpg","width":600,"height":600},{"@type":"BreadcrumbList","@id":"https:\/\/uhfp.centre-inffo.fr\/2025\/herve-huot-marchand\/#breadcrumb","itemListElement":[{"@type":"ListItem","position":1,"name":"Accueil","item":"https:\/\/uhfp.centre-inffo.fr\/2025\/"},{"@type":"ListItem","position":2,"name":"Intervenants","item":"https:\/\/uhfp.centre-inffo.fr\/2025\/rubrique\/intervenants\/"},{"@type":"ListItem","position":3,"name":"Herv\u00e9 Huot-Marchand"}]},{"@type":"WebSite","@id":"https:\/\/uhfp.centre-inffo.fr\/2025\/#website","url":"https:\/\/uhfp.centre-inffo.fr\/2025\/","name":"19e Universit\u00e9 d'Hiver de la Formation Professionnelle","description":"Du 22 au 24 janvier 2025, au Palais des Festivals de Cannes","publisher":{"@id":"https:\/\/uhfp.centre-inffo.fr\/2025\/#organization"},"alternateName":"19e UHFP","potentialAction":[{"@type":"SearchAction","target":{"@type":"EntryPoint","urlTemplate":"https:\/\/uhfp.centre-inffo.fr\/2025\/?s={search_term_string}"},"query-input":"required name=search_term_string"}],"inLanguage":"fr-FR"},{"@type":"Organization","@id":"https:\/\/uhfp.centre-inffo.fr\/2025\/#organization","name":"Centre Inffo","url":"https:\/\/uhfp.centre-inffo.fr\/2025\/","logo":{"@type":"ImageObject","inLanguage":"fr-FR","@id":"https:\/\/uhfp.centre-inffo.fr\/2025\/#\/schema\/logo\/image\/","url":"https:\/\/uhfp.centre-inffo.fr\/2025\/wp-content\/uploads\/2024\/02\/logo-19e-uhfp.png","contentUrl":"https:\/\/uhfp.centre-inffo.fr\/2025\/wp-content\/uploads\/2024\/02\/logo-19e-uhfp.png","width":842,"height":595,"caption":"Centre Inffo"},"image":{"@id":"https:\/\/uhfp.centre-inffo.fr\/2025\/#\/schema\/logo\/image\/"},"sameAs":["https:\/\/www.facebook.com\/centreinffo","https:\/\/twitter.com\/centreinffo","https:\/\/www.linkedin.com\/company\/centre-inffo\/","https:\/\/www.youtube.com\/user\/centreinffo"]}]}},"_links":{"self":[{"href":"https:\/\/uhfp.centre-inffo.fr\/2025\/wp-json\/wp\/v2\/pages\/7800"}],"collection":[{"href":"https:\/\/uhfp.centre-inffo.fr\/2025\/wp-json\/wp\/v2\/pages"}],"about":[{"href":"https:\/\/uhfp.centre-inffo.fr\/2025\/wp-json\/wp\/v2\/types\/page"}],"author":[{"embeddable":true,"href":"https:\/\/uhfp.centre-inffo.fr\/2025\/wp-json\/wp\/v2\/users\/2"}],"replies":[{"embeddable":true,"href":"https:\/\/uhfp.centre-inffo.fr\/2025\/wp-json\/wp\/v2\/comments?post=7800"}],"version-history":[{"count":2,"href":"https:\/\/uhfp.centre-inffo.fr\/2025\/wp-json\/wp\/v2\/pages\/7800\/revisions"}],"predecessor-version":[{"id":7802,"href":"https:\/\/uhfp.centre-inffo.fr\/2025\/wp-json\/wp\/v2\/pages\/7800\/revisions\/7802"}],"wp:featuredmedia":[{"embeddable":true,"href":"https:\/\/uhfp.centre-inffo.fr\/2025\/wp-json\/wp\/v2\/media\/7804"}],"wp:attachment":[{"href":"https:\/\/uhfp.centre-inffo.fr\/2025\/wp-json\/wp\/v2\/media?parent=7800"}],"wp:term":[{"taxonomy":"category","embeddable":true,"href":"https:\/\/uhfp.centre-inffo.fr\/2025\/wp-json\/wp\/v2\/categories?post=7800"},{"taxonomy":"post_tag","embeddable":true,"href":"https:\/\/uhfp.centre-inffo.fr\/2025\/wp-json\/wp\/v2\/tags?post=7800"}],"curies":[{"name":"wp","href":"https:\/\/api.w.org\/{rel}","templated":true}]}}