{"id":810,"date":"2024-02-07T15:21:52","date_gmt":"2024-02-07T14:21:52","guid":{"rendered":"https:\/\/uhfp.centre-inffo.fr\/2025\/?page_id=810"},"modified":"2025-01-22T11:45:35","modified_gmt":"2025-01-22T10:45:35","slug":"mercredi-22-janvier","status":"publish","type":"page","link":"https:\/\/uhfp.centre-inffo.fr\/2025\/programme\/mercredi-22-janvier\/","title":{"rendered":"Mercredi 22 janvier"},"content":{"rendered":"\n<div class=\"wp-block-group\"><div class=\"wp-block-group__inner-container is-layout-constrained wp-block-group-is-layout-constrained\">\n<h2 class=\"wp-block-heading\">12h45 &#8211; Accueil des participants<\/h2>\n\n\n\n<hr class=\"wp-block-separator has-alpha-channel-opacity\"\/>\n<\/div><\/div>\n\n\n\n<div class=\"wp-block-group\"><div class=\"wp-block-group__inner-container is-layout-constrained wp-block-group-is-layout-constrained\">\n<h2 class=\"wp-block-heading\">De 14h30 \u00e0 18h30<\/h2>\n\n\n\n<hr class=\"wp-block-separator has-alpha-channel-opacity\"\/>\n<\/div><\/div>\n\n\n\n<h3 class=\"wp-block-heading\">&nbsp;Pl\u00e9ni\u00e8re d&rsquo;ouverture de la 19e Universit\u00e9 d&rsquo;Hiver de la Formation Professionnelle<\/h3>\n\n\n\n<p class=\"has-contrast-3-color has-text-color has-link-color wp-elements-20c3e79b09891d70891a99078f3f553c\"><strong>Animation<\/strong><\/p>\n\n\n\n<ul class=\"list-has-margin\">\n<li><a href=\"\/2025\/frederic-ferrer\/\">Fr\u00e9d\u00e9ric Ferrer<\/a><br><em>Journaliste consultant-formateur<\/em> \/ <em>Dirigeant de Zou &amp; Co Conseil<\/em><\/li>\n<\/ul>\n\n\n\n<p class=\"has-contrast-3-color has-text-color has-link-color wp-elements-67c53e34f3a9d831beeebf514b67e12f\"><strong>Allocutions<\/strong><\/p>\n\n\n\n<ul class=\"list-has-margin\">\n<li><a href=\"https:\/\/uhfp.centre-inffo.fr\/2025\/louis-charles-viossat\/\">Louis-Charles Viossat <\/a><br><em>Pr\u00e9sident du conseil d\u2019administration &#8211; Centre Inffo&nbsp;<\/em><\/li>\n\n\n\n<li><a href=\"\/2025\/audrey-guidez\/\">Audrey Guidez<\/a><br><em>Vice-pr\u00e9sidente du conseil d\u2019administration &#8211; Centre Inffo&nbsp;<\/em><\/li>\n\n\n\n<li><a href=\"https:\/\/uhfp.centre-inffo.fr\/2025\/pierre-loaec\/\">Pierre Lo\u00e4ec<\/a><br><em>Chef de la Repr\u00e9sentation r\u00e9gionale &#8211; Commission europ\u00e9enne<\/em><\/li>\n\n\n\n<li><a href=\"https:\/\/uhfp.centre-inffo.fr\/2025\/marie-florence-bulteau-rambaud\/\">Marie-Florence Bulteau-Rambaud<\/a><br><em>Vice-pr\u00e9sidente en charge de l\u2019\u00e9ducation, des lyc\u00e9es, de l\u2019orientation et de l\u2019apprentissage &#8211; R\u00e9gion Provence-Alpes-C\u00f4te d\u2019Azur&nbsp;<\/em><\/li>\n\n\n\n<li><a href=\"https:\/\/uhfp.centre-inffo.fr\/2025\/francois-bonneau\/\">Fran\u00e7ois Bonneau<\/a><br><em>Pr\u00e9sident de la commission \u00c9ducation, orientation, formation et emploi &#8211; R\u00e9gions de France  \/ Pr\u00e9sident &#8211; R\u00e9gion Centre-Val de Loire&nbsp;<\/em><\/li>\n<\/ul>\n\n\n\n<p class=\"has-contrast-3-color has-text-color has-link-color wp-elements-c1f1a9f6bdfb71bf87e73203e110e3ff\"><strong>&nbsp;<strong>Conf\u00e9rence inaugurale&nbsp;<\/strong><\/strong><\/p>\n\n\n\n<ul class=\"list-has-margin\">\n<li><a href=\"\/2025\/cynthia-fleury\/\">Cynthia Fleury<\/a><br><em>Philosophe psychanalyste , professeur titulaire de la chaire Humanit\u00e9s et Sant\u00e9 au Conservatoire national des arts et m\u00e9tiers&nbsp;<\/em><\/li>\n<\/ul>\n\n\n\n<h3 class=\"wp-block-heading has-background\" style=\"background-color:#f7f9fa\"><em>Pause<\/em><\/h3>\n\n\n\n<p class=\"has-contrast-3-color has-text-color has-link-color wp-elements-3f6a149afd7b09edf967c8d329a01e00\"><strong><strong>Les ressorts de la performance<\/strong><\/strong><\/p>\n\n\n\n<ul class=\"list-has-margin\">\n<li>Dialogue entre <a href=\"https:\/\/uhfp.centre-inffo.fr\/2025\/enzo-lefort\/\">Enzo Lefort<\/a>, escrimeur, triple champion olympique et <a href=\"\/2025\/thierry-teboul\/\">Thierry Teboul<\/a>, directeur de l&rsquo;Afdas<\/li>\n<\/ul>\n\n\n\n<p class=\"has-contrast-3-color has-text-color has-link-color wp-elements-79671517eb7394761cba3b82202f52ab\"><strong>Plateau-d\u00e9bat &#8211; Redonner du sens au travail : innovation, coop\u00e9tition, solidarit\u00e9s<\/strong><\/p>\n\n\n\n<ul class=\"list-has-margin\">\n<li><a href=\"\/2025\/thibaut-guilluy\/\">Thibaut Guilluy<\/a><br><em>Directeur g\u00e9n\u00e9ral &#8211; France Travail<\/em><\/li>\n\n\n\n<li><a href=\"\/2025\/ilhem-alleaume\/\">Ilhem Alleaume<\/a><br><em>Pr\u00e9sidente &#8211; R\u00e9seau emploi comp\u00e9tences, France Strat\u00e9gie<\/em><\/li>\n\n\n\n<li><a href=\"https:\/\/uhfp.centre-inffo.fr\/2025\/philippe-genin\/\">Philippe Genin<\/a><br><em>Pr\u00e9sident &#8211; Synofdes<\/em><\/li>\n\n\n\n<li><a href=\"\/2025\/florence-poivey\/\">Florence Poivey<\/a><br><em>Pr\u00e9sidente &#8211; Worldskills France<\/em>&nbsp;<\/li>\n\n\n\n<li><a href=\"https:\/\/uhfp.centre-inffo.fr\/2025\/loris-vial\/\">Loris Viale<\/a><br><em>Ambassadeur &#8211; Worldskills<\/em><\/li>\n<\/ul>\n\n\n\n<p class=\"has-contrast-3-color has-text-color has-link-color wp-elements-eb85cd3e687211ad6660078ef8762dec\"><strong><strong>&nbsp;<strong>La 19e UHFP, en bref&nbsp;<\/strong><\/strong><\/strong><\/p>\n\n\n\n<ul class=\"list-has-margin\">\n<li><a href=\"https:\/\/uhfp.centre-inffo.fr\/2025\/pascale-romenteau\/\">Pascale Romenteau<\/a><br><em>Directrice g\u00e9n\u00e9rale &#8211; Centre Inffo<\/em>&nbsp;<\/li>\n<\/ul>\n\n\n\n<div style=\"height:30px\" aria-hidden=\"true\" class=\"wp-block-spacer\"><\/div>\n\n\n\n<h2 class=\"wp-block-heading has-contrast-color has-text-color has-link-color wp-elements-43314a7275594dbfc113a2bd649408f0\">18h10 &#8211; Allocution de cl\u00f4ture de la pl\u00e9ni\u00e8re<\/h2>\n\n\n\n<ul class=\"list-has-margin\">\n<li><a href=\"https:\/\/uhfp.centre-inffo.fr\/2025\/astrid-panosyan-bouvet\/\">Astrid Panosyan-Bouvet<\/a><br><em><em>Ministre charg\u00e9e du Travail et de l\u2019Emploi &#8211; Minist\u00e8re du Travail, de la Sant\u00e9, des Solidarit\u00e9s et des Familles<\/em><\/em><\/li>\n<\/ul>\n\n\n\n<hr class=\"wp-block-separator has-alpha-channel-opacity\"\/>\n\n\n\n<div style=\"height:30px\" aria-hidden=\"true\" class=\"wp-block-spacer\"><\/div>\n\n\n\n<h2 class=\"wp-block-heading\">19h30 &#8211; Ouverture des portes de la Rotonde L\u00e9rins&nbsp;<\/h2>\n\n\n\n<h2 class=\"wp-block-heading\">20h30 &#8211; D\u00eener d&rsquo;ouverture<\/h2>\n\n\n\n<p>D\u00eener assis, Rotonde L\u00e9rins, Palais des Festivals et des Congr\u00e8s<\/p>\n\n\n\n<hr class=\"wp-block-separator has-alpha-channel-opacity\"\/>\n","protected":false},"excerpt":{"rendered":"<p>12h45 &#8211; Accueil des participants De 14h30 \u00e0 18h30 &nbsp;Pl\u00e9ni\u00e8re d&rsquo;ouverture de la 19e Universit\u00e9 d&rsquo;Hiver de la Formation Professionnelle Animation Allocutions &nbsp;Conf\u00e9rence inaugurale&nbsp; Pause Les ressorts de la performance Plateau-d\u00e9bat &#8211; Redonner du sens au travail : innovation, coop\u00e9tition, solidarit\u00e9s &nbsp;La 19e UHFP, en bref&nbsp; 18h10 &#8211; Allocution de cl\u00f4ture de la pl\u00e9ni\u00e8re 19h30 &#8230; <a title=\"Mercredi 22 janvier\" class=\"read-more\" href=\"https:\/\/uhfp.centre-inffo.fr\/2025\/programme\/mercredi-22-janvier\/\" aria-label=\"Read more about Mercredi 22 janvier\">Lire la suite<\/a><\/p>\n","protected":false},"author":2,"featured_media":0,"parent":515,"menu_order":0,"comment_status":"closed","ping_status":"closed","template":"","meta":{"_acf_changed":false,"footnotes":""},"categories":[6],"tags":[],"acf":[],"yoast_head":"<!-- This site is optimized with the Yoast SEO plugin v22.4 - https:\/\/yoast.com\/wordpress\/plugins\/seo\/ -->\n<title>Mercredi 22 janvier - 19e Universit\u00e9 d&#039;Hiver de la Formation Professionnelle<\/title>\n<meta name=\"robots\" content=\"index, follow, max-snippet:-1, max-image-preview:large, max-video-preview:-1\" \/>\n<link rel=\"canonical\" href=\"https:\/\/uhfp.centre-inffo.fr\/2025\/programme\/mercredi-22-janvier\/\" \/>\n<meta property=\"og:locale\" content=\"fr_FR\" \/>\n<meta property=\"og:type\" content=\"article\" \/>\n<meta property=\"og:title\" content=\"Mercredi 22 janvier - 19e Universit\u00e9 d&#039;Hiver de la Formation Professionnelle\" \/>\n<meta property=\"og:description\" content=\"12h45 &#8211; Accueil des participants De 14h30 \u00e0 18h30 &nbsp;Pl\u00e9ni\u00e8re d&rsquo;ouverture de la 19e Universit\u00e9 d&rsquo;Hiver de la Formation Professionnelle Animation Allocutions &nbsp;Conf\u00e9rence inaugurale&nbsp; Pause Les ressorts de la performance Plateau-d\u00e9bat &#8211; Redonner du sens au travail : innovation, coop\u00e9tition, solidarit\u00e9s &nbsp;La 19e UHFP, en bref&nbsp; 18h10 &#8211; Allocution de cl\u00f4ture de la pl\u00e9ni\u00e8re 19h30 ... Lire la suite\" \/>\n<meta property=\"og:url\" content=\"https:\/\/uhfp.centre-inffo.fr\/2025\/programme\/mercredi-22-janvier\/\" \/>\n<meta property=\"og:site_name\" content=\"19e Universit\u00e9 d&#039;Hiver de la Formation Professionnelle\" \/>\n<meta property=\"article:publisher\" content=\"https:\/\/www.facebook.com\/centreinffo\" \/>\n<meta property=\"article:modified_time\" content=\"2025-01-22T10:45:35+00:00\" \/>\n<meta name=\"twitter:card\" content=\"summary_large_image\" \/>\n<meta name=\"twitter:site\" content=\"@centreinffo\" \/>\n<meta name=\"twitter:label1\" content=\"Dur\u00e9e de lecture estim\u00e9e\" \/>\n\t<meta name=\"twitter:data1\" content=\"2 minutes\" \/>\n<script type=\"application\/ld+json\" class=\"yoast-schema-graph\">{\"@context\":\"https:\/\/schema.org\",\"@graph\":[{\"@type\":\"WebPage\",\"@id\":\"https:\/\/uhfp.centre-inffo.fr\/2025\/programme\/mercredi-22-janvier\/\",\"url\":\"https:\/\/uhfp.centre-inffo.fr\/2025\/programme\/mercredi-22-janvier\/\",\"name\":\"Mercredi 22 janvier - 19e Universit\u00e9 d&#039;Hiver de la Formation Professionnelle\",\"isPartOf\":{\"@id\":\"https:\/\/uhfp.centre-inffo.fr\/2025\/#website\"},\"datePublished\":\"2024-02-07T14:21:52+00:00\",\"dateModified\":\"2025-01-22T10:45:35+00:00\",\"breadcrumb\":{\"@id\":\"https:\/\/uhfp.centre-inffo.fr\/2025\/programme\/mercredi-22-janvier\/#breadcrumb\"},\"inLanguage\":\"fr-FR\",\"potentialAction\":[{\"@type\":\"ReadAction\",\"target\":[\"https:\/\/uhfp.centre-inffo.fr\/2025\/programme\/mercredi-22-janvier\/\"]}]},{\"@type\":\"BreadcrumbList\",\"@id\":\"https:\/\/uhfp.centre-inffo.fr\/2025\/programme\/mercredi-22-janvier\/#breadcrumb\",\"itemListElement\":[{\"@type\":\"ListItem\",\"position\":1,\"name\":\"Accueil\",\"item\":\"https:\/\/uhfp.centre-inffo.fr\/2025\/\"},{\"@type\":\"ListItem\",\"position\":2,\"name\":\"Programme\",\"item\":\"https:\/\/uhfp.centre-inffo.fr\/2025\/rubrique\/programme\/\"},{\"@type\":\"ListItem\",\"position\":3,\"name\":\"Le programme complet\",\"item\":\"https:\/\/uhfp.centre-inffo.fr\/2025\/programme\/\"},{\"@type\":\"ListItem\",\"position\":4,\"name\":\"Mercredi 22 janvier\"}]},{\"@type\":\"WebSite\",\"@id\":\"https:\/\/uhfp.centre-inffo.fr\/2025\/#website\",\"url\":\"https:\/\/uhfp.centre-inffo.fr\/2025\/\",\"name\":\"19e Universit\u00e9 d'Hiver de la Formation Professionnelle\",\"description\":\"Du 22 au 24 janvier 2025, au Palais des Festivals de Cannes\",\"publisher\":{\"@id\":\"https:\/\/uhfp.centre-inffo.fr\/2025\/#organization\"},\"alternateName\":\"19e UHFP\",\"potentialAction\":[{\"@type\":\"SearchAction\",\"target\":{\"@type\":\"EntryPoint\",\"urlTemplate\":\"https:\/\/uhfp.centre-inffo.fr\/2025\/?s={search_term_string}\"},\"query-input\":\"required name=search_term_string\"}],\"inLanguage\":\"fr-FR\"},{\"@type\":\"Organization\",\"@id\":\"https:\/\/uhfp.centre-inffo.fr\/2025\/#organization\",\"name\":\"Centre Inffo\",\"url\":\"https:\/\/uhfp.centre-inffo.fr\/2025\/\",\"logo\":{\"@type\":\"ImageObject\",\"inLanguage\":\"fr-FR\",\"@id\":\"https:\/\/uhfp.centre-inffo.fr\/2025\/#\/schema\/logo\/image\/\",\"url\":\"https:\/\/uhfp.centre-inffo.fr\/2025\/wp-content\/uploads\/2024\/02\/logo-19e-uhfp.png\",\"contentUrl\":\"https:\/\/uhfp.centre-inffo.fr\/2025\/wp-content\/uploads\/2024\/02\/logo-19e-uhfp.png\",\"width\":842,\"height\":595,\"caption\":\"Centre Inffo\"},\"image\":{\"@id\":\"https:\/\/uhfp.centre-inffo.fr\/2025\/#\/schema\/logo\/image\/\"},\"sameAs\":[\"https:\/\/www.facebook.com\/centreinffo\",\"https:\/\/twitter.com\/centreinffo\",\"https:\/\/www.linkedin.com\/company\/centre-inffo\/\",\"https:\/\/www.youtube.com\/user\/centreinffo\"]}]}<\/script>\n<!-- \/ Yoast SEO plugin. -->","yoast_head_json":{"title":"Mercredi 22 janvier - 19e Universit\u00e9 d&#039;Hiver de la Formation Professionnelle","robots":{"index":"index","follow":"follow","max-snippet":"max-snippet:-1","max-image-preview":"max-image-preview:large","max-video-preview":"max-video-preview:-1"},"canonical":"https:\/\/uhfp.centre-inffo.fr\/2025\/programme\/mercredi-22-janvier\/","og_locale":"fr_FR","og_type":"article","og_title":"Mercredi 22 janvier - 19e Universit\u00e9 d&#039;Hiver de la Formation Professionnelle","og_description":"12h45 &#8211; Accueil des participants De 14h30 \u00e0 18h30 &nbsp;Pl\u00e9ni\u00e8re d&rsquo;ouverture de la 19e Universit\u00e9 d&rsquo;Hiver de la Formation Professionnelle Animation Allocutions &nbsp;Conf\u00e9rence inaugurale&nbsp; Pause Les ressorts de la performance Plateau-d\u00e9bat &#8211; Redonner du sens au travail : innovation, coop\u00e9tition, solidarit\u00e9s &nbsp;La 19e UHFP, en bref&nbsp; 18h10 &#8211; Allocution de cl\u00f4ture de la pl\u00e9ni\u00e8re 19h30 ... Lire la suite","og_url":"https:\/\/uhfp.centre-inffo.fr\/2025\/programme\/mercredi-22-janvier\/","og_site_name":"19e Universit\u00e9 d&#039;Hiver de la Formation Professionnelle","article_publisher":"https:\/\/www.facebook.com\/centreinffo","article_modified_time":"2025-01-22T10:45:35+00:00","twitter_card":"summary_large_image","twitter_site":"@centreinffo","twitter_misc":{"Dur\u00e9e de lecture estim\u00e9e":"2 minutes"},"schema":{"@context":"https:\/\/schema.org","@graph":[{"@type":"WebPage","@id":"https:\/\/uhfp.centre-inffo.fr\/2025\/programme\/mercredi-22-janvier\/","url":"https:\/\/uhfp.centre-inffo.fr\/2025\/programme\/mercredi-22-janvier\/","name":"Mercredi 22 janvier - 19e Universit\u00e9 d&#039;Hiver de la Formation Professionnelle","isPartOf":{"@id":"https:\/\/uhfp.centre-inffo.fr\/2025\/#website"},"datePublished":"2024-02-07T14:21:52+00:00","dateModified":"2025-01-22T10:45:35+00:00","breadcrumb":{"@id":"https:\/\/uhfp.centre-inffo.fr\/2025\/programme\/mercredi-22-janvier\/#breadcrumb"},"inLanguage":"fr-FR","potentialAction":[{"@type":"ReadAction","target":["https:\/\/uhfp.centre-inffo.fr\/2025\/programme\/mercredi-22-janvier\/"]}]},{"@type":"BreadcrumbList","@id":"https:\/\/uhfp.centre-inffo.fr\/2025\/programme\/mercredi-22-janvier\/#breadcrumb","itemListElement":[{"@type":"ListItem","position":1,"name":"Accueil","item":"https:\/\/uhfp.centre-inffo.fr\/2025\/"},{"@type":"ListItem","position":2,"name":"Programme","item":"https:\/\/uhfp.centre-inffo.fr\/2025\/rubrique\/programme\/"},{"@type":"ListItem","position":3,"name":"Le programme complet","item":"https:\/\/uhfp.centre-inffo.fr\/2025\/programme\/"},{"@type":"ListItem","position":4,"name":"Mercredi 22 janvier"}]},{"@type":"WebSite","@id":"https:\/\/uhfp.centre-inffo.fr\/2025\/#website","url":"https:\/\/uhfp.centre-inffo.fr\/2025\/","name":"19e Universit\u00e9 d'Hiver de la Formation Professionnelle","description":"Du 22 au 24 janvier 2025, au Palais des Festivals de Cannes","publisher":{"@id":"https:\/\/uhfp.centre-inffo.fr\/2025\/#organization"},"alternateName":"19e UHFP","potentialAction":[{"@type":"SearchAction","target":{"@type":"EntryPoint","urlTemplate":"https:\/\/uhfp.centre-inffo.fr\/2025\/?s={search_term_string}"},"query-input":"required name=search_term_string"}],"inLanguage":"fr-FR"},{"@type":"Organization","@id":"https:\/\/uhfp.centre-inffo.fr\/2025\/#organization","name":"Centre Inffo","url":"https:\/\/uhfp.centre-inffo.fr\/2025\/","logo":{"@type":"ImageObject","inLanguage":"fr-FR","@id":"https:\/\/uhfp.centre-inffo.fr\/2025\/#\/schema\/logo\/image\/","url":"https:\/\/uhfp.centre-inffo.fr\/2025\/wp-content\/uploads\/2024\/02\/logo-19e-uhfp.png","contentUrl":"https:\/\/uhfp.centre-inffo.fr\/2025\/wp-content\/uploads\/2024\/02\/logo-19e-uhfp.png","width":842,"height":595,"caption":"Centre Inffo"},"image":{"@id":"https:\/\/uhfp.centre-inffo.fr\/2025\/#\/schema\/logo\/image\/"},"sameAs":["https:\/\/www.facebook.com\/centreinffo","https:\/\/twitter.com\/centreinffo","https:\/\/www.linkedin.com\/company\/centre-inffo\/","https:\/\/www.youtube.com\/user\/centreinffo"]}]}},"_links":{"self":[{"href":"https:\/\/uhfp.centre-inffo.fr\/2025\/wp-json\/wp\/v2\/pages\/810"}],"collection":[{"href":"https:\/\/uhfp.centre-inffo.fr\/2025\/wp-json\/wp\/v2\/pages"}],"about":[{"href":"https:\/\/uhfp.centre-inffo.fr\/2025\/wp-json\/wp\/v2\/types\/page"}],"author":[{"embeddable":true,"href":"https:\/\/uhfp.centre-inffo.fr\/2025\/wp-json\/wp\/v2\/users\/2"}],"replies":[{"embeddable":true,"href":"https:\/\/uhfp.centre-inffo.fr\/2025\/wp-json\/wp\/v2\/comments?post=810"}],"version-history":[{"count":52,"href":"https:\/\/uhfp.centre-inffo.fr\/2025\/wp-json\/wp\/v2\/pages\/810\/revisions"}],"predecessor-version":[{"id":8991,"href":"https:\/\/uhfp.centre-inffo.fr\/2025\/wp-json\/wp\/v2\/pages\/810\/revisions\/8991"}],"up":[{"embeddable":true,"href":"https:\/\/uhfp.centre-inffo.fr\/2025\/wp-json\/wp\/v2\/pages\/515"}],"wp:attachment":[{"href":"https:\/\/uhfp.centre-inffo.fr\/2025\/wp-json\/wp\/v2\/media?parent=810"}],"wp:term":[{"taxonomy":"category","embeddable":true,"href":"https:\/\/uhfp.centre-inffo.fr\/2025\/wp-json\/wp\/v2\/categories?post=810"},{"taxonomy":"post_tag","embeddable":true,"href":"https:\/\/uhfp.centre-inffo.fr\/2025\/wp-json\/wp\/v2\/tags?post=810"}],"curies":[{"name":"wp","href":"https:\/\/api.w.org\/{rel}","templated":true}]}}