{"id":8138,"date":"2022-06-22T14:00:00","date_gmt":"2022-06-22T12:00:00","guid":{"rendered":"https:\/\/uhfp.centre-inffo.fr\/2025\/?page_id=8138"},"modified":"2025-01-16T14:05:31","modified_gmt":"2025-01-16T13:05:31","slug":"schany-taix","status":"publish","type":"page","link":"https:\/\/uhfp.centre-inffo.fr\/2025\/schany-taix\/","title":{"rendered":"Schany Taix"},"content":{"rendered":"\n<hr class=\"wp-block-separator has-alpha-channel-opacity\"\/>\n\n\n\n<p>En direction g\u00e9n\u00e9rale depuis 20 ans de nombreuses organisation orient\u00e9es business ainsi que dans des associations, j&rsquo;ai quitt\u00e9 fin 2024 la direction de l&rsquo;Apm (Association Progr\u00e8s du Management) pour m&rsquo;engager sur de nouveaux projets. S&rsquo;ajoutent \u00e0 ce parcours plusieurs ann\u00e9es d\u2019exp\u00e9riences en qualit\u00e9 de g\u00e9rant-fondateur d\u2019un cabinet de conseil en organisation et en management, ainsi que de participations au capital de plusieurs entreprises. <\/p>\n\n\n\n<p>Leadership collaboratif, capacit\u00e9 \u00e0 f\u00e9d\u00e9rer des \u00e9quipes, \u00e0 accompagner des dirigeants, comp\u00e9tences techniques vari\u00e9es sont les ingr\u00e9dients qui m\u2019ont permis jusqu&rsquo;ici d\u2019assurer le d\u00e9veloppement et le redressement d\u2019\u00e9cosyst\u00e8mes complexes, confront\u00e9s \u00e0 des situations de crise (liquidit\u00e9, rentabilit\u00e9, gouvernance ou business) ou d\u2019enjeux de transformation majeurs. Ces exp\u00e9riences m&rsquo;ont convaincu de la puissance du collectif et de la force d&rsquo;un management engag\u00e9 autour de la pr\u00e9ciosit\u00e9 des individus qui le composent.<\/p>\n\n\n\n<h2 class=\"wp-block-heading\">Intervention<\/h2>\n\n\n\n<ul>\n<li><strong><em>D48.2AT<\/em><\/strong><br><a href=\"https:\/\/uhfp.centre-inffo.fr\/2025\/management-durable-defis-et-solutions-pour-les-acteurs-de-la-trans-formation\/\">Management durable : d\u00e9fis et solutions pour les acteurs de la transformation<\/a><\/li>\n<\/ul>\n","protected":false},"excerpt":{"rendered":"<p>En direction g\u00e9n\u00e9rale depuis 20 ans de nombreuses organisation orient\u00e9es business ainsi que dans des associations, j&rsquo;ai quitt\u00e9 fin 2024 la direction de l&rsquo;Apm (Association Progr\u00e8s du Management) pour m&rsquo;engager sur de nouveaux projets. S&rsquo;ajoutent \u00e0 ce parcours plusieurs ann\u00e9es d\u2019exp\u00e9riences en qualit\u00e9 de g\u00e9rant-fondateur d\u2019un cabinet de conseil en organisation et en management, ainsi &#8230; <a title=\"Schany Taix\" class=\"read-more\" href=\"https:\/\/uhfp.centre-inffo.fr\/2025\/schany-taix\/\" aria-label=\"Read more about Schany Taix\">Lire la suite<\/a><\/p>\n","protected":false},"author":2,"featured_media":8142,"parent":0,"menu_order":0,"comment_status":"closed","ping_status":"closed","template":"","meta":{"_acf_changed":false,"footnotes":""},"categories":[9],"tags":[],"acf":[],"yoast_head":"<!-- This site is optimized with the Yoast SEO plugin v22.4 - https:\/\/yoast.com\/wordpress\/plugins\/seo\/ -->\n<title>Schany Taix - 19e Universit\u00e9 d&#039;Hiver de la Formation Professionnelle<\/title>\n<meta name=\"robots\" content=\"index, follow, max-snippet:-1, max-image-preview:large, max-video-preview:-1\" \/>\n<link rel=\"canonical\" href=\"https:\/\/uhfp.centre-inffo.fr\/2025\/schany-taix\/\" \/>\n<meta property=\"og:locale\" content=\"fr_FR\" \/>\n<meta property=\"og:type\" content=\"article\" \/>\n<meta property=\"og:title\" content=\"Schany Taix - 19e Universit\u00e9 d&#039;Hiver de la Formation Professionnelle\" \/>\n<meta property=\"og:description\" content=\"En direction g\u00e9n\u00e9rale depuis 20 ans de nombreuses organisation orient\u00e9es business ainsi que dans des associations, j&rsquo;ai quitt\u00e9 fin 2024 la direction de l&rsquo;Apm (Association Progr\u00e8s du Management) pour m&rsquo;engager sur de nouveaux projets. S&rsquo;ajoutent \u00e0 ce parcours plusieurs ann\u00e9es d\u2019exp\u00e9riences en qualit\u00e9 de g\u00e9rant-fondateur d\u2019un cabinet de conseil en organisation et en management, ainsi ... Lire la suite\" \/>\n<meta property=\"og:url\" content=\"https:\/\/uhfp.centre-inffo.fr\/2025\/schany-taix\/\" \/>\n<meta property=\"og:site_name\" content=\"19e Universit\u00e9 d&#039;Hiver de la Formation Professionnelle\" \/>\n<meta property=\"article:publisher\" content=\"https:\/\/www.facebook.com\/centreinffo\" \/>\n<meta property=\"article:modified_time\" content=\"2025-01-16T13:05:31+00:00\" \/>\n<meta property=\"og:image\" content=\"https:\/\/uhfp.centre-inffo.fr\/2025\/wp-content\/uploads\/2025\/01\/taix.jpg\" \/>\n\t<meta property=\"og:image:width\" content=\"600\" \/>\n\t<meta property=\"og:image:height\" content=\"600\" \/>\n\t<meta property=\"og:image:type\" content=\"image\/jpeg\" \/>\n<meta name=\"twitter:card\" content=\"summary_large_image\" \/>\n<meta name=\"twitter:site\" content=\"@centreinffo\" \/>\n<meta name=\"twitter:label1\" content=\"Dur\u00e9e de lecture estim\u00e9e\" \/>\n\t<meta name=\"twitter:data1\" content=\"1 minute\" \/>\n<script type=\"application\/ld+json\" class=\"yoast-schema-graph\">{\"@context\":\"https:\/\/schema.org\",\"@graph\":[{\"@type\":\"WebPage\",\"@id\":\"https:\/\/uhfp.centre-inffo.fr\/2025\/schany-taix\/\",\"url\":\"https:\/\/uhfp.centre-inffo.fr\/2025\/schany-taix\/\",\"name\":\"Schany Taix - 19e Universit\u00e9 d&#039;Hiver de la Formation Professionnelle\",\"isPartOf\":{\"@id\":\"https:\/\/uhfp.centre-inffo.fr\/2025\/#website\"},\"primaryImageOfPage\":{\"@id\":\"https:\/\/uhfp.centre-inffo.fr\/2025\/schany-taix\/#primaryimage\"},\"image\":{\"@id\":\"https:\/\/uhfp.centre-inffo.fr\/2025\/schany-taix\/#primaryimage\"},\"thumbnailUrl\":\"https:\/\/uhfp.centre-inffo.fr\/2025\/wp-content\/uploads\/2025\/01\/taix.jpg\",\"datePublished\":\"2022-06-22T12:00:00+00:00\",\"dateModified\":\"2025-01-16T13:05:31+00:00\",\"breadcrumb\":{\"@id\":\"https:\/\/uhfp.centre-inffo.fr\/2025\/schany-taix\/#breadcrumb\"},\"inLanguage\":\"fr-FR\",\"potentialAction\":[{\"@type\":\"ReadAction\",\"target\":[\"https:\/\/uhfp.centre-inffo.fr\/2025\/schany-taix\/\"]}]},{\"@type\":\"ImageObject\",\"inLanguage\":\"fr-FR\",\"@id\":\"https:\/\/uhfp.centre-inffo.fr\/2025\/schany-taix\/#primaryimage\",\"url\":\"https:\/\/uhfp.centre-inffo.fr\/2025\/wp-content\/uploads\/2025\/01\/taix.jpg\",\"contentUrl\":\"https:\/\/uhfp.centre-inffo.fr\/2025\/wp-content\/uploads\/2025\/01\/taix.jpg\",\"width\":600,\"height\":600},{\"@type\":\"BreadcrumbList\",\"@id\":\"https:\/\/uhfp.centre-inffo.fr\/2025\/schany-taix\/#breadcrumb\",\"itemListElement\":[{\"@type\":\"ListItem\",\"position\":1,\"name\":\"Accueil\",\"item\":\"https:\/\/uhfp.centre-inffo.fr\/2025\/\"},{\"@type\":\"ListItem\",\"position\":2,\"name\":\"Intervenants\",\"item\":\"https:\/\/uhfp.centre-inffo.fr\/2025\/rubrique\/intervenants\/\"},{\"@type\":\"ListItem\",\"position\":3,\"name\":\"Schany Taix\"}]},{\"@type\":\"WebSite\",\"@id\":\"https:\/\/uhfp.centre-inffo.fr\/2025\/#website\",\"url\":\"https:\/\/uhfp.centre-inffo.fr\/2025\/\",\"name\":\"19e Universit\u00e9 d'Hiver de la Formation Professionnelle\",\"description\":\"Du 22 au 24 janvier 2025, au Palais des Festivals de Cannes\",\"publisher\":{\"@id\":\"https:\/\/uhfp.centre-inffo.fr\/2025\/#organization\"},\"alternateName\":\"19e UHFP\",\"potentialAction\":[{\"@type\":\"SearchAction\",\"target\":{\"@type\":\"EntryPoint\",\"urlTemplate\":\"https:\/\/uhfp.centre-inffo.fr\/2025\/?s={search_term_string}\"},\"query-input\":\"required name=search_term_string\"}],\"inLanguage\":\"fr-FR\"},{\"@type\":\"Organization\",\"@id\":\"https:\/\/uhfp.centre-inffo.fr\/2025\/#organization\",\"name\":\"Centre Inffo\",\"url\":\"https:\/\/uhfp.centre-inffo.fr\/2025\/\",\"logo\":{\"@type\":\"ImageObject\",\"inLanguage\":\"fr-FR\",\"@id\":\"https:\/\/uhfp.centre-inffo.fr\/2025\/#\/schema\/logo\/image\/\",\"url\":\"https:\/\/uhfp.centre-inffo.fr\/2025\/wp-content\/uploads\/2024\/02\/logo-19e-uhfp.png\",\"contentUrl\":\"https:\/\/uhfp.centre-inffo.fr\/2025\/wp-content\/uploads\/2024\/02\/logo-19e-uhfp.png\",\"width\":842,\"height\":595,\"caption\":\"Centre Inffo\"},\"image\":{\"@id\":\"https:\/\/uhfp.centre-inffo.fr\/2025\/#\/schema\/logo\/image\/\"},\"sameAs\":[\"https:\/\/www.facebook.com\/centreinffo\",\"https:\/\/twitter.com\/centreinffo\",\"https:\/\/www.linkedin.com\/company\/centre-inffo\/\",\"https:\/\/www.youtube.com\/user\/centreinffo\"]}]}<\/script>\n<!-- \/ Yoast SEO plugin. -->","yoast_head_json":{"title":"Schany Taix - 19e Universit\u00e9 d&#039;Hiver de la Formation Professionnelle","robots":{"index":"index","follow":"follow","max-snippet":"max-snippet:-1","max-image-preview":"max-image-preview:large","max-video-preview":"max-video-preview:-1"},"canonical":"https:\/\/uhfp.centre-inffo.fr\/2025\/schany-taix\/","og_locale":"fr_FR","og_type":"article","og_title":"Schany Taix - 19e Universit\u00e9 d&#039;Hiver de la Formation Professionnelle","og_description":"En direction g\u00e9n\u00e9rale depuis 20 ans de nombreuses organisation orient\u00e9es business ainsi que dans des associations, j&rsquo;ai quitt\u00e9 fin 2024 la direction de l&rsquo;Apm (Association Progr\u00e8s du Management) pour m&rsquo;engager sur de nouveaux projets. S&rsquo;ajoutent \u00e0 ce parcours plusieurs ann\u00e9es d\u2019exp\u00e9riences en qualit\u00e9 de g\u00e9rant-fondateur d\u2019un cabinet de conseil en organisation et en management, ainsi ... Lire la suite","og_url":"https:\/\/uhfp.centre-inffo.fr\/2025\/schany-taix\/","og_site_name":"19e Universit\u00e9 d&#039;Hiver de la Formation Professionnelle","article_publisher":"https:\/\/www.facebook.com\/centreinffo","article_modified_time":"2025-01-16T13:05:31+00:00","og_image":[{"width":600,"height":600,"url":"https:\/\/uhfp.centre-inffo.fr\/2025\/wp-content\/uploads\/2025\/01\/taix.jpg","type":"image\/jpeg"}],"twitter_card":"summary_large_image","twitter_site":"@centreinffo","twitter_misc":{"Dur\u00e9e de lecture estim\u00e9e":"1 minute"},"schema":{"@context":"https:\/\/schema.org","@graph":[{"@type":"WebPage","@id":"https:\/\/uhfp.centre-inffo.fr\/2025\/schany-taix\/","url":"https:\/\/uhfp.centre-inffo.fr\/2025\/schany-taix\/","name":"Schany Taix - 19e Universit\u00e9 d&#039;Hiver de la Formation Professionnelle","isPartOf":{"@id":"https:\/\/uhfp.centre-inffo.fr\/2025\/#website"},"primaryImageOfPage":{"@id":"https:\/\/uhfp.centre-inffo.fr\/2025\/schany-taix\/#primaryimage"},"image":{"@id":"https:\/\/uhfp.centre-inffo.fr\/2025\/schany-taix\/#primaryimage"},"thumbnailUrl":"https:\/\/uhfp.centre-inffo.fr\/2025\/wp-content\/uploads\/2025\/01\/taix.jpg","datePublished":"2022-06-22T12:00:00+00:00","dateModified":"2025-01-16T13:05:31+00:00","breadcrumb":{"@id":"https:\/\/uhfp.centre-inffo.fr\/2025\/schany-taix\/#breadcrumb"},"inLanguage":"fr-FR","potentialAction":[{"@type":"ReadAction","target":["https:\/\/uhfp.centre-inffo.fr\/2025\/schany-taix\/"]}]},{"@type":"ImageObject","inLanguage":"fr-FR","@id":"https:\/\/uhfp.centre-inffo.fr\/2025\/schany-taix\/#primaryimage","url":"https:\/\/uhfp.centre-inffo.fr\/2025\/wp-content\/uploads\/2025\/01\/taix.jpg","contentUrl":"https:\/\/uhfp.centre-inffo.fr\/2025\/wp-content\/uploads\/2025\/01\/taix.jpg","width":600,"height":600},{"@type":"BreadcrumbList","@id":"https:\/\/uhfp.centre-inffo.fr\/2025\/schany-taix\/#breadcrumb","itemListElement":[{"@type":"ListItem","position":1,"name":"Accueil","item":"https:\/\/uhfp.centre-inffo.fr\/2025\/"},{"@type":"ListItem","position":2,"name":"Intervenants","item":"https:\/\/uhfp.centre-inffo.fr\/2025\/rubrique\/intervenants\/"},{"@type":"ListItem","position":3,"name":"Schany Taix"}]},{"@type":"WebSite","@id":"https:\/\/uhfp.centre-inffo.fr\/2025\/#website","url":"https:\/\/uhfp.centre-inffo.fr\/2025\/","name":"19e Universit\u00e9 d'Hiver de la Formation Professionnelle","description":"Du 22 au 24 janvier 2025, au Palais des Festivals de Cannes","publisher":{"@id":"https:\/\/uhfp.centre-inffo.fr\/2025\/#organization"},"alternateName":"19e UHFP","potentialAction":[{"@type":"SearchAction","target":{"@type":"EntryPoint","urlTemplate":"https:\/\/uhfp.centre-inffo.fr\/2025\/?s={search_term_string}"},"query-input":"required name=search_term_string"}],"inLanguage":"fr-FR"},{"@type":"Organization","@id":"https:\/\/uhfp.centre-inffo.fr\/2025\/#organization","name":"Centre Inffo","url":"https:\/\/uhfp.centre-inffo.fr\/2025\/","logo":{"@type":"ImageObject","inLanguage":"fr-FR","@id":"https:\/\/uhfp.centre-inffo.fr\/2025\/#\/schema\/logo\/image\/","url":"https:\/\/uhfp.centre-inffo.fr\/2025\/wp-content\/uploads\/2024\/02\/logo-19e-uhfp.png","contentUrl":"https:\/\/uhfp.centre-inffo.fr\/2025\/wp-content\/uploads\/2024\/02\/logo-19e-uhfp.png","width":842,"height":595,"caption":"Centre Inffo"},"image":{"@id":"https:\/\/uhfp.centre-inffo.fr\/2025\/#\/schema\/logo\/image\/"},"sameAs":["https:\/\/www.facebook.com\/centreinffo","https:\/\/twitter.com\/centreinffo","https:\/\/www.linkedin.com\/company\/centre-inffo\/","https:\/\/www.youtube.com\/user\/centreinffo"]}]}},"_links":{"self":[{"href":"https:\/\/uhfp.centre-inffo.fr\/2025\/wp-json\/wp\/v2\/pages\/8138"}],"collection":[{"href":"https:\/\/uhfp.centre-inffo.fr\/2025\/wp-json\/wp\/v2\/pages"}],"about":[{"href":"https:\/\/uhfp.centre-inffo.fr\/2025\/wp-json\/wp\/v2\/types\/page"}],"author":[{"embeddable":true,"href":"https:\/\/uhfp.centre-inffo.fr\/2025\/wp-json\/wp\/v2\/users\/2"}],"replies":[{"embeddable":true,"href":"https:\/\/uhfp.centre-inffo.fr\/2025\/wp-json\/wp\/v2\/comments?post=8138"}],"version-history":[{"count":3,"href":"https:\/\/uhfp.centre-inffo.fr\/2025\/wp-json\/wp\/v2\/pages\/8138\/revisions"}],"predecessor-version":[{"id":8141,"href":"https:\/\/uhfp.centre-inffo.fr\/2025\/wp-json\/wp\/v2\/pages\/8138\/revisions\/8141"}],"wp:featuredmedia":[{"embeddable":true,"href":"https:\/\/uhfp.centre-inffo.fr\/2025\/wp-json\/wp\/v2\/media\/8142"}],"wp:attachment":[{"href":"https:\/\/uhfp.centre-inffo.fr\/2025\/wp-json\/wp\/v2\/media?parent=8138"}],"wp:term":[{"taxonomy":"category","embeddable":true,"href":"https:\/\/uhfp.centre-inffo.fr\/2025\/wp-json\/wp\/v2\/categories?post=8138"},{"taxonomy":"post_tag","embeddable":true,"href":"https:\/\/uhfp.centre-inffo.fr\/2025\/wp-json\/wp\/v2\/tags?post=8138"}],"curies":[{"name":"wp","href":"https:\/\/api.w.org\/{rel}","templated":true}]}}