{"id":814,"date":"2024-02-07T15:23:43","date_gmt":"2024-02-07T14:23:43","guid":{"rendered":"https:\/\/uhfp.centre-inffo.fr\/2025\/?page_id=814"},"modified":"2025-01-22T12:13:08","modified_gmt":"2025-01-22T11:13:08","slug":"vendredi-24-janvier","status":"publish","type":"page","link":"https:\/\/uhfp.centre-inffo.fr\/2025\/programme\/vendredi-24-janvier\/","title":{"rendered":"Vendredi 24 janvier"},"content":{"rendered":"\n<p><strong>TR<\/strong> &#8211; Table ronde<br><strong>AT<\/strong> &#8211; Atelier<\/p>\n\n\n\n<ul class=\"list-has-margin\">\n<li class=\"defi-1-color\"><strong>D\u00e9fi 1 \u2013 L\u2019\u00e9mancipation, un enjeu de soci\u00e9t\u00e9<\/strong><br><em>Donner \u00e0 chacun les cl\u00e9s du monde d\u2019aujourd\u2019hui et de demain<\/em><\/li>\n\n\n\n<li class=\"defi-2-color\"><strong>D\u00e9fi 2 \u2013 (Re)donner du sens au travail<\/strong><br><em>Inscrire la formation au c\u0153ur du travail<\/em><\/li>\n\n\n\n<li class=\"defi-3-color\"><strong>D\u00e9fi 3 \u2013 Repenser la question de la performance des individus et des organisations<\/strong><br><em>Viser une performance durable, par tous et pour tous<\/em><\/li>\n\n\n\n<li class=\"defi-4-color\"><strong>D\u00e9fi 4 \u2013 Elargir la diversit\u00e9 des modalit\u00e9s de l\u2019apprendre et de l\u2019accompagnement aux transitions<\/strong><br><em>La transformation des m\u00e9tiers et activit\u00e9s des acteurs de la formation<\/em><\/li>\n<\/ul>\n\n\n\n<div class=\"wp-block-group\"><div class=\"wp-block-group__inner-container is-layout-constrained wp-block-group-is-layout-constrained\">\n<div style=\"height:60px\" aria-hidden=\"true\" class=\"wp-block-spacer\"><\/div>\n\n\n\n<h2 class=\"wp-block-heading\">De 9h \u00e0 10h30<\/h2>\n\n\n\n<hr class=\"wp-block-separator has-alpha-channel-opacity\"\/>\n<\/div><\/div>\n\n\n\n<div class=\"wp-block-columns is-layout-flex wp-container-core-columns-is-layout-1 wp-block-columns-is-layout-flex\">\n<div class=\"wp-block-column is-layout-flow wp-block-column-is-layout-flow\">\n<div class=\"wp-block-group\"><div class=\"wp-block-group__inner-container is-layout-constrained wp-block-group-is-layout-constrained\">\n<p class=\"conference-block-code has-global-color-defi-3-color has-text-color has-link-color wp-elements-4f8d9d08b3f10ff51d2e442692f66306\"><strong><em>E53.3TR<\/em><\/strong><\/p>\n\n\n\n<p class=\"conference-block-title\">Qualit\u00e9 de la formation : 10 ans apr\u00e8s, o\u00f9 en est-on ?<\/p>\n\n\n\n<div style=\"height:10px\" aria-hidden=\"true\" class=\"wp-block-spacer\"><\/div>\n\n\n\n<p class=\"conference-block-link\"><a href=\"\/2025\/qualite-de-la-formation-10-ans-apres-ou-en-est-on\/\">+ Voir le d\u00e9tail<\/a><\/p>\n<\/div><\/div>\n<\/div>\n\n\n\n<div class=\"wp-block-column is-layout-flow wp-block-column-is-layout-flow\">\n<div class=\"wp-block-group\"><div class=\"wp-block-group__inner-container is-layout-constrained wp-block-group-is-layout-constrained\">\n<p class=\"conference-block-code has-global-color-defi-4-color has-text-color has-link-color wp-elements-0f8502384b6161655d0a7510f0fd3df0\"><strong><em>E54.4AT<\/em><\/strong><\/p>\n\n\n\n<p class=\"conference-block-title\">Utiliser l&rsquo;IA pour syst\u00e9matiser les innovations en ing\u00e9nierie p\u00e9dagogique&nbsp;&nbsp;<\/p>\n\n\n\n<div style=\"height:10px\" aria-hidden=\"true\" class=\"wp-block-spacer\"><\/div>\n\n\n\n<p class=\"conference-block-link\"><a href=\"https:\/\/uhfp.centre-inffo.fr\/2025\/uiltiser-lia-pour-systematiser-les-innovations-en-ingenierie-pedagogique\/\">+ Voir le d\u00e9tail<\/a><\/p>\n<\/div><\/div>\n<\/div>\n<\/div>\n\n\n\n<div class=\"wp-block-columns is-layout-flex wp-container-core-columns-is-layout-2 wp-block-columns-is-layout-flex\">\n<div class=\"wp-block-column is-layout-flow wp-block-column-is-layout-flow\">\n<div class=\"wp-block-group\"><div class=\"wp-block-group__inner-container is-layout-constrained wp-block-group-is-layout-constrained\">\n<p class=\"conference-block-code has-global-color-defi-4-color has-text-color has-link-color wp-elements-e670a191d7f31334b3ffda2080fc80d6\"><strong><em>E56.4AT<\/em><\/strong><\/p>\n\n\n\n<p class=\"conference-block-title\">Panorama de l\u2019actualit\u00e9 juridique : apprentissage, CPF, VAE&#8230;<\/p>\n\n\n\n<div style=\"height:10px\" aria-hidden=\"true\" class=\"wp-block-spacer\"><\/div>\n\n\n\n<p class=\"conference-block-link\"><a href=\"https:\/\/uhfp.centre-inffo.fr\/2025\/panorama-de-lactualite-juridique-centre-inffo-3\/\">+ Voir le d\u00e9tail<\/a><\/p>\n<\/div><\/div>\n<\/div>\n\n\n\n<div class=\"wp-block-column is-layout-flow wp-block-column-is-layout-flow\">\n<div class=\"wp-block-group\"><div class=\"wp-block-group__inner-container is-layout-constrained wp-block-group-is-layout-constrained\">\n<p class=\"conference-block-code has-global-color-defi-2-color has-text-color has-link-color wp-elements-8f04771d9671bf5e7d763fe1f25d0b7a\"><strong><em>E57.4AT<\/em><\/strong><\/p>\n\n\n\n<p class=\"conference-block-title\">Rendre l&rsquo;organisation apprenante par la recherche-action<\/p>\n\n\n\n<div style=\"height:10px\" aria-hidden=\"true\" class=\"wp-block-spacer\"><\/div>\n\n\n\n<p class=\"conference-block-link\"><a href=\"\/2025\/rendre-lorganisation-apprenante-par-la-recherche-action\/\">+ Voir le d\u00e9tail<\/a><\/p>\n<\/div><\/div>\n<\/div>\n<\/div>\n\n\n\n<div class=\"wp-block-columns is-layout-flex wp-container-core-columns-is-layout-3 wp-block-columns-is-layout-flex\">\n<div class=\"wp-block-column is-layout-flow wp-block-column-is-layout-flow\">\n<div class=\"wp-block-group\"><div class=\"wp-block-group__inner-container is-layout-constrained wp-block-group-is-layout-constrained\">\n<p class=\"conference-block-code has-global-color-defi-4-color has-text-color has-link-color wp-elements-06f625a8a143f76db7fe3be7bbe8ac77\"><strong><em>E58.4AT<\/em><\/strong><\/p>\n\n\n\n<p class=\"conference-block-title\">Quelles coop\u00e9rations dans l&rsquo;\u00e9cosyst\u00e8me de la formation pour faire face \u00e0 l&rsquo;urgence climatique ?<\/p>\n\n\n\n<div style=\"height:10px\" aria-hidden=\"true\" class=\"wp-block-spacer\"><\/div>\n\n\n\n<p class=\"conference-block-link\"><a href=\"\/2025\/quelles-cooperations-dans-lecosysteme-de-la-formation-pour-faire-face-a-lurgence-climatique\/\">+ Voir le d\u00e9tail<\/a><\/p>\n<\/div><\/div>\n<\/div>\n\n\n\n<div class=\"wp-block-column is-layout-flow wp-block-column-is-layout-flow\">\n<div class=\"wp-block-group\"><div class=\"wp-block-group__inner-container is-layout-constrained wp-block-group-is-layout-constrained\">\n<p class=\"conference-block-code has-global-color-defi-3-color has-text-color has-link-color wp-elements-ec408cc480a261bfba54c030cee04344\"><strong><em>E59.3AT<\/em><\/strong><\/p>\n\n\n\n<p class=\"conference-block-title\">Les conditions de l&rsquo;efficacit\u00e9 de la formation<\/p>\n\n\n\n<div style=\"height:10px\" aria-hidden=\"true\" class=\"wp-block-spacer\"><\/div>\n\n\n\n<p class=\"conference-block-link\"><a href=\"\/2025\/les-conditions-de-lefficacite-de-la-formation\/\">+ Voir le d\u00e9tail<\/a><\/p>\n<\/div><\/div>\n<\/div>\n<\/div>\n\n\n\n<div class=\"wp-block-columns is-layout-flex wp-container-core-columns-is-layout-4 wp-block-columns-is-layout-flex\">\n<div class=\"wp-block-column is-layout-flow wp-block-column-is-layout-flow\">\n<div class=\"wp-block-group\"><div class=\"wp-block-group__inner-container is-layout-constrained wp-block-group-is-layout-constrained\">\n<p class=\"conference-block-code has-global-color-defi-4-color has-text-color has-link-color wp-elements-23124fd04ca626bd7c432eaf0dbcf7a4\"><strong><em>E60.4TR<\/em><\/strong><\/p>\n\n\n\n<p class=\"conference-block-title\">Devenir auditeur : un \u00e9quilibre entre exigence et bienveillance<\/p>\n\n\n\n<div style=\"height:10px\" aria-hidden=\"true\" class=\"wp-block-spacer\"><\/div>\n\n\n\n<p class=\"conference-block-link\"><a href=\"\/2025\/devenir-auditeur-un-equilibre-entre-exigence-et-bienveillance\/\">+ Voir le d\u00e9tail<\/a><\/p>\n<\/div><\/div>\n<\/div>\n\n\n\n<div class=\"wp-block-column is-layout-flow wp-block-column-is-layout-flow\"><\/div>\n<\/div>\n\n\n\n<div class=\"wp-block-group\"><div class=\"wp-block-group__inner-container is-layout-constrained wp-block-group-is-layout-constrained\">\n<div style=\"height:60px\" aria-hidden=\"true\" class=\"wp-block-spacer\"><\/div>\n\n\n\n<h2 class=\"wp-block-heading\">11h00 &#8211; Pl\u00e9ni\u00e8re de cl\u00f4ture de la 19e UHFP<\/h2>\n\n\n\n<hr class=\"wp-block-separator has-alpha-channel-opacity\"\/>\n<\/div><\/div>\n\n\n\n<p class=\"has-contrast-3-color has-text-color has-link-color wp-elements-20c3e79b09891d70891a99078f3f553c\"><strong>Animation<\/strong><\/p>\n\n\n\n<ul>\n<li><a href=\"https:\/\/uhfp.centre-inffo.fr\/2025\/frederic-ferrer\/\">Fr\u00e9d\u00e9ric Ferrer<\/a><br><em>Journaliste consultant-formateur<\/em>&nbsp;\/&nbsp;<em>Dirigeant de Zou &amp; Co Conseil<\/em><\/li>\n<\/ul>\n\n\n\n<p class=\"has-contrast-3-color has-text-color has-link-color wp-elements-fc7031aca11e5f2c733cce2746d2f1a6\"><strong>Conf\u00e9rence participative &#8211; Le nouveau monde des rapports aux savoirs&nbsp;&nbsp;<\/strong><\/p>\n\n\n\n<ul>\n<li><em>Anim\u00e9e par <a href=\"\/2025\/denis-cristol\/\">Denis Cristol<\/a>, Apprendre Autrement&nbsp;<\/em><\/li>\n<\/ul>\n\n\n\n<ul>\n<li><a href=\"https:\/\/uhfp.centre-inffo.fr\/2025\/maxime-bonpays\/\">Maxime Bonpays<\/a><br><em><em>Pr\u00e9sident \u2013 Transition Pro Nouvelle-Aquitaine<\/em><\/em><\/li>\n\n\n\n<li><a href=\"https:\/\/uhfp.centre-inffo.fr\/2025\/elisabeth-dartigues\/\">Elisabeth Dartigues<\/a><br><em><em>Dirigeante<\/em>&nbsp;<em>\u2013 Mon Coach Mobilit\u00e9<\/em><\/em><\/li>\n\n\n\n<li><a href=\"https:\/\/uhfp.centre-inffo.fr\/2025\/audrey-guidez\/\">Audrey Guidez<\/a><br><em>DRH Information &#8211; France T\u00e9l\u00e9visions<\/em><\/li>\n\n\n\n<li><a href=\"https:\/\/uhfp.centre-inffo.fr\/2025\/olivier-mothes\/\">Olivier Mothes<\/a><br><em><em>Pr\u00e9sident d\u00e9l\u00e9gu\u00e9<\/em>  &#8211; Les Alternateurs<\/em><\/li>\n\n\n\n<li><a href=\"https:\/\/uhfp.centre-inffo.fr\/2025\/schany-taix\/\">Schany Taix<\/a><br><em><em>Directeur \u2013 ST Conseil<\/em><\/em><\/li>\n<\/ul>\n\n\n\n<div style=\"height:60px\" aria-hidden=\"true\" class=\"wp-block-spacer\"><\/div>\n\n\n\n<h2 class=\"wp-block-heading\">11h50 &#8211; Allocutions de cl\u00f4ture<\/h2>\n\n\n\n<ul class=\"list-has-margin\">\n<li><a href=\"https:\/\/uhfp.centre-inffo.fr\/2025\/franck-chikli\/\">Frank Chikli<\/a><br><em>Adjoint au Maire de Cannes, en charge de la formation &#8211; Ville de Cannes<\/em><\/li>\n\n\n\n<li><a href=\"https:\/\/uhfp.centre-inffo.fr\/2025\/pascale-romenteau\/\">Pascale Romenteau<\/a><br><em>Directrice g\u00e9n\u00e9rale &#8211; Centre Inffo<\/em><br><strong>Clap de fin de la 19e UHFP<\/strong><\/li>\n<\/ul>\n\n\n\n<div style=\"height:60px\" aria-hidden=\"true\" class=\"wp-block-spacer\"><\/div>\n\n\n\n<hr class=\"wp-block-separator has-alpha-channel-opacity\"\/>\n\n\n\n<div style=\"height:60px\" aria-hidden=\"true\" class=\"wp-block-spacer\"><\/div>\n\n\n\n<h2 class=\"wp-block-heading\">12h30 &#8211; Cocktail d\u00e9jeunatoire<\/h2>\n\n\n\n<hr class=\"wp-block-separator has-alpha-channel-opacity\"\/>\n\n\n\n<div style=\"height:60px\" aria-hidden=\"true\" class=\"wp-block-spacer\"><\/div>\n\n\n\n<h2 class=\"wp-block-heading\">De 12h \u00e0 15h<\/h2>\n\n\n\n<hr class=\"wp-block-separator has-alpha-channel-opacity\"\/>\n\n\n\n<p>D\u00e9part des navettes vers l&rsquo;a\u00e9roport de Nice-C\u00f4te d&rsquo;Azur<\/p>\n","protected":false},"excerpt":{"rendered":"<p>TR &#8211; Table rondeAT &#8211; Atelier De 9h \u00e0 10h30 E53.3TR Qualit\u00e9 de la formation : 10 ans apr\u00e8s, o\u00f9 en est-on ? + Voir le d\u00e9tail E54.4AT Utiliser l&rsquo;IA pour syst\u00e9matiser les innovations en ing\u00e9nierie p\u00e9dagogique&nbsp;&nbsp; + Voir le d\u00e9tail E56.4AT Panorama de l\u2019actualit\u00e9 juridique : apprentissage, CPF, VAE&#8230; + Voir le d\u00e9tail E57.4AT &#8230; <a title=\"Vendredi 24 janvier\" class=\"read-more\" href=\"https:\/\/uhfp.centre-inffo.fr\/2025\/programme\/vendredi-24-janvier\/\" aria-label=\"Read more about Vendredi 24 janvier\">Lire la suite<\/a><\/p>\n","protected":false},"author":2,"featured_media":0,"parent":515,"menu_order":0,"comment_status":"closed","ping_status":"closed","template":"","meta":{"_acf_changed":false,"footnotes":""},"categories":[6],"tags":[],"acf":[],"yoast_head":"<!-- This site is optimized with the Yoast SEO plugin v22.4 - https:\/\/yoast.com\/wordpress\/plugins\/seo\/ -->\n<title>Vendredi 24 janvier - 19e Universit\u00e9 d&#039;Hiver de la Formation Professionnelle<\/title>\n<meta name=\"robots\" content=\"index, follow, max-snippet:-1, max-image-preview:large, max-video-preview:-1\" \/>\n<link rel=\"canonical\" href=\"https:\/\/uhfp.centre-inffo.fr\/2025\/programme\/vendredi-24-janvier\/\" \/>\n<meta property=\"og:locale\" content=\"fr_FR\" \/>\n<meta property=\"og:type\" content=\"article\" \/>\n<meta property=\"og:title\" content=\"Vendredi 24 janvier - 19e Universit\u00e9 d&#039;Hiver de la Formation Professionnelle\" \/>\n<meta property=\"og:description\" content=\"TR &#8211; Table rondeAT &#8211; Atelier De 9h \u00e0 10h30 E53.3TR Qualit\u00e9 de la formation : 10 ans apr\u00e8s, o\u00f9 en est-on ? + Voir le d\u00e9tail E54.4AT Utiliser l&rsquo;IA pour syst\u00e9matiser les innovations en ing\u00e9nierie p\u00e9dagogique&nbsp;&nbsp; + Voir le d\u00e9tail E56.4AT Panorama de l\u2019actualit\u00e9 juridique : apprentissage, CPF, VAE&#8230; + Voir le d\u00e9tail E57.4AT ... Lire la suite\" \/>\n<meta property=\"og:url\" content=\"https:\/\/uhfp.centre-inffo.fr\/2025\/programme\/vendredi-24-janvier\/\" \/>\n<meta property=\"og:site_name\" content=\"19e Universit\u00e9 d&#039;Hiver de la Formation Professionnelle\" \/>\n<meta property=\"article:publisher\" content=\"https:\/\/www.facebook.com\/centreinffo\" \/>\n<meta property=\"article:modified_time\" content=\"2025-01-22T11:13:08+00:00\" \/>\n<meta name=\"twitter:card\" content=\"summary_large_image\" \/>\n<meta name=\"twitter:site\" content=\"@centreinffo\" \/>\n<meta name=\"twitter:label1\" content=\"Dur\u00e9e de lecture estim\u00e9e\" \/>\n\t<meta name=\"twitter:data1\" content=\"2 minutes\" \/>\n<script type=\"application\/ld+json\" class=\"yoast-schema-graph\">{\"@context\":\"https:\/\/schema.org\",\"@graph\":[{\"@type\":\"WebPage\",\"@id\":\"https:\/\/uhfp.centre-inffo.fr\/2025\/programme\/vendredi-24-janvier\/\",\"url\":\"https:\/\/uhfp.centre-inffo.fr\/2025\/programme\/vendredi-24-janvier\/\",\"name\":\"Vendredi 24 janvier - 19e Universit\u00e9 d&#039;Hiver de la Formation Professionnelle\",\"isPartOf\":{\"@id\":\"https:\/\/uhfp.centre-inffo.fr\/2025\/#website\"},\"datePublished\":\"2024-02-07T14:23:43+00:00\",\"dateModified\":\"2025-01-22T11:13:08+00:00\",\"breadcrumb\":{\"@id\":\"https:\/\/uhfp.centre-inffo.fr\/2025\/programme\/vendredi-24-janvier\/#breadcrumb\"},\"inLanguage\":\"fr-FR\",\"potentialAction\":[{\"@type\":\"ReadAction\",\"target\":[\"https:\/\/uhfp.centre-inffo.fr\/2025\/programme\/vendredi-24-janvier\/\"]}]},{\"@type\":\"BreadcrumbList\",\"@id\":\"https:\/\/uhfp.centre-inffo.fr\/2025\/programme\/vendredi-24-janvier\/#breadcrumb\",\"itemListElement\":[{\"@type\":\"ListItem\",\"position\":1,\"name\":\"Accueil\",\"item\":\"https:\/\/uhfp.centre-inffo.fr\/2025\/\"},{\"@type\":\"ListItem\",\"position\":2,\"name\":\"Programme\",\"item\":\"https:\/\/uhfp.centre-inffo.fr\/2025\/rubrique\/programme\/\"},{\"@type\":\"ListItem\",\"position\":3,\"name\":\"Le programme complet\",\"item\":\"https:\/\/uhfp.centre-inffo.fr\/2025\/programme\/\"},{\"@type\":\"ListItem\",\"position\":4,\"name\":\"Vendredi 24 janvier\"}]},{\"@type\":\"WebSite\",\"@id\":\"https:\/\/uhfp.centre-inffo.fr\/2025\/#website\",\"url\":\"https:\/\/uhfp.centre-inffo.fr\/2025\/\",\"name\":\"19e Universit\u00e9 d'Hiver de la Formation Professionnelle\",\"description\":\"Du 22 au 24 janvier 2025, au Palais des Festivals de Cannes\",\"publisher\":{\"@id\":\"https:\/\/uhfp.centre-inffo.fr\/2025\/#organization\"},\"alternateName\":\"19e UHFP\",\"potentialAction\":[{\"@type\":\"SearchAction\",\"target\":{\"@type\":\"EntryPoint\",\"urlTemplate\":\"https:\/\/uhfp.centre-inffo.fr\/2025\/?s={search_term_string}\"},\"query-input\":\"required name=search_term_string\"}],\"inLanguage\":\"fr-FR\"},{\"@type\":\"Organization\",\"@id\":\"https:\/\/uhfp.centre-inffo.fr\/2025\/#organization\",\"name\":\"Centre Inffo\",\"url\":\"https:\/\/uhfp.centre-inffo.fr\/2025\/\",\"logo\":{\"@type\":\"ImageObject\",\"inLanguage\":\"fr-FR\",\"@id\":\"https:\/\/uhfp.centre-inffo.fr\/2025\/#\/schema\/logo\/image\/\",\"url\":\"https:\/\/uhfp.centre-inffo.fr\/2025\/wp-content\/uploads\/2024\/02\/logo-19e-uhfp.png\",\"contentUrl\":\"https:\/\/uhfp.centre-inffo.fr\/2025\/wp-content\/uploads\/2024\/02\/logo-19e-uhfp.png\",\"width\":842,\"height\":595,\"caption\":\"Centre Inffo\"},\"image\":{\"@id\":\"https:\/\/uhfp.centre-inffo.fr\/2025\/#\/schema\/logo\/image\/\"},\"sameAs\":[\"https:\/\/www.facebook.com\/centreinffo\",\"https:\/\/twitter.com\/centreinffo\",\"https:\/\/www.linkedin.com\/company\/centre-inffo\/\",\"https:\/\/www.youtube.com\/user\/centreinffo\"]}]}<\/script>\n<!-- \/ Yoast SEO plugin. -->","yoast_head_json":{"title":"Vendredi 24 janvier - 19e Universit\u00e9 d&#039;Hiver de la Formation Professionnelle","robots":{"index":"index","follow":"follow","max-snippet":"max-snippet:-1","max-image-preview":"max-image-preview:large","max-video-preview":"max-video-preview:-1"},"canonical":"https:\/\/uhfp.centre-inffo.fr\/2025\/programme\/vendredi-24-janvier\/","og_locale":"fr_FR","og_type":"article","og_title":"Vendredi 24 janvier - 19e Universit\u00e9 d&#039;Hiver de la Formation Professionnelle","og_description":"TR &#8211; Table rondeAT &#8211; Atelier De 9h \u00e0 10h30 E53.3TR Qualit\u00e9 de la formation : 10 ans apr\u00e8s, o\u00f9 en est-on ? + Voir le d\u00e9tail E54.4AT Utiliser l&rsquo;IA pour syst\u00e9matiser les innovations en ing\u00e9nierie p\u00e9dagogique&nbsp;&nbsp; + Voir le d\u00e9tail E56.4AT Panorama de l\u2019actualit\u00e9 juridique : apprentissage, CPF, VAE&#8230; + Voir le d\u00e9tail E57.4AT ... Lire la suite","og_url":"https:\/\/uhfp.centre-inffo.fr\/2025\/programme\/vendredi-24-janvier\/","og_site_name":"19e Universit\u00e9 d&#039;Hiver de la Formation Professionnelle","article_publisher":"https:\/\/www.facebook.com\/centreinffo","article_modified_time":"2025-01-22T11:13:08+00:00","twitter_card":"summary_large_image","twitter_site":"@centreinffo","twitter_misc":{"Dur\u00e9e de lecture estim\u00e9e":"2 minutes"},"schema":{"@context":"https:\/\/schema.org","@graph":[{"@type":"WebPage","@id":"https:\/\/uhfp.centre-inffo.fr\/2025\/programme\/vendredi-24-janvier\/","url":"https:\/\/uhfp.centre-inffo.fr\/2025\/programme\/vendredi-24-janvier\/","name":"Vendredi 24 janvier - 19e Universit\u00e9 d&#039;Hiver de la Formation Professionnelle","isPartOf":{"@id":"https:\/\/uhfp.centre-inffo.fr\/2025\/#website"},"datePublished":"2024-02-07T14:23:43+00:00","dateModified":"2025-01-22T11:13:08+00:00","breadcrumb":{"@id":"https:\/\/uhfp.centre-inffo.fr\/2025\/programme\/vendredi-24-janvier\/#breadcrumb"},"inLanguage":"fr-FR","potentialAction":[{"@type":"ReadAction","target":["https:\/\/uhfp.centre-inffo.fr\/2025\/programme\/vendredi-24-janvier\/"]}]},{"@type":"BreadcrumbList","@id":"https:\/\/uhfp.centre-inffo.fr\/2025\/programme\/vendredi-24-janvier\/#breadcrumb","itemListElement":[{"@type":"ListItem","position":1,"name":"Accueil","item":"https:\/\/uhfp.centre-inffo.fr\/2025\/"},{"@type":"ListItem","position":2,"name":"Programme","item":"https:\/\/uhfp.centre-inffo.fr\/2025\/rubrique\/programme\/"},{"@type":"ListItem","position":3,"name":"Le programme complet","item":"https:\/\/uhfp.centre-inffo.fr\/2025\/programme\/"},{"@type":"ListItem","position":4,"name":"Vendredi 24 janvier"}]},{"@type":"WebSite","@id":"https:\/\/uhfp.centre-inffo.fr\/2025\/#website","url":"https:\/\/uhfp.centre-inffo.fr\/2025\/","name":"19e Universit\u00e9 d'Hiver de la Formation Professionnelle","description":"Du 22 au 24 janvier 2025, au Palais des Festivals de Cannes","publisher":{"@id":"https:\/\/uhfp.centre-inffo.fr\/2025\/#organization"},"alternateName":"19e UHFP","potentialAction":[{"@type":"SearchAction","target":{"@type":"EntryPoint","urlTemplate":"https:\/\/uhfp.centre-inffo.fr\/2025\/?s={search_term_string}"},"query-input":"required name=search_term_string"}],"inLanguage":"fr-FR"},{"@type":"Organization","@id":"https:\/\/uhfp.centre-inffo.fr\/2025\/#organization","name":"Centre Inffo","url":"https:\/\/uhfp.centre-inffo.fr\/2025\/","logo":{"@type":"ImageObject","inLanguage":"fr-FR","@id":"https:\/\/uhfp.centre-inffo.fr\/2025\/#\/schema\/logo\/image\/","url":"https:\/\/uhfp.centre-inffo.fr\/2025\/wp-content\/uploads\/2024\/02\/logo-19e-uhfp.png","contentUrl":"https:\/\/uhfp.centre-inffo.fr\/2025\/wp-content\/uploads\/2024\/02\/logo-19e-uhfp.png","width":842,"height":595,"caption":"Centre Inffo"},"image":{"@id":"https:\/\/uhfp.centre-inffo.fr\/2025\/#\/schema\/logo\/image\/"},"sameAs":["https:\/\/www.facebook.com\/centreinffo","https:\/\/twitter.com\/centreinffo","https:\/\/www.linkedin.com\/company\/centre-inffo\/","https:\/\/www.youtube.com\/user\/centreinffo"]}]}},"_links":{"self":[{"href":"https:\/\/uhfp.centre-inffo.fr\/2025\/wp-json\/wp\/v2\/pages\/814"}],"collection":[{"href":"https:\/\/uhfp.centre-inffo.fr\/2025\/wp-json\/wp\/v2\/pages"}],"about":[{"href":"https:\/\/uhfp.centre-inffo.fr\/2025\/wp-json\/wp\/v2\/types\/page"}],"author":[{"embeddable":true,"href":"https:\/\/uhfp.centre-inffo.fr\/2025\/wp-json\/wp\/v2\/users\/2"}],"replies":[{"embeddable":true,"href":"https:\/\/uhfp.centre-inffo.fr\/2025\/wp-json\/wp\/v2\/comments?post=814"}],"version-history":[{"count":65,"href":"https:\/\/uhfp.centre-inffo.fr\/2025\/wp-json\/wp\/v2\/pages\/814\/revisions"}],"predecessor-version":[{"id":9006,"href":"https:\/\/uhfp.centre-inffo.fr\/2025\/wp-json\/wp\/v2\/pages\/814\/revisions\/9006"}],"up":[{"embeddable":true,"href":"https:\/\/uhfp.centre-inffo.fr\/2025\/wp-json\/wp\/v2\/pages\/515"}],"wp:attachment":[{"href":"https:\/\/uhfp.centre-inffo.fr\/2025\/wp-json\/wp\/v2\/media?parent=814"}],"wp:term":[{"taxonomy":"category","embeddable":true,"href":"https:\/\/uhfp.centre-inffo.fr\/2025\/wp-json\/wp\/v2\/categories?post=814"},{"taxonomy":"post_tag","embeddable":true,"href":"https:\/\/uhfp.centre-inffo.fr\/2025\/wp-json\/wp\/v2\/tags?post=814"}],"curies":[{"name":"wp","href":"https:\/\/api.w.org\/{rel}","templated":true}]}}