{"id":8367,"date":"2023-07-25T09:01:00","date_gmt":"2023-07-25T07:01:00","guid":{"rendered":"https:\/\/uhfp.centre-inffo.fr\/2025\/?page_id=8367"},"modified":"2025-01-20T17:52:34","modified_gmt":"2025-01-20T16:52:34","slug":"jean-patrick-gille","status":"publish","type":"page","link":"https:\/\/uhfp.centre-inffo.fr\/2025\/jean-patrick-gille\/","title":{"rendered":"Jean-Patrick Gille"},"content":{"rendered":"\n<hr class=\"wp-block-separator has-alpha-channel-opacity\"\/>\n\n\n\n<p>N\u00e9 le 28 janvier 1962 \u00e0 \u00c9commoy (Sarthe), Jean-Patrick GILLE est un homme politique fran\u00e7ais, sp\u00e9cialiste des questions de formation professionnelle et d&rsquo;insertion des jeunes. Implant\u00e9 \u00e0 Tours, il a \u00e9t\u00e9 Conseiller municipal de Tours jusqu&rsquo;en 2015, apr\u00e8s avoir \u00e9t\u00e9 Premier Adjoint au maire de 1995 \u00e0 2007. R\u00e9\u00e9lu en 2020, il est conseiller d\u00e9l\u00e9gu\u00e9 aux enjeux de la m\u00e9tropolisation et aux relations avec les autres collectivit\u00e9s. A ce titre, il pr\u00e9side la \u00ab cit\u00e9 des formations \u00bb et la Misson Locale de Tours. Il fut, de 2007 \u00e0 2017, D\u00e9put\u00e9 d&rsquo;Indre-et-Loire, membre du groupe Socialiste, radical, citoyen et divers gauche. Il a \u00e9t\u00e9 rapporteur de la r\u00e9forme de la formation de 2014 portant notamment cr\u00e9ation du CPF. De 2020 \u00e0 septembre 2021, il fut Vice-pr\u00e9sident de Tours M\u00e9tropole charg\u00e9 de la Culture, de l\u2019Enseignement sup\u00e9rieur, de la Recherche et de la Formation. Il est devenu Conseiller r\u00e9gional du Centre-Val de Loire en d\u00e9cembre 2015, menant la t\u00eate de liste du d\u00e9partement d&rsquo;Indre-et-Loire pour Fran\u00e7ois Bonneau. <\/p>\n\n\n\n<p>Il a pr\u00e9sid\u00e9 le groupe Socialiste, Radical et D\u00e9mocrate, de l&rsquo;assembl\u00e9e r\u00e9gionale jusqu\u2019en juillet 2021 o\u00f9, r\u00e9\u00e9lu, il est devenu Vice-Pr\u00e9sident d\u00e9l\u00e9gu\u00e9 \u00e0 l\u2019Emploi, la Formation Professionnelle, l\u2019Orientation et l\u2019Insertion au Conseil R\u00e9gional du Centre-Val de Loire. Engag\u00e9 pour l&#8217;emploi des jeunes et la formation professionnelle, il a \u00e9t\u00e9 Pr\u00e9sident de l&rsquo;Union Nationale des Missions Locales de 2009 \u00e0 2020 et en est aujourd\u2019hui encore Vice-pr\u00e9sident. Il repr\u00e9sente R\u00e9gions de France aux conseils d\u2019administration de Centre Inffo, France Travail, et du CNAM.<\/p>\n\n\n\n<h2 class=\"wp-block-heading\">Intervention<\/h2>\n\n\n\n<ul>\n<li><strong><em>B15.4TR<\/em><\/strong><br><a href=\"https:\/\/uhfp.centre-inffo.fr\/2025\/regulation-du-marche-de-la-formation-comment-faire-mieux-avec-moins\/\">R\u00e9gulation du march\u00e9 de la formation : comment faire mieux avec moins ?<\/a><\/li>\n<\/ul>\n","protected":false},"excerpt":{"rendered":"<p>N\u00e9 le 28 janvier 1962 \u00e0 \u00c9commoy (Sarthe), Jean-Patrick GILLE est un homme politique fran\u00e7ais, sp\u00e9cialiste des questions de formation professionnelle et d&rsquo;insertion des jeunes. Implant\u00e9 \u00e0 Tours, il a \u00e9t\u00e9 Conseiller municipal de Tours jusqu&rsquo;en 2015, apr\u00e8s avoir \u00e9t\u00e9 Premier Adjoint au maire de 1995 \u00e0 2007. R\u00e9\u00e9lu en 2020, il est conseiller d\u00e9l\u00e9gu\u00e9 &#8230; <a title=\"Jean-Patrick Gille\" class=\"read-more\" href=\"https:\/\/uhfp.centre-inffo.fr\/2025\/jean-patrick-gille\/\" aria-label=\"Read more about Jean-Patrick Gille\">Lire la suite<\/a><\/p>\n","protected":false},"author":2,"featured_media":8369,"parent":0,"menu_order":0,"comment_status":"closed","ping_status":"closed","template":"","meta":{"_acf_changed":false,"footnotes":""},"categories":[9],"tags":[],"acf":[],"yoast_head":"<!-- This site is optimized with the Yoast SEO plugin v22.4 - https:\/\/yoast.com\/wordpress\/plugins\/seo\/ -->\n<title>Jean-Patrick Gille - 19e Universit\u00e9 d&#039;Hiver de la Formation Professionnelle<\/title>\n<meta name=\"robots\" content=\"index, follow, max-snippet:-1, max-image-preview:large, max-video-preview:-1\" \/>\n<link rel=\"canonical\" href=\"https:\/\/uhfp.centre-inffo.fr\/2025\/jean-patrick-gille\/\" \/>\n<meta property=\"og:locale\" content=\"fr_FR\" \/>\n<meta property=\"og:type\" content=\"article\" \/>\n<meta property=\"og:title\" content=\"Jean-Patrick Gille - 19e Universit\u00e9 d&#039;Hiver de la Formation Professionnelle\" \/>\n<meta property=\"og:description\" content=\"N\u00e9 le 28 janvier 1962 \u00e0 \u00c9commoy (Sarthe), Jean-Patrick GILLE est un homme politique fran\u00e7ais, sp\u00e9cialiste des questions de formation professionnelle et d&rsquo;insertion des jeunes. Implant\u00e9 \u00e0 Tours, il a \u00e9t\u00e9 Conseiller municipal de Tours jusqu&rsquo;en 2015, apr\u00e8s avoir \u00e9t\u00e9 Premier Adjoint au maire de 1995 \u00e0 2007. R\u00e9\u00e9lu en 2020, il est conseiller d\u00e9l\u00e9gu\u00e9 ... Lire la suite\" \/>\n<meta property=\"og:url\" content=\"https:\/\/uhfp.centre-inffo.fr\/2025\/jean-patrick-gille\/\" \/>\n<meta property=\"og:site_name\" content=\"19e Universit\u00e9 d&#039;Hiver de la Formation Professionnelle\" \/>\n<meta property=\"article:publisher\" content=\"https:\/\/www.facebook.com\/centreinffo\" \/>\n<meta property=\"article:modified_time\" content=\"2025-01-20T16:52:34+00:00\" \/>\n<meta property=\"og:image\" content=\"https:\/\/uhfp.centre-inffo.fr\/2025\/wp-content\/uploads\/2025\/01\/gille.jpg\" \/>\n\t<meta property=\"og:image:width\" content=\"600\" \/>\n\t<meta property=\"og:image:height\" content=\"600\" \/>\n\t<meta property=\"og:image:type\" content=\"image\/jpeg\" \/>\n<meta name=\"twitter:card\" content=\"summary_large_image\" \/>\n<meta name=\"twitter:site\" content=\"@centreinffo\" \/>\n<meta name=\"twitter:label1\" content=\"Dur\u00e9e de lecture estim\u00e9e\" \/>\n\t<meta name=\"twitter:data1\" content=\"2 minutes\" \/>\n<script type=\"application\/ld+json\" class=\"yoast-schema-graph\">{\"@context\":\"https:\/\/schema.org\",\"@graph\":[{\"@type\":\"WebPage\",\"@id\":\"https:\/\/uhfp.centre-inffo.fr\/2025\/jean-patrick-gille\/\",\"url\":\"https:\/\/uhfp.centre-inffo.fr\/2025\/jean-patrick-gille\/\",\"name\":\"Jean-Patrick Gille - 19e Universit\u00e9 d&#039;Hiver de la Formation Professionnelle\",\"isPartOf\":{\"@id\":\"https:\/\/uhfp.centre-inffo.fr\/2025\/#website\"},\"primaryImageOfPage\":{\"@id\":\"https:\/\/uhfp.centre-inffo.fr\/2025\/jean-patrick-gille\/#primaryimage\"},\"image\":{\"@id\":\"https:\/\/uhfp.centre-inffo.fr\/2025\/jean-patrick-gille\/#primaryimage\"},\"thumbnailUrl\":\"https:\/\/uhfp.centre-inffo.fr\/2025\/wp-content\/uploads\/2025\/01\/gille.jpg\",\"datePublished\":\"2023-07-25T07:01:00+00:00\",\"dateModified\":\"2025-01-20T16:52:34+00:00\",\"breadcrumb\":{\"@id\":\"https:\/\/uhfp.centre-inffo.fr\/2025\/jean-patrick-gille\/#breadcrumb\"},\"inLanguage\":\"fr-FR\",\"potentialAction\":[{\"@type\":\"ReadAction\",\"target\":[\"https:\/\/uhfp.centre-inffo.fr\/2025\/jean-patrick-gille\/\"]}]},{\"@type\":\"ImageObject\",\"inLanguage\":\"fr-FR\",\"@id\":\"https:\/\/uhfp.centre-inffo.fr\/2025\/jean-patrick-gille\/#primaryimage\",\"url\":\"https:\/\/uhfp.centre-inffo.fr\/2025\/wp-content\/uploads\/2025\/01\/gille.jpg\",\"contentUrl\":\"https:\/\/uhfp.centre-inffo.fr\/2025\/wp-content\/uploads\/2025\/01\/gille.jpg\",\"width\":600,\"height\":600},{\"@type\":\"BreadcrumbList\",\"@id\":\"https:\/\/uhfp.centre-inffo.fr\/2025\/jean-patrick-gille\/#breadcrumb\",\"itemListElement\":[{\"@type\":\"ListItem\",\"position\":1,\"name\":\"Accueil\",\"item\":\"https:\/\/uhfp.centre-inffo.fr\/2025\/\"},{\"@type\":\"ListItem\",\"position\":2,\"name\":\"Intervenants\",\"item\":\"https:\/\/uhfp.centre-inffo.fr\/2025\/rubrique\/intervenants\/\"},{\"@type\":\"ListItem\",\"position\":3,\"name\":\"Jean-Patrick Gille\"}]},{\"@type\":\"WebSite\",\"@id\":\"https:\/\/uhfp.centre-inffo.fr\/2025\/#website\",\"url\":\"https:\/\/uhfp.centre-inffo.fr\/2025\/\",\"name\":\"19e Universit\u00e9 d'Hiver de la Formation Professionnelle\",\"description\":\"Du 22 au 24 janvier 2025, au Palais des Festivals de Cannes\",\"publisher\":{\"@id\":\"https:\/\/uhfp.centre-inffo.fr\/2025\/#organization\"},\"alternateName\":\"19e UHFP\",\"potentialAction\":[{\"@type\":\"SearchAction\",\"target\":{\"@type\":\"EntryPoint\",\"urlTemplate\":\"https:\/\/uhfp.centre-inffo.fr\/2025\/?s={search_term_string}\"},\"query-input\":\"required name=search_term_string\"}],\"inLanguage\":\"fr-FR\"},{\"@type\":\"Organization\",\"@id\":\"https:\/\/uhfp.centre-inffo.fr\/2025\/#organization\",\"name\":\"Centre Inffo\",\"url\":\"https:\/\/uhfp.centre-inffo.fr\/2025\/\",\"logo\":{\"@type\":\"ImageObject\",\"inLanguage\":\"fr-FR\",\"@id\":\"https:\/\/uhfp.centre-inffo.fr\/2025\/#\/schema\/logo\/image\/\",\"url\":\"https:\/\/uhfp.centre-inffo.fr\/2025\/wp-content\/uploads\/2024\/02\/logo-19e-uhfp.png\",\"contentUrl\":\"https:\/\/uhfp.centre-inffo.fr\/2025\/wp-content\/uploads\/2024\/02\/logo-19e-uhfp.png\",\"width\":842,\"height\":595,\"caption\":\"Centre Inffo\"},\"image\":{\"@id\":\"https:\/\/uhfp.centre-inffo.fr\/2025\/#\/schema\/logo\/image\/\"},\"sameAs\":[\"https:\/\/www.facebook.com\/centreinffo\",\"https:\/\/twitter.com\/centreinffo\",\"https:\/\/www.linkedin.com\/company\/centre-inffo\/\",\"https:\/\/www.youtube.com\/user\/centreinffo\"]}]}<\/script>\n<!-- \/ Yoast SEO plugin. -->","yoast_head_json":{"title":"Jean-Patrick Gille - 19e Universit\u00e9 d&#039;Hiver de la Formation Professionnelle","robots":{"index":"index","follow":"follow","max-snippet":"max-snippet:-1","max-image-preview":"max-image-preview:large","max-video-preview":"max-video-preview:-1"},"canonical":"https:\/\/uhfp.centre-inffo.fr\/2025\/jean-patrick-gille\/","og_locale":"fr_FR","og_type":"article","og_title":"Jean-Patrick Gille - 19e Universit\u00e9 d&#039;Hiver de la Formation Professionnelle","og_description":"N\u00e9 le 28 janvier 1962 \u00e0 \u00c9commoy (Sarthe), Jean-Patrick GILLE est un homme politique fran\u00e7ais, sp\u00e9cialiste des questions de formation professionnelle et d&rsquo;insertion des jeunes. Implant\u00e9 \u00e0 Tours, il a \u00e9t\u00e9 Conseiller municipal de Tours jusqu&rsquo;en 2015, apr\u00e8s avoir \u00e9t\u00e9 Premier Adjoint au maire de 1995 \u00e0 2007. R\u00e9\u00e9lu en 2020, il est conseiller d\u00e9l\u00e9gu\u00e9 ... Lire la suite","og_url":"https:\/\/uhfp.centre-inffo.fr\/2025\/jean-patrick-gille\/","og_site_name":"19e Universit\u00e9 d&#039;Hiver de la Formation Professionnelle","article_publisher":"https:\/\/www.facebook.com\/centreinffo","article_modified_time":"2025-01-20T16:52:34+00:00","og_image":[{"width":600,"height":600,"url":"https:\/\/uhfp.centre-inffo.fr\/2025\/wp-content\/uploads\/2025\/01\/gille.jpg","type":"image\/jpeg"}],"twitter_card":"summary_large_image","twitter_site":"@centreinffo","twitter_misc":{"Dur\u00e9e de lecture estim\u00e9e":"2 minutes"},"schema":{"@context":"https:\/\/schema.org","@graph":[{"@type":"WebPage","@id":"https:\/\/uhfp.centre-inffo.fr\/2025\/jean-patrick-gille\/","url":"https:\/\/uhfp.centre-inffo.fr\/2025\/jean-patrick-gille\/","name":"Jean-Patrick Gille - 19e Universit\u00e9 d&#039;Hiver de la Formation Professionnelle","isPartOf":{"@id":"https:\/\/uhfp.centre-inffo.fr\/2025\/#website"},"primaryImageOfPage":{"@id":"https:\/\/uhfp.centre-inffo.fr\/2025\/jean-patrick-gille\/#primaryimage"},"image":{"@id":"https:\/\/uhfp.centre-inffo.fr\/2025\/jean-patrick-gille\/#primaryimage"},"thumbnailUrl":"https:\/\/uhfp.centre-inffo.fr\/2025\/wp-content\/uploads\/2025\/01\/gille.jpg","datePublished":"2023-07-25T07:01:00+00:00","dateModified":"2025-01-20T16:52:34+00:00","breadcrumb":{"@id":"https:\/\/uhfp.centre-inffo.fr\/2025\/jean-patrick-gille\/#breadcrumb"},"inLanguage":"fr-FR","potentialAction":[{"@type":"ReadAction","target":["https:\/\/uhfp.centre-inffo.fr\/2025\/jean-patrick-gille\/"]}]},{"@type":"ImageObject","inLanguage":"fr-FR","@id":"https:\/\/uhfp.centre-inffo.fr\/2025\/jean-patrick-gille\/#primaryimage","url":"https:\/\/uhfp.centre-inffo.fr\/2025\/wp-content\/uploads\/2025\/01\/gille.jpg","contentUrl":"https:\/\/uhfp.centre-inffo.fr\/2025\/wp-content\/uploads\/2025\/01\/gille.jpg","width":600,"height":600},{"@type":"BreadcrumbList","@id":"https:\/\/uhfp.centre-inffo.fr\/2025\/jean-patrick-gille\/#breadcrumb","itemListElement":[{"@type":"ListItem","position":1,"name":"Accueil","item":"https:\/\/uhfp.centre-inffo.fr\/2025\/"},{"@type":"ListItem","position":2,"name":"Intervenants","item":"https:\/\/uhfp.centre-inffo.fr\/2025\/rubrique\/intervenants\/"},{"@type":"ListItem","position":3,"name":"Jean-Patrick Gille"}]},{"@type":"WebSite","@id":"https:\/\/uhfp.centre-inffo.fr\/2025\/#website","url":"https:\/\/uhfp.centre-inffo.fr\/2025\/","name":"19e Universit\u00e9 d'Hiver de la Formation Professionnelle","description":"Du 22 au 24 janvier 2025, au Palais des Festivals de Cannes","publisher":{"@id":"https:\/\/uhfp.centre-inffo.fr\/2025\/#organization"},"alternateName":"19e UHFP","potentialAction":[{"@type":"SearchAction","target":{"@type":"EntryPoint","urlTemplate":"https:\/\/uhfp.centre-inffo.fr\/2025\/?s={search_term_string}"},"query-input":"required name=search_term_string"}],"inLanguage":"fr-FR"},{"@type":"Organization","@id":"https:\/\/uhfp.centre-inffo.fr\/2025\/#organization","name":"Centre Inffo","url":"https:\/\/uhfp.centre-inffo.fr\/2025\/","logo":{"@type":"ImageObject","inLanguage":"fr-FR","@id":"https:\/\/uhfp.centre-inffo.fr\/2025\/#\/schema\/logo\/image\/","url":"https:\/\/uhfp.centre-inffo.fr\/2025\/wp-content\/uploads\/2024\/02\/logo-19e-uhfp.png","contentUrl":"https:\/\/uhfp.centre-inffo.fr\/2025\/wp-content\/uploads\/2024\/02\/logo-19e-uhfp.png","width":842,"height":595,"caption":"Centre Inffo"},"image":{"@id":"https:\/\/uhfp.centre-inffo.fr\/2025\/#\/schema\/logo\/image\/"},"sameAs":["https:\/\/www.facebook.com\/centreinffo","https:\/\/twitter.com\/centreinffo","https:\/\/www.linkedin.com\/company\/centre-inffo\/","https:\/\/www.youtube.com\/user\/centreinffo"]}]}},"_links":{"self":[{"href":"https:\/\/uhfp.centre-inffo.fr\/2025\/wp-json\/wp\/v2\/pages\/8367"}],"collection":[{"href":"https:\/\/uhfp.centre-inffo.fr\/2025\/wp-json\/wp\/v2\/pages"}],"about":[{"href":"https:\/\/uhfp.centre-inffo.fr\/2025\/wp-json\/wp\/v2\/types\/page"}],"author":[{"embeddable":true,"href":"https:\/\/uhfp.centre-inffo.fr\/2025\/wp-json\/wp\/v2\/users\/2"}],"replies":[{"embeddable":true,"href":"https:\/\/uhfp.centre-inffo.fr\/2025\/wp-json\/wp\/v2\/comments?post=8367"}],"version-history":[{"count":6,"href":"https:\/\/uhfp.centre-inffo.fr\/2025\/wp-json\/wp\/v2\/pages\/8367\/revisions"}],"predecessor-version":[{"id":8705,"href":"https:\/\/uhfp.centre-inffo.fr\/2025\/wp-json\/wp\/v2\/pages\/8367\/revisions\/8705"}],"wp:featuredmedia":[{"embeddable":true,"href":"https:\/\/uhfp.centre-inffo.fr\/2025\/wp-json\/wp\/v2\/media\/8369"}],"wp:attachment":[{"href":"https:\/\/uhfp.centre-inffo.fr\/2025\/wp-json\/wp\/v2\/media?parent=8367"}],"wp:term":[{"taxonomy":"category","embeddable":true,"href":"https:\/\/uhfp.centre-inffo.fr\/2025\/wp-json\/wp\/v2\/categories?post=8367"},{"taxonomy":"post_tag","embeddable":true,"href":"https:\/\/uhfp.centre-inffo.fr\/2025\/wp-json\/wp\/v2\/tags?post=8367"}],"curies":[{"name":"wp","href":"https:\/\/api.w.org\/{rel}","templated":true}]}}