{"id":8637,"date":"2024-01-09T15:30:00","date_gmt":"2024-01-09T14:30:00","guid":{"rendered":"https:\/\/uhfp.centre-inffo.fr\/2025\/?page_id=8637"},"modified":"2025-01-21T19:28:40","modified_gmt":"2025-01-21T18:28:40","slug":"anne-valerie-aubouin","status":"publish","type":"page","link":"https:\/\/uhfp.centre-inffo.fr\/2025\/anne-valerie-aubouin\/","title":{"rendered":"Anne-Val\u00e9rie Aubouin"},"content":{"rendered":"\n<hr class=\"wp-block-separator has-alpha-channel-opacity\"\/>\n\n\n\n<p>Actuellement Directrice de la prospective \u00e0 l&rsquo;AFPA, j\u2019occupe ce poste depuis septembre 2022 apr\u00e8s un parcours professionnel dans le champ des mutations \u00e9conomiques, le secteur de la formation professionnelle et un parcours acad\u00e9mique en sciences sociales. Je suis responsable de la Mission Nationale de Service Public de l&rsquo;AFPA prospective m\u00e9tiers et territoire financ\u00e9e par l\u2019Etat pour le compte de la DGEFP et des services d\u00e9concentr\u00e9s de l\u2019Etat (DREETS\/DDETS). <\/p>\n\n\n\n<p>L\u2019expertise prospective Afpa c\u2019est : \u00ab Aider \u00e0 comprendre aujourd\u2019hui pour co-construire demain, de l\u2019\u00e9chelle nationale au plus petit maillage territorial \u00bb. Anticiper les \u00e9volutions du march\u00e9 du travail \u00e0 partir de l\u2019analyse du travail, en tirer des enseignements sur les besoins en comp\u00e9tences des entreprises et des territoires sont des enjeux majeurs pour l\u2019\u00e9conomie et la soci\u00e9t\u00e9, notamment \u00e0 l\u2019aune des grandes transitions num\u00e9riques, \u00e9nerg\u00e9tiques, d\u00e9mographiques et professionnelles. La prospective Afpa prend appui sur une d\u00e9marche de terrain aupr\u00e8s des acteurs de l\u2019emploi, de la formation et des acteurs \u00e9conomiques. Le volet national se concentre sur le d\u00e9veloppement d&rsquo;une expertise pour anticiper et d\u00e9velopper l&#8217;emploi, en r\u00e9alisant des \u00e9tudes prospectives et des diagnostics de la relation emploi-formation. <\/p>\n\n\n\n<p>Le volet territorial, quant \u00e0 lui, vise \u00e0 accompagner les DREETS et les DDETS sur le continuum emploi-formation \u00e0 travers des \u00e9tudes territorialis\u00e9es et des d\u00e9marches GPEC. Membre du R\u00e9seau Emploi Comp\u00e9tences de France Strat\u00e9gie, je participe aux travaux de la feuille de route sur les Micro-certifications professionnelles et sur transition \u00e9cologique, emplois et comp\u00e9tences. L\u2019Agence \u00e9tant un membre fondateur de l\u2019ONEMEV (Observatoire National des Emplois et des M\u00e9tiers de l\u2019Economie Verte) et participant au comit\u00e9 de pilotage de l&rsquo;observatoire, j&rsquo;interviens \u00e9galement sur les travaux portant sur l\u2019analyse de l\u2019impact de la TE sur les m\u00e9tiers, comp\u00e9tences, formations.<\/p>\n\n\n\n<h2 class=\"wp-block-heading\">Intervention<\/h2>\n\n\n\n<ul>\n<li><strong><em>D41.1TR<\/em><\/strong><br><a href=\"https:\/\/uhfp.centre-inffo.fr\/2025\/la-certification-professionnelle-au-crible-des-enjeux-environnementaux-centre-inffo\/\">La certification professionnelle au crible des enjeux environnementaux<\/a><\/li>\n<\/ul>\n","protected":false},"excerpt":{"rendered":"<p>Actuellement Directrice de la prospective \u00e0 l&rsquo;AFPA, j\u2019occupe ce poste depuis septembre 2022 apr\u00e8s un parcours professionnel dans le champ des mutations \u00e9conomiques, le secteur de la formation professionnelle et un parcours acad\u00e9mique en sciences sociales. Je suis responsable de la Mission Nationale de Service Public de l&rsquo;AFPA prospective m\u00e9tiers et territoire financ\u00e9e par l\u2019Etat &#8230; <a title=\"Anne-Val\u00e9rie Aubouin\" class=\"read-more\" href=\"https:\/\/uhfp.centre-inffo.fr\/2025\/anne-valerie-aubouin\/\" aria-label=\"Read more about Anne-Val\u00e9rie Aubouin\">Lire la suite<\/a><\/p>\n","protected":false},"author":2,"featured_media":8782,"parent":0,"menu_order":0,"comment_status":"closed","ping_status":"closed","template":"","meta":{"_acf_changed":false,"footnotes":""},"categories":[9],"tags":[],"acf":[],"yoast_head":"<!-- This site is optimized with the Yoast SEO plugin v22.4 - https:\/\/yoast.com\/wordpress\/plugins\/seo\/ -->\n<title>Anne-Val\u00e9rie Aubouin - 19e Universit\u00e9 d&#039;Hiver de la Formation Professionnelle<\/title>\n<meta name=\"robots\" content=\"index, follow, max-snippet:-1, max-image-preview:large, max-video-preview:-1\" \/>\n<link rel=\"canonical\" href=\"https:\/\/uhfp.centre-inffo.fr\/2025\/anne-valerie-aubouin\/\" \/>\n<meta property=\"og:locale\" content=\"fr_FR\" \/>\n<meta property=\"og:type\" content=\"article\" \/>\n<meta property=\"og:title\" content=\"Anne-Val\u00e9rie Aubouin - 19e Universit\u00e9 d&#039;Hiver de la Formation Professionnelle\" \/>\n<meta property=\"og:description\" content=\"Actuellement Directrice de la prospective \u00e0 l&rsquo;AFPA, j\u2019occupe ce poste depuis septembre 2022 apr\u00e8s un parcours professionnel dans le champ des mutations \u00e9conomiques, le secteur de la formation professionnelle et un parcours acad\u00e9mique en sciences sociales. Je suis responsable de la Mission Nationale de Service Public de l&rsquo;AFPA prospective m\u00e9tiers et territoire financ\u00e9e par l\u2019Etat ... Lire la suite\" \/>\n<meta property=\"og:url\" content=\"https:\/\/uhfp.centre-inffo.fr\/2025\/anne-valerie-aubouin\/\" \/>\n<meta property=\"og:site_name\" content=\"19e Universit\u00e9 d&#039;Hiver de la Formation Professionnelle\" \/>\n<meta property=\"article:publisher\" content=\"https:\/\/www.facebook.com\/centreinffo\" \/>\n<meta property=\"article:modified_time\" content=\"2025-01-21T18:28:40+00:00\" \/>\n<meta property=\"og:image\" content=\"https:\/\/uhfp.centre-inffo.fr\/2025\/wp-content\/uploads\/2025\/01\/aubouin.jpg\" \/>\n\t<meta property=\"og:image:width\" content=\"600\" \/>\n\t<meta property=\"og:image:height\" content=\"600\" \/>\n\t<meta property=\"og:image:type\" content=\"image\/jpeg\" \/>\n<meta name=\"twitter:card\" content=\"summary_large_image\" \/>\n<meta name=\"twitter:site\" content=\"@centreinffo\" \/>\n<meta name=\"twitter:label1\" content=\"Dur\u00e9e de lecture estim\u00e9e\" \/>\n\t<meta name=\"twitter:data1\" content=\"2 minutes\" \/>\n<script type=\"application\/ld+json\" class=\"yoast-schema-graph\">{\"@context\":\"https:\/\/schema.org\",\"@graph\":[{\"@type\":\"WebPage\",\"@id\":\"https:\/\/uhfp.centre-inffo.fr\/2025\/anne-valerie-aubouin\/\",\"url\":\"https:\/\/uhfp.centre-inffo.fr\/2025\/anne-valerie-aubouin\/\",\"name\":\"Anne-Val\u00e9rie Aubouin - 19e Universit\u00e9 d&#039;Hiver de la Formation Professionnelle\",\"isPartOf\":{\"@id\":\"https:\/\/uhfp.centre-inffo.fr\/2025\/#website\"},\"primaryImageOfPage\":{\"@id\":\"https:\/\/uhfp.centre-inffo.fr\/2025\/anne-valerie-aubouin\/#primaryimage\"},\"image\":{\"@id\":\"https:\/\/uhfp.centre-inffo.fr\/2025\/anne-valerie-aubouin\/#primaryimage\"},\"thumbnailUrl\":\"https:\/\/uhfp.centre-inffo.fr\/2025\/wp-content\/uploads\/2025\/01\/aubouin.jpg\",\"datePublished\":\"2024-01-09T14:30:00+00:00\",\"dateModified\":\"2025-01-21T18:28:40+00:00\",\"breadcrumb\":{\"@id\":\"https:\/\/uhfp.centre-inffo.fr\/2025\/anne-valerie-aubouin\/#breadcrumb\"},\"inLanguage\":\"fr-FR\",\"potentialAction\":[{\"@type\":\"ReadAction\",\"target\":[\"https:\/\/uhfp.centre-inffo.fr\/2025\/anne-valerie-aubouin\/\"]}]},{\"@type\":\"ImageObject\",\"inLanguage\":\"fr-FR\",\"@id\":\"https:\/\/uhfp.centre-inffo.fr\/2025\/anne-valerie-aubouin\/#primaryimage\",\"url\":\"https:\/\/uhfp.centre-inffo.fr\/2025\/wp-content\/uploads\/2025\/01\/aubouin.jpg\",\"contentUrl\":\"https:\/\/uhfp.centre-inffo.fr\/2025\/wp-content\/uploads\/2025\/01\/aubouin.jpg\",\"width\":600,\"height\":600},{\"@type\":\"BreadcrumbList\",\"@id\":\"https:\/\/uhfp.centre-inffo.fr\/2025\/anne-valerie-aubouin\/#breadcrumb\",\"itemListElement\":[{\"@type\":\"ListItem\",\"position\":1,\"name\":\"Accueil\",\"item\":\"https:\/\/uhfp.centre-inffo.fr\/2025\/\"},{\"@type\":\"ListItem\",\"position\":2,\"name\":\"Intervenants\",\"item\":\"https:\/\/uhfp.centre-inffo.fr\/2025\/rubrique\/intervenants\/\"},{\"@type\":\"ListItem\",\"position\":3,\"name\":\"Anne-Val\u00e9rie Aubouin\"}]},{\"@type\":\"WebSite\",\"@id\":\"https:\/\/uhfp.centre-inffo.fr\/2025\/#website\",\"url\":\"https:\/\/uhfp.centre-inffo.fr\/2025\/\",\"name\":\"19e Universit\u00e9 d'Hiver de la Formation Professionnelle\",\"description\":\"Du 22 au 24 janvier 2025, au Palais des Festivals de Cannes\",\"publisher\":{\"@id\":\"https:\/\/uhfp.centre-inffo.fr\/2025\/#organization\"},\"alternateName\":\"19e UHFP\",\"potentialAction\":[{\"@type\":\"SearchAction\",\"target\":{\"@type\":\"EntryPoint\",\"urlTemplate\":\"https:\/\/uhfp.centre-inffo.fr\/2025\/?s={search_term_string}\"},\"query-input\":\"required name=search_term_string\"}],\"inLanguage\":\"fr-FR\"},{\"@type\":\"Organization\",\"@id\":\"https:\/\/uhfp.centre-inffo.fr\/2025\/#organization\",\"name\":\"Centre Inffo\",\"url\":\"https:\/\/uhfp.centre-inffo.fr\/2025\/\",\"logo\":{\"@type\":\"ImageObject\",\"inLanguage\":\"fr-FR\",\"@id\":\"https:\/\/uhfp.centre-inffo.fr\/2025\/#\/schema\/logo\/image\/\",\"url\":\"https:\/\/uhfp.centre-inffo.fr\/2025\/wp-content\/uploads\/2024\/02\/logo-19e-uhfp.png\",\"contentUrl\":\"https:\/\/uhfp.centre-inffo.fr\/2025\/wp-content\/uploads\/2024\/02\/logo-19e-uhfp.png\",\"width\":842,\"height\":595,\"caption\":\"Centre Inffo\"},\"image\":{\"@id\":\"https:\/\/uhfp.centre-inffo.fr\/2025\/#\/schema\/logo\/image\/\"},\"sameAs\":[\"https:\/\/www.facebook.com\/centreinffo\",\"https:\/\/twitter.com\/centreinffo\",\"https:\/\/www.linkedin.com\/company\/centre-inffo\/\",\"https:\/\/www.youtube.com\/user\/centreinffo\"]}]}<\/script>\n<!-- \/ Yoast SEO plugin. -->","yoast_head_json":{"title":"Anne-Val\u00e9rie Aubouin - 19e Universit\u00e9 d&#039;Hiver de la Formation Professionnelle","robots":{"index":"index","follow":"follow","max-snippet":"max-snippet:-1","max-image-preview":"max-image-preview:large","max-video-preview":"max-video-preview:-1"},"canonical":"https:\/\/uhfp.centre-inffo.fr\/2025\/anne-valerie-aubouin\/","og_locale":"fr_FR","og_type":"article","og_title":"Anne-Val\u00e9rie Aubouin - 19e Universit\u00e9 d&#039;Hiver de la Formation Professionnelle","og_description":"Actuellement Directrice de la prospective \u00e0 l&rsquo;AFPA, j\u2019occupe ce poste depuis septembre 2022 apr\u00e8s un parcours professionnel dans le champ des mutations \u00e9conomiques, le secteur de la formation professionnelle et un parcours acad\u00e9mique en sciences sociales. Je suis responsable de la Mission Nationale de Service Public de l&rsquo;AFPA prospective m\u00e9tiers et territoire financ\u00e9e par l\u2019Etat ... Lire la suite","og_url":"https:\/\/uhfp.centre-inffo.fr\/2025\/anne-valerie-aubouin\/","og_site_name":"19e Universit\u00e9 d&#039;Hiver de la Formation Professionnelle","article_publisher":"https:\/\/www.facebook.com\/centreinffo","article_modified_time":"2025-01-21T18:28:40+00:00","og_image":[{"width":600,"height":600,"url":"https:\/\/uhfp.centre-inffo.fr\/2025\/wp-content\/uploads\/2025\/01\/aubouin.jpg","type":"image\/jpeg"}],"twitter_card":"summary_large_image","twitter_site":"@centreinffo","twitter_misc":{"Dur\u00e9e de lecture estim\u00e9e":"2 minutes"},"schema":{"@context":"https:\/\/schema.org","@graph":[{"@type":"WebPage","@id":"https:\/\/uhfp.centre-inffo.fr\/2025\/anne-valerie-aubouin\/","url":"https:\/\/uhfp.centre-inffo.fr\/2025\/anne-valerie-aubouin\/","name":"Anne-Val\u00e9rie Aubouin - 19e Universit\u00e9 d&#039;Hiver de la Formation Professionnelle","isPartOf":{"@id":"https:\/\/uhfp.centre-inffo.fr\/2025\/#website"},"primaryImageOfPage":{"@id":"https:\/\/uhfp.centre-inffo.fr\/2025\/anne-valerie-aubouin\/#primaryimage"},"image":{"@id":"https:\/\/uhfp.centre-inffo.fr\/2025\/anne-valerie-aubouin\/#primaryimage"},"thumbnailUrl":"https:\/\/uhfp.centre-inffo.fr\/2025\/wp-content\/uploads\/2025\/01\/aubouin.jpg","datePublished":"2024-01-09T14:30:00+00:00","dateModified":"2025-01-21T18:28:40+00:00","breadcrumb":{"@id":"https:\/\/uhfp.centre-inffo.fr\/2025\/anne-valerie-aubouin\/#breadcrumb"},"inLanguage":"fr-FR","potentialAction":[{"@type":"ReadAction","target":["https:\/\/uhfp.centre-inffo.fr\/2025\/anne-valerie-aubouin\/"]}]},{"@type":"ImageObject","inLanguage":"fr-FR","@id":"https:\/\/uhfp.centre-inffo.fr\/2025\/anne-valerie-aubouin\/#primaryimage","url":"https:\/\/uhfp.centre-inffo.fr\/2025\/wp-content\/uploads\/2025\/01\/aubouin.jpg","contentUrl":"https:\/\/uhfp.centre-inffo.fr\/2025\/wp-content\/uploads\/2025\/01\/aubouin.jpg","width":600,"height":600},{"@type":"BreadcrumbList","@id":"https:\/\/uhfp.centre-inffo.fr\/2025\/anne-valerie-aubouin\/#breadcrumb","itemListElement":[{"@type":"ListItem","position":1,"name":"Accueil","item":"https:\/\/uhfp.centre-inffo.fr\/2025\/"},{"@type":"ListItem","position":2,"name":"Intervenants","item":"https:\/\/uhfp.centre-inffo.fr\/2025\/rubrique\/intervenants\/"},{"@type":"ListItem","position":3,"name":"Anne-Val\u00e9rie Aubouin"}]},{"@type":"WebSite","@id":"https:\/\/uhfp.centre-inffo.fr\/2025\/#website","url":"https:\/\/uhfp.centre-inffo.fr\/2025\/","name":"19e Universit\u00e9 d'Hiver de la Formation Professionnelle","description":"Du 22 au 24 janvier 2025, au Palais des Festivals de Cannes","publisher":{"@id":"https:\/\/uhfp.centre-inffo.fr\/2025\/#organization"},"alternateName":"19e UHFP","potentialAction":[{"@type":"SearchAction","target":{"@type":"EntryPoint","urlTemplate":"https:\/\/uhfp.centre-inffo.fr\/2025\/?s={search_term_string}"},"query-input":"required name=search_term_string"}],"inLanguage":"fr-FR"},{"@type":"Organization","@id":"https:\/\/uhfp.centre-inffo.fr\/2025\/#organization","name":"Centre Inffo","url":"https:\/\/uhfp.centre-inffo.fr\/2025\/","logo":{"@type":"ImageObject","inLanguage":"fr-FR","@id":"https:\/\/uhfp.centre-inffo.fr\/2025\/#\/schema\/logo\/image\/","url":"https:\/\/uhfp.centre-inffo.fr\/2025\/wp-content\/uploads\/2024\/02\/logo-19e-uhfp.png","contentUrl":"https:\/\/uhfp.centre-inffo.fr\/2025\/wp-content\/uploads\/2024\/02\/logo-19e-uhfp.png","width":842,"height":595,"caption":"Centre Inffo"},"image":{"@id":"https:\/\/uhfp.centre-inffo.fr\/2025\/#\/schema\/logo\/image\/"},"sameAs":["https:\/\/www.facebook.com\/centreinffo","https:\/\/twitter.com\/centreinffo","https:\/\/www.linkedin.com\/company\/centre-inffo\/","https:\/\/www.youtube.com\/user\/centreinffo"]}]}},"_links":{"self":[{"href":"https:\/\/uhfp.centre-inffo.fr\/2025\/wp-json\/wp\/v2\/pages\/8637"}],"collection":[{"href":"https:\/\/uhfp.centre-inffo.fr\/2025\/wp-json\/wp\/v2\/pages"}],"about":[{"href":"https:\/\/uhfp.centre-inffo.fr\/2025\/wp-json\/wp\/v2\/types\/page"}],"author":[{"embeddable":true,"href":"https:\/\/uhfp.centre-inffo.fr\/2025\/wp-json\/wp\/v2\/users\/2"}],"replies":[{"embeddable":true,"href":"https:\/\/uhfp.centre-inffo.fr\/2025\/wp-json\/wp\/v2\/comments?post=8637"}],"version-history":[{"count":4,"href":"https:\/\/uhfp.centre-inffo.fr\/2025\/wp-json\/wp\/v2\/pages\/8637\/revisions"}],"predecessor-version":[{"id":8878,"href":"https:\/\/uhfp.centre-inffo.fr\/2025\/wp-json\/wp\/v2\/pages\/8637\/revisions\/8878"}],"wp:featuredmedia":[{"embeddable":true,"href":"https:\/\/uhfp.centre-inffo.fr\/2025\/wp-json\/wp\/v2\/media\/8782"}],"wp:attachment":[{"href":"https:\/\/uhfp.centre-inffo.fr\/2025\/wp-json\/wp\/v2\/media?parent=8637"}],"wp:term":[{"taxonomy":"category","embeddable":true,"href":"https:\/\/uhfp.centre-inffo.fr\/2025\/wp-json\/wp\/v2\/categories?post=8637"},{"taxonomy":"post_tag","embeddable":true,"href":"https:\/\/uhfp.centre-inffo.fr\/2025\/wp-json\/wp\/v2\/tags?post=8637"}],"curies":[{"name":"wp","href":"https:\/\/api.w.org\/{rel}","templated":true}]}}